{"id":100440,"date":"2023-07-06T12:46:12","date_gmt":"2023-07-06T12:46:12","guid":{"rendered":"https:\/\/abroadescape.com\/de\/?page_id=100440"},"modified":"2026-05-08T01:25:58","modified_gmt":"2026-05-08T01:25:58","slug":"nepal","status":"publish","type":"page","link":"https:\/\/abroadescape.com\/de\/nepal\/","title":{"rendered":"Nepal"},"content":{"rendered":"<div class=\"et_pb_section_0 et_pb_section et_pb_fullwidth_section et_section_regular et_block_section\">\n<section class=\"et_pb_fullwidth_header_0 et_pb_fullwidth_header et_pb_fullscreen et_pb_bg_layout_dark et_pb_text_align_center et_pb_module et_flex_module\"><div class=\"et_pb_fullwidth_header_container center\"><div class=\"header-content-container center\"><div class=\"header-content et_flex_module\"><h1 class=\"et_pb_module_header\">Freiwilligenarbeit in Nepal<\/h1><span class=\"et_pb_fullwidth_header_subhead\">1\u20138 Wochen | ab 595 \u20ac | 11 Projekte<\/span><div class=\"et_pb_header_button_wrapper\"><a class=\"et_pb_button et_pb_more_button et_pb_button_one\" href=\"https:\/\/abroadescape.com\/de\/buchen\/\">Jetzt buchen<\/a><\/div><\/div><\/div><\/div><div class=\"et_pb_fullwidth_header_overlay\"><\/div><div class=\"et_pb_fullwidth_header_scroll\"><\/div><\/section>\n<\/div>\n\n<div class=\"et_pb_section_1 et_pb_section et_section_regular et_block_section section_has_divider et_pb_bottom_divider\">\n<div class=\"et_pb_row_0 et_pb_row et_pb_equal_columns et_block_row\">\n<div class=\"et_pb_column_0 et_pb_column et_pb_column_1_2 et_block_column et_pb_css_mix_blend_mode_passthrough\">\n<div class=\"et_pb_text_0 et_pb_text et_pb_bg_layout_light et_pb_module et_block_module\"><div class=\"et_pb_text_inner\"><div class=\"col-lg-6\">\n<div class=\"hero-title pr-lg-5\">\n<p>Erlebe das Abenteuer deines Lebens mit Freiwilligenarbeit in Nepal. Unsere Freiwilligenprogramme in Nepal bieten dir die M\u00f6glichkeit, deinen eigenen Zeitplan f\u00fcr die lohnenswertesten und effektivsten Freiwilligenprojekte zu erstellen.<\/p>\n<\/div>\n<\/div>\n<\/div><\/div>\n\n<div class=\"et_pb_module et_pb_button_module_wrapper et_pb_button_0_wrapper preset--module--divi-button--79cd1246-7730-49fe-a52e-77d06003d6a6_wrapper\"><a class=\"et_pb_button_0 et_pb_button et_pb_bg_layout_light et_pb_module et_block_module preset--module--divi-button--79cd1246-7730-49fe-a52e-77d06003d6a6\" href=\"https:\/\/abroadescape.com\/de\/buchen\/\">Jetzt anmelden<\/a><\/div>\n<\/div>\n\n<div class=\"et_pb_column_1 et_pb_column et_pb_column_1_2 et-last-child et_block_column et_pb_css_mix_blend_mode_passthrough\">\n<div class=\"et_pb_image_0 et_pb_image et_pb_module et_block_module\"><span class=\"et_pb_image_wrap\"><img loading=\"lazy\" decoding=\"async\" src=\"https:\/\/abroadescape.com\/de\/wp-content\/uploads\/sites\/3\/2023\/07\/Nepal-IMG_6704.jpeg\" width=\"900\" height=\"600\" srcset=\"https:\/\/abroadescape.com\/de\/wp-content\/uploads\/sites\/3\/2023\/07\/Nepal-IMG_6704.jpeg 900w, https:\/\/abroadescape.com\/de\/wp-content\/uploads\/sites\/3\/2023\/07\/Nepal-IMG_6704-480x320.jpeg 480w\" sizes=\"(min-width: 0px) and (max-width: 480px) 480px, (min-width: 481px) 900px, 100vw\" class=\"wp-image-100456\" title=\"Nepal-IMG_6704\" \/><\/span><\/div>\n<\/div>\n<\/div>\n<div class=\"et_pb_bottom_inside_divider et-no-transition\"><\/div><\/div>\n\n<div class=\"et_pb_section_2 et_pb_section et_section_regular et_block_section\">\n<div class=\"et_pb_row_1 et_pb_row et_block_row\">\n<div class=\"et_pb_column_2 et_pb_column et_pb_column_4_4 et-last-child et_block_column et_pb_css_mix_blend_mode_passthrough\">\n<div class=\"et_pb_text_1 et_pb_text et_pb_bg_layout_light et_pb_module et_block_module\"><div class=\"et_pb_text_inner\"><h3>Erstellen Sie Ihr eigenes, einzigartiges Programm in<span style=\"color: #ff8057;\"> Nepal<\/span><\/h3>\n<\/div><\/div>\n\n<div class=\"et_pb_text_2 et_pb_text et_pb_bg_layout_light et_pb_module et_block_module\"><div class=\"et_pb_text_inner\"><p>Bei uns k\u00f6nnen Sie Woche f\u00fcr Woche Ihren eigenen Zeitplan f\u00fcr die Freiwilligenarbeit zusammenstellen und so Ihr eigenes, einzigartiges Freiwilligenprogramm schaffen, das Ihren Leidenschaften und Interessen entspricht.<\/p>\n<p>Sie k\u00f6nnen jeden Montag beginnen und zwischen 1 und 8 Wochen bleiben. Sie k\u00f6nnen, m\u00fcssen aber nicht mit einer Kulturwoche beginnen. In dieser Woche lernen Sie das Land, die Kultur und die Sprache kennen.<\/p>\n<\/div><\/div>\n\n<div class=\"et_pb_image_1 et_pb_image et_pb_module et_block_module\"><span class=\"et_pb_image_wrap\"><img loading=\"lazy\" decoding=\"async\" src=\"https:\/\/abroadescape.com\/de\/wp-content\/uploads\/sites\/3\/2023\/07\/Nepal-P1390910.jpeg\" width=\"900\" height=\"676\" srcset=\"https:\/\/abroadescape.com\/de\/wp-content\/uploads\/sites\/3\/2023\/07\/Nepal-P1390910.jpeg 900w, https:\/\/abroadescape.com\/de\/wp-content\/uploads\/sites\/3\/2023\/07\/Nepal-P1390910-480x361.jpeg 480w\" sizes=\"(min-width: 0px) and (max-width: 480px) 480px, (min-width: 481px) 900px, 100vw\" class=\"wp-image-100460\" title=\"nepal-kathmandu-_Kathmandu - Introduction_19-8\" \/><\/span><\/div>\n<\/div>\n<\/div>\n<\/div>\n\n<div class=\"et_pb_section_3 et_pb_section et_section_regular et_block_section\" id=\"read\">\n<div class=\"et_pb_row_2 et_pb_row et_pb_equal_columns et_block_row inline-buttons-row\">\n<div class=\"et_pb_column_3 et_pb_column et_pb_column_1_2 et_block_column et_pb_css_mix_blend_mode_passthrough\">\n<div class=\"et_pb_image_2 et_pb_image et_pb_module et_block_module\"><span class=\"et_pb_image_wrap\"><img loading=\"lazy\" decoding=\"async\" src=\"https:\/\/abroadescape.com\/de\/wp-content\/uploads\/sites\/3\/2023\/07\/Nepal-65A2943.jpg\" width=\"900\" height=\"600\" srcset=\"https:\/\/abroadescape.com\/de\/wp-content\/uploads\/sites\/3\/2023\/07\/Nepal-65A2943.jpg 900w, https:\/\/abroadescape.com\/de\/wp-content\/uploads\/sites\/3\/2023\/07\/Nepal-65A2943-480x320.jpg 480w\" sizes=\"(min-width: 0px) and (max-width: 480px) 480px, (min-width: 481px) 900px, 100vw\" class=\"wp-image-100462\" title=\"Nepal-65A2943\" alt=\"volunteer luang prabang laos\" \/><\/span><\/div>\n<\/div>\n\n<div class=\"et_pb_column_4 et_pb_column et_pb_column_1_2 et-last-child et_block_column et_pb_css_mix_blend_mode_passthrough\">\n<div class=\"et_pb_text_3 et_pb_text et_pb_bg_layout_light et_pb_module et_block_module\"><div class=\"et_pb_text_inner\"><h3>Willkommen in <span style=\"color: #ff8057;\">Nepal<\/span><\/h3>\n<\/div><\/div>\n\n<div class=\"et_pb_text_4 et_pb_text et_pb_bg_layout_light et_pb_module et_block_module\"><div class=\"et_pb_text_inner\"><p>Im Herzen S\u00fcdasiens liegt das bezaubernde Nepal, ein Land voller Naturwunder und kultureller Vielfalt. Seine Geographie bietet eine faszinierende Mischung aus fruchtbaren Ebenen, bewaldeten H\u00fcgeln von subalpiner Sch\u00f6nheit und einer majest\u00e4tischen Skyline, die von acht der h\u00f6chsten Gipfel der Welt geschm\u00fcckt wird, darunter der beeindruckende Mount Everest.<\/p>\n<\/div><\/div>\n<\/div>\n<\/div>\n<\/div>\n\n<div class=\"et_pb_section_4 et_pb_section et_section_regular et_block_section\">\n<div class=\"et_pb_row_3 et_pb_row et_block_row\">\n<div class=\"et_pb_column_5 et_pb_column et_pb_column_4_4 et-last-child et_block_column et_pb_css_mix_blend_mode_passthrough\">\n<div class=\"et_pb_text_5 et_pb_text et_pb_bg_layout_light et_pb_module et_block_module\"><div class=\"et_pb_text_inner\"><h3>Wir werden von unseren treuen Kunden <span style=\"color: #ff8057;\">geliebt &#x2665;&#xfe0f;<\/span><\/h3>\n<\/div><\/div>\n<\/div>\n<\/div>\n\n<div class=\"et_pb_row_4 et_pb_row et_block_row\">\n<div class=\"et_pb_column_6 et_pb_column et_pb_column_1_3 et_block_column et_pb_css_mix_blend_mode_passthrough\">\n<div class=\"et_pb_image_3 et_pb_image et_pb_module et_block_module\"><span class=\"et_pb_image_wrap\"><img decoding=\"async\" src=\"https:\/\/abroadescape.com\/nl\/wp-content\/uploads\/sites\/4\/2023\/06\/Ladinathai-test-Ladina-1.jpg\" title=\"Ladinathai-test-Ladina-1\" \/><\/span><\/div>\n\n<div class=\"et_pb_text_6 et_pb_text et_pb_bg_layout_light et_pb_module et_block_module\"><div class=\"et_pb_text_inner\"><div class=\"et_pb_module et_pb_de_mach_acf_item et_pb_de_mach_acf_item_0_tb_body et_pb_de_mach_alignment_center dmach-image-icon-placement-left\">\n<div class=\"et_pb_module_inner\">\n<div class=\"dmach-acf-item-containter\">\n<div class=\"dmach-acf-item-content\">\n<h3 class=\"dmach-acf-value\" style=\"text-align: left;\">Ladina<\/h3>\n<\/div>\n<\/div>\n<\/div>\n<\/div>\n<\/div><\/div>\n\n<div class=\"et_pb_text_7 et_pb_text et_pb_bg_layout_light et_pb_module et_block_module\"><div class=\"et_pb_text_inner\"><p>Ich bin nach Thailand gekommen und habe es sehr genossen. Es war eine tolle Erfahrung!<\/p>\n<\/div><\/div>\n<\/div>\n\n<div class=\"et_pb_column_7 et_pb_column et_pb_column_1_3 et_block_column et_pb_css_mix_blend_mode_passthrough\">\n<div class=\"et_pb_image_4 et_pb_image et_pb_module et_block_module\"><span class=\"et_pb_image_wrap\"><img decoding=\"async\" src=\"https:\/\/abroadescape.com\/nl\/wp-content\/uploads\/sites\/4\/2023\/06\/Noor-nepal.jpg\" title=\"Noor-nepal\" \/><\/span><\/div>\n\n<div class=\"et_pb_text_8 et_pb_text et_pb_bg_layout_light et_pb_module et_block_module\"><div class=\"et_pb_text_inner\"><div class=\"et_pb_module et_pb_de_mach_acf_item et_pb_de_mach_acf_item_0_tb_body et_pb_de_mach_alignment_center dmach-image-icon-placement-left\">\n<div class=\"et_pb_module_inner\">\n<div class=\"dmach-acf-item-containter\">\n<div class=\"dmach-acf-item-content\">\n<h3>Noor<\/h3>\n<\/div>\n<\/div>\n<\/div>\n<\/div>\n<\/div><\/div>\n\n<div class=\"et_pb_text_9 et_pb_text et_pb_bg_layout_light et_pb_module et_block_module\"><div class=\"et_pb_text_inner\"><p>Ich hatte eine sehr sch\u00f6ne Zeit und habe viel \u00fcber die Kultur gelernt.<\/p>\n<\/div><\/div>\n<\/div>\n\n<div class=\"et_pb_column_8 et_pb_column et_pb_column_1_3 et-last-child et_block_column et_pb_css_mix_blend_mode_passthrough\">\n<div class=\"et_pb_image_5 et_pb_image et_pb_module et_block_module\"><span class=\"et_pb_image_wrap\"><img decoding=\"async\" src=\"https:\/\/abroadescape.com\/nl\/wp-content\/uploads\/sites\/4\/2023\/06\/annelies-pics.jpg\" title=\"annelies-pics\" \/><\/span><\/div>\n\n<div class=\"et_pb_text_10 et_pb_text et_pb_bg_layout_light et_pb_module et_block_module\"><div class=\"et_pb_text_inner\"><div class=\"et_pb_module et_pb_de_mach_acf_item et_pb_de_mach_acf_item_0_tb_body et_pb_de_mach_alignment_center dmach-image-icon-placement-left\">\n<div class=\"et_pb_module_inner\">\n<div class=\"dmach-acf-item-containter\">\n<div class=\"dmach-acf-item-content\">\n<h3 class=\"dmach-acf-value\" style=\"text-align: left;\"><span>Anne<\/span><\/h3>\n<\/div>\n<\/div>\n<\/div>\n<\/div>\n<\/div><\/div>\n\n<div class=\"et_pb_text_11 et_pb_text et_pb_bg_layout_light et_pb_module et_block_module\"><div class=\"et_pb_text_inner\"><p>Es waren die besten zwei Wochen, die ich je erlebt habe.<\/p>\n<\/div><\/div>\n<\/div>\n<\/div>\n<\/div>\n\n<div class=\"et_pb_section_5 et_pb_section et_section_regular et_block_section\">\n<div class=\"et_pb_row_5 et_pb_row et_pb_equal_columns et_block_row\">\n<div class=\"et_pb_column_9 et_pb_column et_pb_column_4_4 et-last-child et_block_column et_pb_css_mix_blend_mode_passthrough\">\n<div class=\"et_pb_text_12 et_pb_text et_pb_bg_layout_light et_pb_module et_block_module\"><div class=\"et_pb_text_inner\"><h2>Ihre <span style=\"color: #ff8057;\">Anreise<\/span><\/h2>\n<p>Ihr Abenteuer beginnt bereits mit der Anreise, denn wir holen Sie am Sonntag vom Flughafen ab.<\/p>\n<p>Wenn Sie Ihr Programm buchen, erhalten Sie von uns alle notwendigen Ankunfts- und Kontaktinformationen. Das lokale Team erwartet Sie und bringt Sie zu Ihrer Unterkunft, wo Sie die anderen Freiwilligen aus der ganzen Welt treffen werden.<\/p>\n<\/div><\/div>\n<\/div>\n<\/div>\n\n<div class=\"et_pb_row_6 et_pb_row et_pb_equal_columns et_block_row\">\n<div class=\"et_pb_column_10 et_pb_column et_pb_column_1_2 et_block_column et_pb_css_mix_blend_mode_passthrough\">\n<div class=\"et_pb_image_6 et_pb_image et_pb_module et_block_module\"><span class=\"et_pb_image_wrap\"><img loading=\"lazy\" decoding=\"async\" src=\"https:\/\/abroadescape.com\/de\/wp-content\/uploads\/sites\/3\/2023\/08\/nepal-rajesh.jpg\" width=\"1000\" height=\"750\" srcset=\"https:\/\/abroadescape.com\/de\/wp-content\/uploads\/sites\/3\/2023\/08\/nepal-rajesh.jpg 1000w, https:\/\/abroadescape.com\/de\/wp-content\/uploads\/sites\/3\/2023\/08\/nepal-rajesh-980x735.jpg 980w, https:\/\/abroadescape.com\/de\/wp-content\/uploads\/sites\/3\/2023\/08\/nepal-rajesh-480x360.jpg 480w\" sizes=\"(min-width: 0px) and (max-width: 480px) 480px, (min-width: 481px) and (max-width: 980px) 980px, (min-width: 981px) 1000px, 100vw\" class=\"wp-image-100951\" title=\"nepal rajesh\" \/><\/span><\/div>\n<\/div>\n\n<div class=\"et_pb_column_11 et_pb_column et_pb_column_1_2 et-last-child et_block_column et_pb_css_mix_blend_mode_passthrough\">\n<div class=\"et_pb_text_13 et_pb_text et_pb_bg_layout_light et_pb_module et_block_module\"><div class=\"et_pb_text_inner\"><h2>Ihre\u00a0<span style=\"color: #ff8057;\">Orientierung<\/span><\/h2>\n<p>Am Montag wird unser Koordinator eine spannende Orientierungsveranstaltung leiten. Dies ist Ihre Chance, sich mit Ihrer Umgebung vertraut zu machen, in die lokale Kultur einzutauchen und wichtige Gesundheits- und Sicherheitstipps zu erhalten.<\/p>\n<p>W\u00e4hrend der Orientierungsveranstaltung erhalten Sie eine umfassende Einf\u00fchrung in Ihr Programm, Ihre Unterkunft und das spannende Projekt, das Sie erwartet. Au\u00dferdem werden Sie mit den lokalen Gepflogenheiten vertraut gemacht, damit Sie schnell in die lebendige Kultur eintauchen k\u00f6nnen.<\/p>\n<\/div><\/div>\n<\/div>\n<\/div>\n\n<div class=\"et_pb_row_7 et_pb_row et_pb_equal_columns et_block_row\">\n<div class=\"et_pb_column_12 et_pb_column et_pb_column_4_4 et-last-child et_block_column et_pb_css_mix_blend_mode_passthrough\">\n<div class=\"et_pb_text_14 et_pb_text et_pb_bg_layout_light et_pb_module et_block_module\"><div class=\"et_pb_text_inner\"><h2>Ihre<span style=\"color: #ff8057;\"> Unterkunft<\/span><\/h2>\n<p>Die Unterkunft ist von Sonntagabend bis Samstagmorgen der letzten Woche im Preis inbegriffen. Sie werden in Mehrbettzimmern mit anderen Freiwilligen untergebracht, was Ihnen die perfekte Gelegenheit bietet, Freundschaften f\u00fcrs Leben aus der ganzen Welt zu schlie\u00dfen. Die Unterbringung erfolgt in Mehrbettzimmern mit anderen Freiwilligen des gleichen Geschlechts.<\/p>\n<p>Drei Mahlzeiten t\u00e4glich von Montag bis Freitag und zwei Mahlzeiten am Wochenende sind im Preis inbegriffen. Wenn Sie Vegetarier sind, k\u00f6nnen wir f\u00fcr Sie vegetarische Mahlzeiten organisieren.<\/p>\n<\/div><\/div>\n<\/div>\n<\/div>\n<\/div>\n\n<div class=\"et_pb_section_6 et_pb_section et_section_regular et_block_section\">\n<div class=\"et_pb_row_8 et_pb_row et_block_row\" id=\"services\">\n<div class=\"et_pb_column_13 et_pb_column et_pb_column_4_4 et-last-child et_block_column et_pb_css_mix_blend_mode_passthrough\">\n<div class=\"et_pb_module et_pb_button_module_wrapper et_pb_button_1_wrapper preset--module--divi-button--79cd1246-7730-49fe-a52e-77d06003d6a6_wrapper\"><a class=\"et_pb_button_1 et_pb_button et_pb_bg_layout_light et_pb_module et_block_module preset--module--divi-button--79cd1246-7730-49fe-a52e-77d06003d6a6\" href=\"https:\/\/abroadescape.com\/nepal\/\">Klicken Sie hier f\u00fcr weitere Informationen<\/a><\/div>\n<\/div>\n<\/div>\n<\/div>","protected":false},"excerpt":{"rendered":"","protected":false},"author":1,"featured_media":0,"parent":0,"menu_order":0,"comment_status":"closed","ping_status":"closed","template":"","meta":{"footnotes":""},"class_list":["post-100440","page","type-page","status-publish","hentry"],"_links":{"self":[{"href":"https:\/\/abroadescape.com\/de\/wp-json\/wp\/v2\/pages\/100440","targetHints":{"allow":["GET"]}}],"collection":[{"href":"https:\/\/abroadescape.com\/de\/wp-json\/wp\/v2\/pages"}],"about":[{"href":"https:\/\/abroadescape.com\/de\/wp-json\/wp\/v2\/types\/page"}],"author":[{"embeddable":true,"href":"https:\/\/abroadescape.com\/de\/wp-json\/wp\/v2\/users\/1"}],"replies":[{"embeddable":true,"href":"https:\/\/abroadescape.com\/de\/wp-json\/wp\/v2\/comments?post=100440"}],"version-history":[{"count":1,"href":"https:\/\/abroadescape.com\/de\/wp-json\/wp\/v2\/pages\/100440\/revisions"}],"predecessor-version":[{"id":105718,"href":"https:\/\/abroadescape.com\/de\/wp-json\/wp\/v2\/pages\/100440\/revisions\/105718"}],"wp:attachment":[{"href":"https:\/\/abroadescape.com\/de\/wp-json\/wp\/v2\/media?parent=100440"}],"curies":[{"name":"wp","href":"https:\/\/api.w.org\/{rel}","templated":true}]}}