{"id":100490,"date":"2023-07-08T07:08:59","date_gmt":"2023-07-08T07:08:59","guid":{"rendered":"https:\/\/abroadescape.com\/de\/?page_id=100490"},"modified":"2026-05-08T01:27:32","modified_gmt":"2026-05-08T01:27:32","slug":"kap-verde","status":"publish","type":"page","link":"https:\/\/abroadescape.com\/de\/kap-verde\/","title":{"rendered":"Kap Verde"},"content":{"rendered":"<div class=\"et_pb_section_0 et_pb_section et_section_regular et_flex_section\">\n<div class=\"et_pb_row_0 et_pb_row et_flex_row\">\n<div class=\"et_pb_column_0 et_pb_column et_flex_column et_pb_css_mix_blend_mode_passthrough et_flex_column_12_24 et_flex_column_12_24_tablet et_flex_column_24_24_phone\">\n<div class=\"et_pb_text_0 et_pb_text et_pb_bg_layout_light et_pb_module et_flex_module\"><div class=\"et_pb_text_inner\"><h1>Freiwilligenarbeit auf Kap Verde. mit <span style=\"color: #ff4d00;\">Abroad Escape.<\/span><\/h1>\n<\/div><\/div>\n\n<div class=\"et_pb_text_1 et_pb_text et_pb_bg_layout_light et_pb_module et_flex_module\"><div class=\"et_pb_text_inner\"><h2>Einsatzprogramme mit Tiefgang auf Kap Verde.<\/h2>\n<p>Unsere Programme befinden sich in <strong>Tarrafal<\/strong>, einer K\u00fcstenstadt auf <strong>Santiago Island<\/strong>, und erm\u00f6glichen dir, dein eigenes Programm von <strong>1 bis 8 Wochen<\/strong> zu gestalten. Abroad Escape vermittelt Freiwillige seit 2006 \u2014 mehr als 20 Jahre Erfahrung in der internationalen Freiwilligenvermittlung, in Zusammenarbeit mit unserem langj\u00e4hrigen Partner The Green Lion, seit 1998 in 45 L\u00e4ndern aktiv.<\/p>\n<p>\u201eIch habe bei Abroad Escape Freiwilligenarbeit geleistet und es war wirklich die beste Reise und Erfahrung meines Lebens.\" \u2014 Michael<\/p>\n<\/div><\/div>\n<\/div>\n\n<div class=\"et_pb_column_1 et_pb_column et-last-child et_flex_column et_pb_css_mix_blend_mode_passthrough et_flex_column_12_24 et_flex_column_12_24_tablet et_flex_column_24_24_phone\">\n<div class=\"et_pb_image_0 et_pb_image et_pb_module et_flex_module\"><span class=\"et_pb_image_wrap\"><img loading=\"lazy\" decoding=\"async\" src=\"https:\/\/abroadescape.com\/de\/wp-content\/uploads\/sites\/3\/2023\/07\/Cape-Verde-Culture-Week-P_20190611_122656_p.jpeg\" title=\"Cape-Verde-Culture-Week-P_20190611_122656_p\" width=\"900\" height=\"600\" srcset=\"https:\/\/abroadescape.com\/de\/wp-content\/uploads\/sites\/3\/2023\/07\/Cape-Verde-Culture-Week-P_20190611_122656_p.jpeg 900w, https:\/\/abroadescape.com\/de\/wp-content\/uploads\/sites\/3\/2023\/07\/Cape-Verde-Culture-Week-P_20190611_122656_p-480x320.jpeg 480w\" sizes=\"(min-width: 0px) and (max-width: 480px) 480px, (min-width: 481px) 900px, 100vw\" class=\"wp-image-100496\" \/><\/span><\/div>\n<\/div>\n<\/div>\n<\/div>\n\n<div class=\"et_pb_section_1 et_pb_section et_section_regular et_flex_section\">\n<div class=\"et_pb_row_1 et_pb_row et_flex_row\">\n<div class=\"et_pb_column_2 et_pb_column et-last-child et_flex_column et_pb_css_mix_blend_mode_passthrough et_flex_column_24_24 et_flex_column_24_24_tablet et_flex_column_24_24_phone\">\n<div class=\"et_pb_text_2 et_pb_text et_pb_bg_layout_light et_pb_module et_flex_module\"><div class=\"et_pb_text_inner\"><h2>Ist Kap Verde das Richtige f\u00fcr dich?<\/h2>\n<p>Kap Verde passt zu dir, wenn du eine entspannte, gemeinschaftsbasierte Erfahrung suchst, gerne mit Kindern, in Bildung, Sport, Bau oder Naturschutz arbeitest, Inselleben mit einem langsameren Rhythmus sch\u00e4tzt und offen und anpassungsf\u00e4hig bist.<\/p>\n<h2>Wo du sein wirst.<\/h2>\n<p>Unsere Programme auf Kap Verde befinden sich in der K\u00fcstenstadt <strong>Tarrafal<\/strong> im n\u00f6rdlichen Teil der Insel Santiago. Bekannt f\u00fcr ihre entspannte Atmosph\u00e4re und beeindruckende Landschaft, ist Tarrafal eine Fischerstadt, die sich ideal f\u00fcr alle eignet, die authentisches Inselleben erleben m\u00f6chten. Du fliegst in den Internationalen Flughafen Praia (RAI) ein. Die meisten Direktfl\u00fcge aus Deutschland gehen \u00fcber Lissabon oder Amsterdam.<\/p>\n<h2>Programm\u00fcbersicht \u2014 7 Projekte auf Kap Verde.<\/h2>\n<ol>\n<li><strong>Kulturwoche in Tarrafal<\/strong> \u2014 Kriolu, lokale K\u00fcche, Handwerk, Fischen und Geschichte. Empfohlen als Einstieg.<\/li>\n<li><strong>Kinderbetreuung in Tarrafal<\/strong> \u2014 Unterst\u00fctzung in Krippe und Kindergarten f\u00fcr Kinder von 2\u20136 Jahren.<\/li>\n<li><strong>Bildungsprojekt in Tarrafal<\/strong> \u2014 Englisch-Konversationsunterricht in Grundschulen.<\/li>\n<li><strong>Sports Coaching in Tarrafal<\/strong> \u2014 Fu\u00dfball- und Basketballtraining mit Kindern.<\/li>\n<li><strong>Renovierungsprojekt in Tarrafal<\/strong> \u2014 Schulgeb\u00e4ude renovieren, streichen, reparieren.<\/li>\n<li><strong>Medizinisches Praktikum in Tarrafal<\/strong> \u2014 Einsatz im modernen Gesundheitszentrum Tarrafal (f\u00fcr Medizin-\/Pflegestudierende).<\/li>\n<li><strong>Schildkr\u00f6ten-Schutzprojekt in Tarrafal<\/strong> \u2014 N\u00e4chtliche Strandpatrouillen zum Schutz der Unechten Karettschildkr\u00f6ten. Startdaten: 6. Juli\u201326. Oktober 2026.<\/li>\n<li><strong>Trekking-Woche in Tarrafal<\/strong> \u2014 Wandern, Radfahren und Kultur im Norden von Santiago.<\/li>\n<\/ol>\n<\/div><\/div>\n<\/div>\n<\/div>\n<\/div>\n\n<div class=\"et_pb_section_2 et_pb_section et_section_regular et_block_section\">\n<div class=\"et_pb_row_2 et_pb_row et_block_row\">\n<div class=\"et_pb_column_3 et_pb_column et_pb_column_4_4 et-last-child et_block_column et_pb_css_mix_blend_mode_passthrough\">\n<div class=\"et_pb_text_3 et_pb_text et_pb_bg_layout_light et_pb_module et_block_module\"><div class=\"et_pb_text_inner\"><h3>Wir werden von unseren treuen Kunden <span style=\"color: #ff8057;\">geliebt &#x2665;&#xfe0f;<\/span><\/h3>\n<\/div><\/div>\n<\/div>\n<\/div>\n\n<div class=\"et_pb_row_3 et_pb_row et_block_row\">\n<div class=\"et_pb_column_4 et_pb_column et_pb_column_1_3 et_block_column et_pb_css_mix_blend_mode_passthrough\">\n<div class=\"et_pb_image_1 et_pb_image et_pb_module et_block_module\"><span class=\"et_pb_image_wrap\"><img decoding=\"async\" src=\"https:\/\/abroadescape.com\/nl\/wp-content\/uploads\/sites\/4\/2023\/06\/Ladinathai-test-Ladina-1.jpg\" title=\"Ladinathai-test-Ladina-1\" \/><\/span><\/div>\n\n<div class=\"et_pb_text_4 et_pb_text et_pb_bg_layout_light et_pb_module et_block_module\"><div class=\"et_pb_text_inner\"><div class=\"et_pb_module et_pb_de_mach_acf_item et_pb_de_mach_acf_item_0_tb_body et_pb_de_mach_alignment_center dmach-image-icon-placement-left\">\n<div class=\"et_pb_module_inner\">\n<div class=\"dmach-acf-item-containter\">\n<div class=\"dmach-acf-item-content\">\n<h3 class=\"dmach-acf-value\" style=\"text-align: left;\">Ladina<\/h3>\n<\/div>\n<\/div>\n<\/div>\n<\/div>\n<\/div><\/div>\n\n<div class=\"et_pb_text_5 et_pb_text et_pb_bg_layout_light et_pb_module et_block_module\"><div class=\"et_pb_text_inner\"><p>Ich bin nach Thailand gekommen und habe es sehr genossen. Es war eine tolle Erfahrung!<\/p>\n<\/div><\/div>\n<\/div>\n\n<div class=\"et_pb_column_5 et_pb_column et_pb_column_1_3 et_block_column et_pb_css_mix_blend_mode_passthrough\">\n<div class=\"et_pb_image_2 et_pb_image et_pb_module et_block_module\"><span class=\"et_pb_image_wrap\"><img decoding=\"async\" src=\"https:\/\/abroadescape.com\/nl\/wp-content\/uploads\/sites\/4\/2023\/06\/Noor-nepal.jpg\" title=\"Noor-nepal\" \/><\/span><\/div>\n\n<div class=\"et_pb_text_6 et_pb_text et_pb_bg_layout_light et_pb_module et_block_module\"><div class=\"et_pb_text_inner\"><div class=\"et_pb_module et_pb_de_mach_acf_item et_pb_de_mach_acf_item_0_tb_body et_pb_de_mach_alignment_center dmach-image-icon-placement-left\">\n<div class=\"et_pb_module_inner\">\n<div class=\"dmach-acf-item-containter\">\n<div class=\"dmach-acf-item-content\">\n<h3>Noor<\/h3>\n<\/div>\n<\/div>\n<\/div>\n<\/div>\n<\/div><\/div>\n\n<div class=\"et_pb_text_7 et_pb_text et_pb_bg_layout_light et_pb_module et_block_module\"><div class=\"et_pb_text_inner\"><p>Ich hatte eine sehr sch\u00f6ne Zeit und habe viel \u00fcber die Kultur gelernt.<\/p>\n<\/div><\/div>\n<\/div>\n\n<div class=\"et_pb_column_6 et_pb_column et_pb_column_1_3 et-last-child et_block_column et_pb_css_mix_blend_mode_passthrough\">\n<div class=\"et_pb_image_3 et_pb_image et_pb_module et_block_module\"><span class=\"et_pb_image_wrap\"><img decoding=\"async\" src=\"https:\/\/abroadescape.com\/nl\/wp-content\/uploads\/sites\/4\/2023\/06\/annelies-pics.jpg\" title=\"annelies-pics\" \/><\/span><\/div>\n\n<div class=\"et_pb_text_8 et_pb_text et_pb_bg_layout_light et_pb_module et_block_module\"><div class=\"et_pb_text_inner\"><div class=\"et_pb_module et_pb_de_mach_acf_item et_pb_de_mach_acf_item_0_tb_body et_pb_de_mach_alignment_center dmach-image-icon-placement-left\">\n<div class=\"et_pb_module_inner\">\n<div class=\"dmach-acf-item-containter\">\n<div class=\"dmach-acf-item-content\">\n<h3 class=\"dmach-acf-value\" style=\"text-align: left;\"><span>Anne<\/span><\/h3>\n<\/div>\n<\/div>\n<\/div>\n<\/div>\n<\/div><\/div>\n\n<div class=\"et_pb_text_9 et_pb_text et_pb_bg_layout_light et_pb_module et_block_module\"><div class=\"et_pb_text_inner\"><p>Es waren die besten zwei Wochen, die ich je erlebt habe.<\/p>\n<\/div><\/div>\n<\/div>\n<\/div>\n<\/div>\n\n<div class=\"et_pb_section_3 et_pb_section et_section_regular et_flex_section\">\n<div class=\"et_pb_row_4 et_pb_row et_flex_row\">\n<div class=\"et_pb_column_7 et_pb_column et-last-child et_flex_column et_pb_css_mix_blend_mode_passthrough et_flex_column_24_24 et_flex_column_24_24_tablet et_flex_column_24_24_phone\">\n<div class=\"et_pb_text_10 et_pb_text et_pb_bg_layout_light et_pb_module et_flex_module\"><div class=\"et_pb_text_inner\"><h2>Die Projekte im Detail.<\/h2>\n<h3>Kulturwoche in Tarrafal.<\/h3>\n<p>Entdecke Kap Verde durch eine Woche voller Sprache, Kulinarik, Geschichte und K\u00fcstenatmosph\u00e4re in Tarrafal. Du lernst Kriolu-Grundkenntnisse, probierst lokale Gerichte, triffst Handwerker und Bauern und erkundest sowohl die Dorfstra\u00dfen als auch die wilde Atlantikk\u00fcste.<\/p>\n<h4>Was du tun wirst.<\/h4>\n<ul>\n<li>Kriolu f\u00fcr Alltagsgespr\u00e4che lernen<\/li>\n<li>Kapverdische Gerichte in einem Kochkurs zubereiten (inkl. Cachupa)<\/li>\n<li>Zeit an den Str\u00e4nden von Tarrafal verbringen<\/li>\n<li>Historische St\u00e4tten besuchen, darunter das Konzentrationslager Tarrafal<\/li>\n<li>Lokales Handwerk herstellen: Armb\u00e4nder, K\u00f6rbe, H\u00fcte<\/li>\n<li>T\u00f6pferwerkstatt und Webkurs mitmachen<\/li>\n<li>Mit einheimischen Fischern aufs Meer hinausfahren, Schnorcheln inklusive<\/li>\n<li>Landwirtschaftliche Betriebe besuchen<\/li>\n<\/ul>\n<p><em>Wochenprogramm: Montag \u2014 Orientierung, Marktbesuch, Museum, Konzentrationslager. Dienstag \u2014 Kriolu-Kurs, T\u00f6pferwerkstatt, Fischen und Schnorcheln. Mittwoch \u2014 Cachupa kochen, weiterer Kriolu-Kurs. Donnerstag \u2014 Kriolu, Webkurs mit Palmbl\u00e4ttern. Freitag \u2014 abschlie\u00dfender Kriolu-Kurs, Fischen, Besuch des Projektstandorts f\u00fcr die Folgewoche. Das Programm kann sich je nach lokalen Gegebenheiten \u00e4ndern.<\/em><\/p>\n<h3>Kinderbetreuungsprojekt in Tarrafal.<\/h3>\n<p>Verbringe deine Tage in Tarrafal damit, kleinen Kindern beim Lernen, Spielen und Wachsen in einer sicheren und positiven Umgebung zu helfen. Du unterst\u00fctzt lokale Erzieher mit einfachen Lerneinheiten und Spielen, w\u00e4hrend du das K\u00fcstenstadtleben auf der Insel Santiago erlebst.<\/p>\n<h4>Was du tun wirst.<\/h4>\n<ul>\n<li>Eng mit Kindern im Alter von 2\u20136 Jahren arbeiten<\/li>\n<li>Einfaches Englisch durch Lieder, Spiele und Aktivit\u00e4ten einf\u00fchren<\/li>\n<li>Soziales Selbstvertrauen und Denkf\u00e4higkeiten durch Spielen f\u00f6rdern<\/li>\n<li>Lokale Erzieher t\u00e4glich unterst\u00fctzen und von ihnen lernen<\/li>\n<li>F\u00fcr eine ruhige, freundliche und strukturierte Klassenatmosph\u00e4re sorgen<\/li>\n<\/ul>\n<p><em>Montag: Orientierung, Kriolu-Grundkurs, Strandspaziergang. Dienstag\u2013Freitag: Morgens Kinderbetreuung, nachmittags kreative Aktivit\u00e4ten und Vorbereitung f\u00fcr den n\u00e4chsten Tag. Das Programm kann sich je nach lokalen Gegebenheiten \u00e4ndern.<\/em><\/p>\n<h3>Bildungsprojekt in Tarrafal.<\/h3>\n<p>Unterrichte Englisch-Konversation und unterst\u00fctze lokale Lehrkr\u00e4fte in Tarrafal, w\u00e4hrend du direkt am Meer lebst und die kapverdische Kultur aus der N\u00e4he erlebst. Dieses Projekt eignet sich besonders, wenn du gerne mit Kindern arbeitest und ihnen helfen m\u00f6chtest, Kompetenzen aufzubauen, die ihnen im Leben T\u00fcren \u00f6ffnen k\u00f6nnen.<\/p>\n<h4>Was du in der Schule tun wirst.<\/h4>\n<ul>\n<li>Englisch-Aktivit\u00e4ten f\u00fcr Anf\u00e4nger leiten und unterst\u00fctzen \u2014 spielerisch, nicht einsch\u00fcchternd<\/li>\n<li>Lektionen mit dem Klassenlehrer planen und auf die Bed\u00fcrfnisse der Sch\u00fcler eingehen<\/li>\n<li>Einfache Materialien vorbereiten: Lernkarten, Arbeitsbl\u00e4tter, Lernspiele<\/li>\n<li>Kreative Einheiten einbringen: Zeichnen, Geschichten erz\u00e4hlen, Musik, sportbasiertes Lernen<\/li>\n<li>Klare Notizen f\u00fchren, damit der n\u00e4chste Freiwillige nahtlos weitermachen kann<\/li>\n<\/ul>\n<p><em>Das Programm kann sich je nach lokalen Gegebenheiten \u00e4ndern.<\/em><\/p>\n<h3>Sports Coaching in Tarrafal.<\/h3>\n<p>Dieses Programm ist f\u00fcr alle, die Kinder in Tarrafal trainieren und ihnen helfen m\u00f6chten, durch Sport zu wachsen. Du teilst dein Wissen in Fu\u00dfball und Basketball mit begeisterten Kindern. Die Einheiten gehen \u00fcber Technik hinaus \u2014 du sprichst auch dar\u00fcber, warum Bewegung wichtig ist: f\u00fcr den K\u00f6rper, f\u00fcr den Kopf, f\u00fcr Selbstvertrauen und Konzentration.<\/p>\n<h4>Was du tun wirst.<\/h4>\n<ul>\n<li>Fu\u00dfball und Basketball f\u00fcr Anf\u00e4nger und Fortgeschrittene trainieren<\/li>\n<li>\u00dcbungen und Erkl\u00e4rungen an Alter und K\u00f6nnen anpassen<\/li>\n<li>Sport nutzen, um Kooperation, F\u00fchrungsqualit\u00e4ten und Selbstvertrauen zu f\u00f6rdern<\/li>\n<li>An lokalen Veranstaltungen wie Matches, Turnieren oder Community-Aktivit\u00e4ten teilnehmen<\/li>\n<\/ul>\n<p><em>Das Programm kann sich je nach lokalen Gegebenheiten \u00e4ndern.<\/em><\/p>\n<h3>Renovierungsprojekt in Tarrafal.<\/h3>\n<p>Hilf lokalen Schulen in und um Tarrafal, sicherere, hellere und funktionalere Lernorte zu werden. Die Arbeit ist praktisch und handwerklich: Streichen, einfache Tischlerarbeiten, Maurerarbeiten, Reparaturen, Gartenarbeiten \u2014 und wenn es passt, kreative Versch\u00f6nerungen, die das Umfeld einladender machen. Lokale Koordinatoren arbeiten t\u00e4glich mit dir und zeigen dir, was zu tun ist.<\/p>\n<h4>Was du tun wirst.<\/h4>\n<ul>\n<li>Schulr\u00e4ume wie Klassenzimmer, Bibliotheken und Spielbereiche verbessern<\/li>\n<li>Renovierungsarbeiten durchf\u00fchren: Streichen, Tischlerei, Reparaturen, Gartengestaltung<\/li>\n<li>Details hinzuf\u00fcgen, die das Umfeld gepflegter wirken lassen<\/li>\n<li>Eng mit lokalen Koordinatoren und anderen Freiwilligen zusammenarbeiten<\/li>\n<\/ul>\n<p><em>Das Programm kann sich je nach lokalen Gegebenheiten \u00e4ndern.<\/em><\/p>\n<h3>Medizinisches Praktikum in Tarrafal.<\/h3>\n<p>Dieser Einsatz unterst\u00fctzt die Gesundheitsteams in Tarrafal und gibt Medizinstudierenden und Fachleuten einen realen Einblick in die klinische Arbeit in einem anderen Umfeld. Du bist in einem modernen Gesundheitszentrum in Tarrafal t\u00e4tig, das \u00fcber Notaufnahme, klinische Labore, Apotheke, Basisradiologie, ambulante Sprechstunden und Unterst\u00fctzung der \u00f6ffentlichen Gesundheit verf\u00fcgt.<\/p>\n<h4>F\u00fcr wen dieser Einsatz geeignet ist.<\/h4>\n<ul>\n<li>Medizinstudierende, die mindestens zwei Studienjahre abgeschlossen haben<\/li>\n<li>\u00c4rzte und andere qualifizierte Gesundheitsfachleute<\/li>\n<li>Pflegefachkr\u00e4fte mit mindestens zwei Jahren Ausbildung<\/li>\n<\/ul>\n<h4>Was du tun wirst.<\/h4>\n<ul>\n<li>Lokales Personal begleiten und unterst\u00fctzen, Patienten unter Aufsicht betreuen<\/li>\n<li>Klinische Routinen beobachten und zu Public-Health-Ma\u00dfnahmen beitragen<\/li>\n<li>Einsatz in Bereichen wie HNO und Orthop\u00e4die<\/li>\n<\/ul>\n<p><em>Wochenprogramm: Montag \u2014 Einf\u00fchrung, Kriolu-Grundkurs, Orientierungsrundgang, Krankenhausbesichtigung. Dienstag\u2013Freitag \u2014 08:00 Fr\u00fchst\u00fcck, 09:00 Krankenhaus, 12:00\u201314:00 Mittagspause, 14:00\u201316:00 weiter im Krankenhaus, 20:00 Abendessen. Wochenenddienste k\u00f6nnen erforderlich sein. Das Programm kann sich je nach lokalen Gegebenheiten \u00e4ndern.<\/em><\/p>\n<h3>Schildkr\u00f6ten-Schutzprojekt in Tarrafal.<\/h3>\n<p>Verbringe deine N\u00e4chte damit, die Str\u00e4nde auf Kap Verde zu patrouillieren und nistende Unechte Karettschildkr\u00f6ten zu sch\u00fctzen, und erhole dich tags\u00fcber am Meer in Tarrafal. Kap Verde beherbergt die zweitgr\u00f6\u00dfte Brutkolonie der Unechten Karettschildkr\u00f6te weltweit. Trotz gesetzlichem Schutz bleibt Wilderei eine ernste Bedrohung. Du arbeitest mit einem lokalen Schutzteam zusammen \u2014 die Hauptstandorte sind Ribeira da Prata und Tarrafal.<\/p>\n<h4>Was du nachts tun wirst.<\/h4>\n<ul>\n<li>Patrouillenstrecken am Strand abgehen, um Schildkr\u00f6ten, Spuren und Nistaktivit\u00e4ten zu entdecken<\/li>\n<li>Lokales Personal beim \u00dcberwachen nestender Weibchen und Sch\u00fctzen der Eier unterst\u00fctzen<\/li>\n<li>Nester aus Risikobereichen in gesch\u00fctzte Brutboxen umsiedeln<\/li>\n<li>Felddaten erfassen: Sichtungen, Spuren, Nestdetails, Schlupfergebnisse<\/li>\n<li>Strandputzaktionen durchf\u00fchren<\/li>\n<\/ul>\n<p><strong>Startdaten 2026:<\/strong> 6. Juli, 13. Juli, 20. Juli, 27. Juli, 3. August, 10. August, 17. August, 24. August, 31. August, 7. September, 14. September, 21. September, 28. September, 5. Oktober, 12. Oktober, 19. Oktober, 26. Oktober.<\/p>\n<p><em>Das ist Nachtarbeit. Du schl\u00e4fst tags\u00fcber. Camping am Strand ist Teil der \u00dcberwachungsmethode. Das Programm kann sich je nach lokalen Gegebenheiten \u00e4ndern.<\/em><\/p>\n<h3>Trekking-Woche in Tarrafal.<\/h3>\n<p>Eine Woche, die darauf ausgelegt ist, Kap Verde auf langsame Weise zu erkunden \u2014 zu Fu\u00df und auf dem Rad, durch Orte, die die meisten Besucher nie erreichen. Gr\u00fcne T\u00e4ler zwischen Bergr\u00fccken, Bergpfade bis ans Meer, kleine D\u00f6rfer. Du verbringst die Woche mit Wandern und Trekking durch den Norden von Santiago, einem Radtag in Tarrafal und einem Besuch einer lokalen Rumfabrik.<\/p>\n<h4>H\u00f6hepunkte.<\/h4>\n<ul>\n<li>Durch fruchtbare T\u00e4ler und l\u00e4ndliche Gemeinden im Norden von Santiago wandern<\/li>\n<li>Serra Malagueta und Mato Brasil trekken \u2014 weite Aussichten \u00fcber die gesamte Insel<\/li>\n<li>Einen Biobauernhof besuchen und ein kapverdisches Mittagessen mit einer Gastfamilie teilen<\/li>\n<li>Die anspruchsvolle \u201eKing-Track\"-Route im Gon-Gon-Tal bew\u00e4ltigen<\/li>\n<li>Rund um Tarrafal Radfahren<\/li>\n<li>Eine lokale Rumfabrik besichtigen und das fertige Produkt verkosten<\/li>\n<\/ul>\n<p><em>Das Programm kann sich je nach lokalen Gegebenheiten \u00e4ndern.<\/em><\/p>\n<\/div><\/div>\n<\/div>\n<\/div>\n<\/div>\n\n<div class=\"et_pb_section_4 et_pb_section et_section_regular et_flex_section\">\n<div class=\"et_pb_row_5 et_pb_row et_flex_row\">\n<div class=\"et_pb_column_8 et_pb_column et-last-child et_flex_column et_pb_css_mix_blend_mode_passthrough et_flex_column_24_24 et_flex_column_24_24_tablet et_flex_column_24_24_phone\">\n<div class=\"et_pb_text_11 et_pb_text et_pb_bg_layout_light et_pb_module et_flex_module\"><div class=\"et_pb_text_inner\"><h2>Anreise, Orientierung, Unterkunft und Verpflegung.<\/h2>\n<h3>Deine Anreise.<\/h3>\n<p>Du wirst herzlich auf Kap Verde empfangen. Dein Abenteuer beginnt in dem Moment, in dem du ankommst \u2014 mit unserem Flughafentransfer am Sonntag am Internationalen Flughafen Praia (RAI). Wir stellen dir alle notwendigen Ankunfts- und Kontaktdaten zur Verf\u00fcgung, sobald du dein Programm gebucht hast. Das lokale Team wartet auf dich und bringt dich zur Unterkunft, wo du andere Freiwillige aus aller Welt kennenlernen wirst.<\/p>\n<h3>Deine Orientierung.<\/h3>\n<p>Die Orientierung findet am <strong>Montag<\/strong> statt und wird von einem erfahrenen lokalen Koordinator geleitet. Sie umfasst lokale Kultur und Gepflogenheiten, Gesundheits- und Sicherheitsinformationen, Programmerwartungen und Tagesroutinen sowie praktische Informationen zu deinem Einsatz und deiner Unterkunft. Diese Einheit hilft dir, dich einzuleben, zu verstehen, wie die Dinge vor Ort laufen, und dich vorzubereiten, bevor du mit deinem Projekt beginnst.<\/p>\n<h3>Unterkunft und Verpflegung.<\/h3>\n<p>Die Unterkunft ist ab <strong>Sonntagabend bis Samstagmorgen<\/strong> deiner letzten Woche inklusive. Du wohnst in geteilten Zimmern mit anderen Freiwilligen in nach Geschlechtern getrennten Schlafs\u00e4len. WLAN ist in der Unterkunft verf\u00fcgbar. Einzelzimmer k\u00f6nnen gegen Aufpreis verf\u00fcgbar sein \u2014 kontaktiere uns im Voraus, wenn du Interesse hast.<\/p>\n<p><strong>Inklusive Mahlzeiten:<\/strong> Drei Mahlzeiten t\u00e4glich von Montag bis Freitag. Zwei Mahlzeiten t\u00e4glich am Wochenende.<\/p>\n<h3>Freie Zeit und Umgebung.<\/h3>\n<p>Die Nachmittage und Wochenenden geh\u00f6ren dir. Tarrafal liegt direkt am Meer \u2014 weiche Str\u00e4nde, klares Wasser. Von Santiago aus lassen sich auch andere Inseln erkunden. Die Insel selbst bietet Berge, T\u00e4ler, Fischerd\u00f6rfer und eine lebendige K\u00fcstenkultur.<\/p>\n<\/div><\/div>\n<\/div>\n<\/div>\n<\/div>\n\n<div class=\"et_pb_section_5 et_pb_section et_section_regular et_flex_section\">\n<div class=\"et_pb_row_6 et_pb_row et_flex_row\">\n<div class=\"et_pb_column_9 et_pb_column et-last-child et_flex_column et_pb_css_mix_blend_mode_passthrough et_flex_column_24_24 et_flex_column_24_24_tablet et_flex_column_24_24_phone\">\n<div class=\"et_pb_text_12 et_pb_text et_pb_bg_layout_light et_pb_module et_flex_module\"><div class=\"et_pb_text_inner\"><h2>H\u00e4ufig gestellte Fragen \u2014 Kap Verde.<\/h2>\n<h3>Sind die Fl\u00fcge nach Kap Verde durch den Iran-Konflikt 2026 betroffen?<\/h3>\n<p>Nein. Kap Verde liegt im Atlantik \u2014 kein Golfluftaum betroffen. Flugzeiten und -preise sind normal. Kap Verde ist eine der zuverl\u00e4ssigsten Destinationen f\u00fcr den Sommer 2026.<\/p>\n<h3>Wann sollte ich mich bewerben?<\/h3>\n<p>So fr\u00fch wie m\u00f6glich \u2014 Pl\u00e4tze sind begrenzt, besonders in der Hochsaison. Du kannst dich bis zu einem Jahr im Voraus bewerben. Kurzfristige Bewerbungen k\u00f6nnen je nach Verf\u00fcgbarkeit bis drei Wochen vor dem Startdatum angenommen werden.<\/p>\n<h3>Wie funktioniert der Flughafentransfer?<\/h3>\n<p>Der Flughafentransfer ist inklusive und wird am vorgesehenen Anreisetag organisiert. Vollst\u00e4ndige Anweisungen und lokale Kontaktdaten werden nach der Annahme bereitgestellt. Wer fr\u00fcher anreist, kann in der Regel einen alternativen Abholpunkt vereinbaren.<\/p>\n<h3>Kann ich mit einem Freund oder Partner teilnehmen?<\/h3>\n<p>Ja. Du kannst dich gemeinsam mit einem Freund oder Partner bewerben \u2014 trage dies im Bewerbungsformular ein. Gruppen- oder Familienbewerbungen k\u00f6nnen auf Anfrage organisiert werden.<\/p>\n<h3>Wie lange dauert der Bewerbungsprozess?<\/h3>\n<p>Sobald du deine Bewerbung einreichst, pr\u00fcfen wir sie schnell. In den meisten F\u00e4llen erh\u00e4ltst du innerhalb von <strong>1\u20132 Tagen<\/strong> eine Antwort.<\/p>\n<h3>Ist Freiwilligenarbeit kostenlos?<\/h3>\n<p>Nein. Dies sind <strong>kostenpflichtige Freiwilligenprogramme<\/strong>. Die Programmgeb\u00fchren decken Unterkunft, Mahlzeiten, lokale Koordination, Orientierung und Programmorganisation. Alle Details werden vor jeder Zahlungsaufforderung mitgeteilt.<\/p>\n<h3>Wie viele Stunden pro Tag werde ich arbeiten?<\/h3>\n<p>Die meisten Freiwilligen arbeiten ca. <strong>4\u20136 Stunden t\u00e4glich<\/strong>, Montag bis Freitag. Die Wochenenden sind in der Regel frei zum Reisen, Erholen oder Erkunden.<\/p>\n<h3>Ben\u00f6tige ich Erfahrung oder Qualifikationen?<\/h3>\n<p>F\u00fcr die meisten Programme nein. F\u00fcr das medizinische Praktikum ist ein Nachweis \u00fcber relevante Ausbildung oder Immatrikulation erforderlich. Dies wird immer vor der Annahme best\u00e4tigt.<\/p>\n<h3>Ist Kap Verde sicher f\u00fcr Alleinreisende?<\/h3>\n<p>Ja. Die Mehrheit unserer Teilnehmenden reist allein und kommt als Teil einer internationalen Gruppe an. Jede Destination hat einen festen lokalen Koordinator. Die Unterkunft wird mit anderen internationalen Freiwilligen geteilt. 24\/7-Notfallunterst\u00fctzung ist organisiert. Eltern k\u00f6nnen uns direkt per WhatsApp oder E-Mail kontaktieren \u2014 wir beantworten alle Fragen pers\u00f6nlich.<\/p>\n<h3>Kann ich ein Zertifikat erhalten?<\/h3>\n<p>Ja. Ein Teilnahmezeugnis kann auf Anfrage nach erfolgreichem Abschluss des Programms ausgestellt werden.<\/p>\n<\/div><\/div>\n<\/div>\n<\/div>\n<\/div>\n\n<div class=\"et_pb_section_6 et_pb_section et_section_regular et_block_section\">\n<div class=\"et_pb_row_7 et_pb_row et_block_row\" id=\"services\">\n<div class=\"et_pb_column_10 et_pb_column et_pb_column_4_4 et-last-child et_block_column et_pb_css_mix_blend_mode_passthrough\">\n<div class=\"et_pb_module et_pb_button_module_wrapper et_pb_button_0_wrapper preset--module--divi-button--79cd1246-7730-49fe-a52e-77d06003d6a6_wrapper\"><a class=\"et_pb_button_0 et_pb_button et_pb_bg_layout_light et_pb_module et_block_module preset--module--divi-button--79cd1246-7730-49fe-a52e-77d06003d6a6\" href=\"https:\/\/abroadescape.com\/cape-verde\/\">Klicken Sie hier f\u00fcr weitere Informationen<\/a><\/div>\n<\/div>\n<\/div>\n<\/div>","protected":false},"excerpt":{"rendered":"","protected":false},"author":1,"featured_media":0,"parent":0,"menu_order":0,"comment_status":"closed","ping_status":"closed","template":"","meta":{"footnotes":""},"class_list":["post-100490","page","type-page","status-publish","hentry"],"_links":{"self":[{"href":"https:\/\/abroadescape.com\/de\/wp-json\/wp\/v2\/pages\/100490","targetHints":{"allow":["GET"]}}],"collection":[{"href":"https:\/\/abroadescape.com\/de\/wp-json\/wp\/v2\/pages"}],"about":[{"href":"https:\/\/abroadescape.com\/de\/wp-json\/wp\/v2\/types\/page"}],"author":[{"embeddable":true,"href":"https:\/\/abroadescape.com\/de\/wp-json\/wp\/v2\/users\/1"}],"replies":[{"embeddable":true,"href":"https:\/\/abroadescape.com\/de\/wp-json\/wp\/v2\/comments?post=100490"}],"version-history":[{"count":6,"href":"https:\/\/abroadescape.com\/de\/wp-json\/wp\/v2\/pages\/100490\/revisions"}],"predecessor-version":[{"id":105726,"href":"https:\/\/abroadescape.com\/de\/wp-json\/wp\/v2\/pages\/100490\/revisions\/105726"}],"wp:attachment":[{"href":"https:\/\/abroadescape.com\/de\/wp-json\/wp\/v2\/media?parent=100490"}],"curies":[{"name":"wp","href":"https:\/\/api.w.org\/{rel}","templated":true}]}}