{"id":100897,"date":"2023-07-31T12:41:48","date_gmt":"2023-07-31T12:41:48","guid":{"rendered":"https:\/\/abroadescape.com\/de\/?page_id=100897"},"modified":"2026-02-24T01:49:38","modified_gmt":"2026-02-24T01:49:38","slug":"allgemeine-geschaftsbedingungen","status":"publish","type":"page","link":"https:\/\/abroadescape.com\/de\/allgemeine-geschaftsbedingungen\/","title":{"rendered":"Allgemeine Gesch\u00e4ftsbedingungen"},"content":{"rendered":"<div class=\"et_pb_section_0 et_pb_section et_section_regular et_block_section\">\n<div class=\"et_pb_row_0 et_pb_row et_block_row\">\n<div class=\"et_pb_column_0 et_pb_column et_pb_column_4_4 et-last-child et_block_column et_pb_css_mix_blend_mode_passthrough\">\n<div class=\"et_pb_text_0 et_pb_text et_pb_bg_layout_light et_pb_module et_flex_module\"><div class=\"et_pb_text_inner\"><h1 data-path-to-node=\"3\"><b data-path-to-node=\"3\" data-index-in-node=\"0\">ALLGEMEINE GESCH\u00c4FTSBEDINGUNGEN<\/b><\/h1>\n<p data-path-to-node=\"21\">Bitte lesen Sie diese Allgemeinen Gesch\u00e4ftsbedingungen sorgf\u00e4ltig durch. Mit der Einreichung einer Bewerbung und der Zahlung der Anmeldegeb\u00fchr gehen Sie einen bindenden Vertrag mit Abroad Escape Ltd (\"Wir\", \"Uns\", \"Unsere\") auf Grundlage der unten aufgef\u00fchrten Bedingungen ein.<\/p>\n<p data-path-to-node=\"22\"><b data-path-to-node=\"22\" data-index-in-node=\"0\">1. Unsere Rolle als Vermittlungsagentur<\/b> Abroad Escape Ltd (Firmennummer: 14937484) ist in England und Wales registriert. Wir handeln ausschlie\u00dflich als Vermittlungsagentur. Wir bieten eine administrative Dienstleistung an, die Freiwillige (\"Sie\", \"Ihr\") mit unabh\u00e4ngigen, lokalen Gastorganisationen (den \"Lokalen Partnern\") im Zielland verbindet. Wenn Sie sich einen Platz \u00fcber Abroad Escape sichern, besteht Ihr Vertrag \u00fcber die administrative Vermittlungsdienstleistung mit uns. Ihr Vertrag \u00fcber das eigentliche Freiwilligenprogramm, die Unterkunft, den Transport vor Ort und die lokale Betreuung besteht jedoch ausschlie\u00dflich zwischen Ihnen und dem Lokalen Partner (z. B. Green Lion). Abroad Escape besitzt, betreibt oder kontrolliert weder die Lokalen Partner noch die von ihnen bereitgestellten Einrichtungen, und wir sind kein Reiseveranstalter.<\/p>\n<p data-path-to-node=\"23\"><b data-path-to-node=\"23\" data-index-in-node=\"0\">2. Trennbarkeit der Dienstleistungen &amp; Ausnahmeregelung von der Pauschalreiserichtlinie<\/b> Abroad Escape bietet Bildungs- und Freiwilligenpraktika an, die aktive Teilnahme und Arbeit erfordern. Wir verkaufen keine \"Urlaube\" oder \"Pauschalreisen\" im Sinne der britischen Package Travel and Linked Travel Arrangements Regulations 2018. Die an Abroad Escape gezahlten Geb\u00fchren gelten ausschlie\u00dflich f\u00fcr die Vermittlungs- und Unterst\u00fctzungsdienste vor der Abreise. Jegliche vom Lokalen Partner bereitgestellte Unterkunft ist untrennbar mit dem Freiwilligeneinsatz verbunden und diesem strikt untergeordnet. Sie sind selbst f\u00fcr die Organisation Ihrer Fl\u00fcge, Visa und unabh\u00e4ngigen Reisen verantwortlich.<\/p>\n<p data-path-to-node=\"24\"><b data-path-to-node=\"24\" data-index-in-node=\"0\">3. Zahlungsstruktur und Geb\u00fchren<\/b> Um sich Ihren Platz zu sichern, leisten Sie Zahlungen direkt an Abroad Escape Ltd. Diese Gelder werden jedoch rechtlich in zwei unterschiedliche Kategorien unterteilt, die unser Vermittlungsmodell widerspiegeln:<\/p>\n<ul data-path-to-node=\"25\">\n<li>\n<p data-path-to-node=\"25,0,0\"><b data-path-to-node=\"25,0,0\" data-index-in-node=\"0\">Die Anmeldegeb\u00fchr:<\/b> Diese Geb\u00fchr wird vollst\u00e4ndig von Abroad Escape Ltd einbehalten. Sie deckt Ihre Betreuung vor der Abreise, die Platzierungsvermittlung und die Verwaltungskosten ab.<\/p>\n<\/li>\n<li>\n<p data-path-to-node=\"25,1,0\"><b data-path-to-node=\"25,1,0\" data-index-in-node=\"0\">Die Lokale Projektgeb\u00fchr:<\/b> Dieser Restbetrag deckt Ihre Unterkunft vor Ort, Mahlzeiten, Flughafentransfer und lokale Projektunterst\u00fctzung ab. Abroad Escape Ltd zieht diese Geb\u00fchr ausschlie\u00dflich als autorisierter Agent im Namen des Lokalen Partners ein. Wir halten diese Gelder nur vor\u00fcbergehend zu dem alleinigen Zweck, sie direkt an den Lokalen Partner weiterzuleiten, um Ihre Dienstleistungen vor Ort zu sichern.<\/p>\n<\/li>\n<\/ul>\n<p data-path-to-node=\"26\"><b data-path-to-node=\"26\" data-index-in-node=\"0\">4. Stornierungen, Umbuchungen und R\u00fcckerstattungen<\/b> Wir verstehen, dass sich Pl\u00e4ne \u00e4ndern k\u00f6nnen, aber als Vermittler sind wir an strenge finanzielle Verpflichtungen gegen\u00fcber unseren Lokalen Partnern gebunden. Es gelten folgende Stornierungsregeln:<\/p>\n<ul data-path-to-node=\"27\">\n<li>\n<p data-path-to-node=\"27,0,0\"><b data-path-to-node=\"27,0,0\" data-index-in-node=\"0\">Die Anmeldegeb\u00fchr:<\/b> Wenn Sie Ihre Platzierung zu irgendeinem Zeitpunkt stornieren, ist die Anmeldegeb\u00fchr strengstens von der R\u00fcckerstattung ausgeschlossen. Diese Geb\u00fchr bleibt jedoch f\u00fcr ein (1) Jahr ab dem Zahlungsdatum g\u00fcltig und kann innerhalb dieses Zeitraums auf ein anderes Programm von Abroad Escape \u00fcbertragen und angerechnet werden.<\/p>\n<\/li>\n<li>\n<p data-path-to-node=\"27,1,0\"><b data-path-to-node=\"27,1,0\" data-index-in-node=\"0\">Die Lokale Projektgeb\u00fchr:<\/b> Wenn Sie Ihre Platzierung 8 Wochen oder mehr vor Ihrem geplanten Abreisedatum stornieren, kann die Lokale Projektgeb\u00fchr zur\u00fcckerstattet werden (vorbehaltlich bereits entstandener, nicht erstattungsf\u00e4higer Kosten des Lokalen Partners). Wenn Sie Ihre Platzierung weniger als 8 Wochen vor Ihrem geplanten Abreisedatum stornieren, ist die Lokale Projektgeb\u00fchr strengstens von der R\u00fcckerstattung ausgeschlossen. Zu diesem Zeitpunkt wurden die Gelder f\u00fcr Ihre Unterbringung und Projektlogistik bereits an den Lokalen Partner gebunden.<\/p>\n<\/li>\n<\/ul>\n<p data-path-to-node=\"28\"><b data-path-to-node=\"28\" data-index-in-node=\"0\">5. Obligatorische Umfassende Reise- &amp; Freiwilligenversicherung<\/b> Es ist eine zwingende Buchungsbedingung, dass alle Teilnehmer vor der Abreise eine umfassende Reise-, Kranken- und Freiwilligenversicherung abschlie\u00dfen. Ihre Police muss folgende Deckungen umfassen:<\/p>\n<ul data-path-to-node=\"29\">\n<li>\n<p data-path-to-node=\"29,0,0\">Medizinische Kosten und Notfallr\u00fccktransport.<\/p>\n<\/li>\n<li>\n<p data-path-to-node=\"29,1,0\">Pers\u00f6nliche Haftpflicht, die aus der Freiwilligenarbeit resultiert.<\/p>\n<\/li>\n<li>\n<p data-path-to-node=\"29,2,0\">Reiser\u00fccktritt, Reiseabbruch und Insolvenz des Leistungstr\u00e4gers. Abroad Escape beh\u00e4lt sich das Recht vor, Ihre Platzierung ohne R\u00fcckerstattung zu stornieren, wenn Sie vor der Abreise keinen Nachweis \u00fcber eine ausreichende Versicherung erbringen.\u00a0<\/p>\n<\/li>\n<\/ul>\n<p data-path-to-node=\"30\"><b data-path-to-node=\"30\" data-index-in-node=\"0\">6. Haftungsbeschr\u00e4nkung<\/b> Da Abroad Escape rein als Vermittlungsagent agiert, \u00fcbernehmen wir keine Haftung f\u00fcr Handlungen, Unterlassungen, Ausf\u00e4lle oder Fahrl\u00e4ssigkeit der Lokalen Partner, ihrer Mitarbeiter oder dritter Dienstleister. Wir haften nicht f\u00fcr Personensch\u00e4den, Krankheiten, Sachsch\u00e4den oder finanzielle Verluste, die w\u00e4hrend Ihrer Platzierung entstehen. Dar\u00fcber hinaus ist Abroad Escape nicht verantwortlich f\u00fcr Programmstornierungen, Verz\u00f6gerungen oder \u00c4nderungen, die durch h\u00f6here Gewalt verursacht werden, einschlie\u00dflich, aber nicht beschr\u00e4nkt auf Naturkatastrophen, politische Instabilit\u00e4t, Epidemien oder die Insolvenz des Lokalen Partners.<\/p>\n<p data-path-to-node=\"31\"><b data-path-to-node=\"31\" data-index-in-node=\"0\">7. Ihre Verantwortlichkeiten und Verhaltenskodex<\/b><\/p>\n<ul data-path-to-node=\"32\">\n<li>\n<p data-path-to-node=\"32,0,0\"><b data-path-to-node=\"32,0,0\" data-index-in-node=\"0\">Reisedokumente:<\/b> Sie sind allein daf\u00fcr verantwortlich, einen g\u00fcltigen Reisepass (mit mindestens 6 Monaten G\u00fcltigkeit ab Einreisedatum), das richtige Visum f\u00fcr Freiwilligenarbeit und alle erforderlichen Impfungen zu besitzen.<\/p>\n<\/li>\n<li>\n<p data-path-to-node=\"32,1,0\"><b data-path-to-node=\"32,1,0\" data-index-in-node=\"0\">Verhaltenskodex:<\/b> Sie erkl\u00e4ren sich damit einverstanden, die Regeln und Vorschriften des Lokalen Partners und die Gesetze des Gastlandes einzuhalten. Der Lokale Partner beh\u00e4lt sich das Recht vor, Ihre Platzierung ohne R\u00fcckerstattung zu beenden, wenn Ihr Verhalten als st\u00f6rend, illegal oder sch\u00e4dlich f\u00fcr das Projekt erachtet wird.<\/p>\n<\/li>\n<\/ul>\n<p data-path-to-node=\"33\"><b data-path-to-node=\"33\" data-index-in-node=\"0\">8. Anwendbares Recht und Gerichtsstand<\/b> Diese Allgemeinen Gesch\u00e4ftsbedingungen sowie alle Streitigkeiten oder Anspr\u00fcche, die sich daraus oder in Zusammenhang damit ergeben, unterliegen dem Recht von England und Wales und werden nach diesem ausgelegt. Die Gerichte von England und Wales sind ausschlie\u00dflich f\u00fcr die Beilegung von Streitigkeiten zust\u00e4ndig.<\/p>\n<p data-path-to-node=\"34\"><b data-path-to-node=\"34\" data-index-in-node=\"0\">FIRMENINFORMATIONEN<\/b> <br \/>Abroad Escape Ltd ist in England &amp; Wales registriert. <br \/>Firmennummer: 14937484. <br \/>UK-Hauptsitz: 3 Hornton Place, London W8 4LZ Eingetragener Firmensitz: 3 Hornton Place, London W8 4LZ, United Kingdom <br \/>+44 203 885 6443<br \/>support@abroadescape.com<\/p>\n<\/div><\/div>\n<\/div>\n<\/div>\n<\/div>","protected":false},"excerpt":{"rendered":"","protected":false},"author":1,"featured_media":0,"parent":0,"menu_order":0,"comment_status":"closed","ping_status":"closed","template":"","meta":{"footnotes":""},"class_list":["post-100897","page","type-page","status-publish","hentry"],"_links":{"self":[{"href":"https:\/\/abroadescape.com\/de\/wp-json\/wp\/v2\/pages\/100897","targetHints":{"allow":["GET"]}}],"collection":[{"href":"https:\/\/abroadescape.com\/de\/wp-json\/wp\/v2\/pages"}],"about":[{"href":"https:\/\/abroadescape.com\/de\/wp-json\/wp\/v2\/types\/page"}],"author":[{"embeddable":true,"href":"https:\/\/abroadescape.com\/de\/wp-json\/wp\/v2\/users\/1"}],"replies":[{"embeddable":true,"href":"https:\/\/abroadescape.com\/de\/wp-json\/wp\/v2\/comments?post=100897"}],"version-history":[{"count":0,"href":"https:\/\/abroadescape.com\/de\/wp-json\/wp\/v2\/pages\/100897\/revisions"}],"wp:attachment":[{"href":"https:\/\/abroadescape.com\/de\/wp-json\/wp\/v2\/media?parent=100897"}],"curies":[{"name":"wp","href":"https:\/\/api.w.org\/{rel}","templated":true}]}}