{"id":103437,"date":"2024-09-09T10:16:06","date_gmt":"2024-09-09T10:16:06","guid":{"rendered":"https:\/\/abroadescape.com\/de\/?page_id=103437"},"modified":"2026-04-16T16:16:30","modified_gmt":"2026-04-16T16:16:30","slug":"programme","status":"publish","type":"page","link":"https:\/\/abroadescape.com\/de\/programme\/","title":{"rendered":"Programme"},"content":{"rendered":"<div class=\"et_pb_section_0 et_pb_section et_section_regular et_flex_section\">\n<div class=\"et_pb_row_0 et_pb_row et_flex_row\">\n<div class=\"et_pb_column_0 et_pb_column et-last-child et_flex_column et_pb_css_mix_blend_mode_passthrough et_flex_column_24_24 et_flex_column_24_24_tablet et_flex_column_24_24_phone\">\n<div class=\"et_pb_text_0 et_pb_text et_pb_bg_layout_light et_pb_module et_flex_module\"><div class=\"et_pb_text_inner\"><h1>Freiwilligenprogramme im Ausland mit\u00a0<span style=\"color: #ff4d00;\">Abroad Escape.<\/span><\/h1>\n<\/div><\/div>\n\n<div class=\"et_pb_text_1 et_pb_text et_pb_bg_layout_light et_pb_module et_flex_module\"><div class=\"et_pb_text_inner\"><p>Wir bieten Freiwilligenprogramme in \u00fcber 20 L\u00e4ndern an, in denen Sie mit Kindern arbeiten, Englisch unterrichten, an Bauprojekten mitwirken, sich im Tierschutz engagieren, internationale Praktika absolvieren, in andere Kulturen eintauchen und vieles mehr! Bei uns k\u00f6nnen Sie Ihren individuellen Zeitplan ganz nach Ihren W\u00fcnschen und Zielen gestalten.<\/p>\n<\/div><\/div>\n<\/div>\n<\/div>\n<\/div>\n\n<div class=\"et_pb_section_1 et_pb_section et_section_regular et_flex_section\">\n<div class=\"et_pb_row_1 et_pb_row et_flex_row\">\n<div class=\"et_pb_column_1 et_pb_column et-last-child et_flex_column et_pb_css_mix_blend_mode_passthrough et_flex_column_24_24 et_flex_column_24_24_tablet et_flex_column_24_24_phone\">\n<div class=\"et_pb_text_2 et_pb_text et_pb_bg_layout_light et_pb_module et_flex_module\"><div class=\"et_pb_text_inner\"><h2>Freiwilligenarbeit in Europa mit\u00a0<span style=\"color: #ff4d00;\">Abroad Escape.<\/span><\/h2>\n<\/div><\/div>\n<\/div>\n<\/div>\n\n<div class=\"et_pb_row_2 et_pb_row et_flex_row\">\n<div class=\"et_pb_column_2 et_pb_column et_flex_column et_pb_css_mix_blend_mode_passthrough et_flex_column_12_24 et_flex_column_12_24_tablet et_flex_column_24_24_phone\">\n<div class=\"et_pb_blurb_0 et_pb_blurb et_pb_bg_layout_light et_pb_blurb_position_top et_clickable et_pb_module et_flex_module\"><div class=\"et_pb_blurb_content et_flex_module\"><div class=\"et_pb_main_blurb_image\"><a href=\"https:\/\/abroadescape.com\/de\/portugal\/\"><span class=\"et_pb_image_wrap et_pb_only_image_mode_wrap\"><img decoding=\"async\" src=\"https:\/\/abroadescape.com\/wp-content\/uploads\/2026\/04\/Lisbon121.jpg\" class=\"wp-image-113854\" title=\"Lisbon121\" \/><\/span><\/a><\/div><div class=\"et_pb_blurb_container\"><h4 class=\"et_pb_module_header\"><a href=\"https:\/\/abroadescape.com\/de\/portugal\/\">Freiwilligenarbeit in Portugal<\/a><\/h4><div class=\"et_pb_blurb_description\"><p>Engagieren Sie sich in unseren Freiwilligenprogrammen in Portugal mit den Bereichen Englischunterricht, Kinderbetreuung, Lebensmittelrettung sowie Bau- und Renovierungsprojekte in Lissabon, Portugal.<\/p>\n<\/div><\/div><\/div><\/div>\n<\/div>\n\n<div class=\"et_pb_column_3 et_pb_column et-last-child et_flex_column et_pb_css_mix_blend_mode_passthrough et_flex_column_12_24 et_flex_column_12_24_tablet et_flex_column_24_24_phone\">\n<div class=\"et_pb_blurb_1 et_pb_blurb et_pb_bg_layout_light et_pb_blurb_position_top et_clickable et_pb_module et_flex_module\"><div class=\"et_pb_blurb_content et_flex_module\"><div class=\"et_pb_main_blurb_image\"><a href=\"https:\/\/abroadescape.com\/de\/freiwilligenarbeit-in-spanien\/\"><span class=\"et_pb_image_wrap et_pb_only_image_mode_wrap\"><img decoding=\"async\" src=\"https:\/\/abroadescape.com\/wp-content\/uploads\/2026\/04\/Valencia-Special-Needs-2.jpg\" alt=\"volunteer in Valencia in Spain\" class=\"wp-image-113807\" title=\"Valencia - Special Needs (2)\" \/><\/span><\/a><\/div><div class=\"et_pb_blurb_container\"><h4 class=\"et_pb_module_header\"><a href=\"https:\/\/abroadescape.com\/de\/freiwilligenarbeit-in-spanien\/\">Freiwilligenarbeit in Spanien<\/a><\/h4><div class=\"et_pb_blurb_description\"><p>Nehmen Sie an unseren Freiwilligenprogrammen in Spanien teil. In Valencia werden Programme in den Bereichen Englischunterricht, Kinderbetreuung, Betreuung von Kindern mit besonderen Bed\u00fcrfnissen und Medizin angeboten.<\/p>\n<\/div><\/div><\/div><\/div>\n<\/div>\n<\/div>\n<\/div>\n\n<div class=\"et_pb_section_2 et_pb_section et_section_regular et_flex_section\">\n<div class=\"et_pb_row_3 et_pb_row et_flex_row\">\n<div class=\"et_pb_column_4 et_pb_column et-last-child et_flex_column et_pb_css_mix_blend_mode_passthrough et_flex_column_24_24 et_flex_column_24_24_tablet et_flex_column_24_24_phone\">\n<div class=\"et_pb_text_3 et_pb_text et_pb_bg_layout_light et_pb_module et_flex_module\"><div class=\"et_pb_text_inner\"><h2>Freiwilligenprogramme im Ausland mit <span style=\"color: #ff4d00;\">Abroad Escape.<\/span><\/h2>\n<\/div><\/div>\n<\/div>\n<\/div>\n<\/div>\n\n<div class=\"et_pb_section_3 et_pb_section et_section_regular et_block_section\">\n<div class=\"et_pb_row_4 et_pb_row et_block_row\">\n<div class=\"et_pb_column_5 et_pb_column et_pb_column_1_3 et_block_column et_pb_css_mix_blend_mode_passthrough\">\n<div class=\"et_pb_text_4 et_pb_text et_pb_bg_layout_light et_pb_module et_block_module\"><div class=\"et_pb_text_inner\"><p><a href=\"https:\/\/abroadescape.com\/de\/bali\/\">Freiwilligenarbeit Bali<\/a><\/p>\n<p><a href=\"https:\/\/abroadescape.com\/de\/costa-rica\/\">Freiwilligenarbeit Costa Rica<\/a><\/p>\n<p><a href=\"https:\/\/abroadescape.com\/de\/fidschi\/\">Freiwilligenarbeit Fidschi<\/a><\/p>\n<p><a href=\"https:\/\/abroadescape.com\/de\/indien\/\">Freiwilligenarbeit Indien<\/a><\/p>\n<p><a href=\"https:\/\/abroadescape.com\/de\/kambodscha\/\">Freiwilligenarbeit Kambodscha<\/a><\/p>\n<p><a href=\"https:\/\/abroadescape.com\/de\/kap-verde\/\">Freiwilligenarbeit Kap Verde<\/a><\/p>\n<p><a href=\"https:\/\/abroadescape.com\/de\/kenia\/\">Freiwilligenarbeit Kenia<\/a><\/p>\n<\/div><\/div>\n<\/div>\n\n<div class=\"et_pb_column_6 et_pb_column et_pb_column_1_3 et_block_column et_pb_css_mix_blend_mode_passthrough\">\n<div class=\"et_pb_text_5 et_pb_text et_pb_bg_layout_light et_pb_module et_block_module\"><div class=\"et_pb_text_inner\"><p><a href=\"https:\/\/abroadescape.com\/de\/laos\/\">Freiwilligenarbeit Laos<\/a><\/p>\n<p><a href=\"https:\/\/abroadescape.com\/de\/lombok\/\">Freiwilligenarbeit Lombok<\/a><\/p>\n<p><a href=\"https:\/\/abroadescape.com\/de\/portugal\/\">Freiwilligenarbeit Portugal<\/a><\/p>\n<p><a href=\"https:\/\/abroadescape.com\/de\/philippinen\/\">Freiwilligenarbeit Philippinen<\/a><\/p>\n<p><a href=\"https:\/\/abroadescape.com\/de\/madagaskar\/\">Freiwilligenarbeit Madagaskar<\/a><\/p>\n<p><a href=\"https:\/\/abroadescape.com\/de\/malawi\/\">Freiwilligenarbeit Malawi<\/a><\/p>\n<\/div><\/div>\n<\/div>\n\n<div class=\"et_pb_column_7 et_pb_column et_pb_column_1_3 et-last-child et_block_column et_pb_css_mix_blend_mode_passthrough\">\n<div class=\"et_pb_text_6 et_pb_text et_pb_bg_layout_light et_pb_module et_block_module\"><div class=\"et_pb_text_inner\"><p><a href=\"https:\/\/abroadescape.com\/de\/nepal\/\">Freiwilligenarbeit Nepal<\/a><span style=\"font-size: 16px;\"><\/span><\/p>\n<p><span style=\"font-size: 16px;\"><\/span><a href=\"https:\/\/abroadescape.com\/de\/tansania\/\" style=\"font-size: 16px;\">Freiwilligenarbeit Tansania<\/a><\/p>\n<p><a href=\"https:\/\/abroadescape.com\/de\/sudkorea\/\">Freiwilligenarbeit S\u00fcdkorea<\/a><\/p>\n<p><a href=\"https:\/\/abroadescape.com\/de\/sri-lanka\/\">Freiwilligenarbeit Sri Lanka<\/a><\/p>\n<p><a href=\"https:\/\/abroadescape.com\/de\/thailand\/\">Freiwilligenarbeit Thailand<\/a><\/p>\n<p><a href=\"https:\/\/abroadescape.com\/de\/vietnam\/\">Freiwilligenarbeit Vietnam<\/a><\/p>\n<\/div><\/div>\n<\/div>\n<\/div>\n<\/div>\n\n<div class=\"et_pb_section_4 et_pb_section et_section_regular et_flex_section\">\n<div class=\"et_pb_row_5 et_pb_row et_flex_row\">\n<div class=\"et_pb_column_8 et_pb_column et-last-child et_flex_column et_pb_css_mix_blend_mode_passthrough et_flex_column_24_24 et_flex_column_24_24_tablet et_flex_column_24_24_phone\">\n<div class=\"et_pb_image_0 et_pb_image et_pb_module et_flex_module\"><span class=\"et_pb_image_wrap\"><img loading=\"lazy\" decoding=\"async\" src=\"https:\/\/abroadescape.com\/de\/wp-content\/uploads\/sites\/3\/2026\/02\/Indonesia-Ubud-Teaching-English-6.jpeg\" title=\"Indonesia-Ubud-Teaching-English-6\" width=\"1200\" height=\"900\" srcset=\"https:\/\/abroadescape.com\/de\/wp-content\/uploads\/sites\/3\/2026\/02\/Indonesia-Ubud-Teaching-English-6.jpeg 1200w, https:\/\/abroadescape.com\/de\/wp-content\/uploads\/sites\/3\/2026\/02\/Indonesia-Ubud-Teaching-English-6-980x735.jpeg 980w, https:\/\/abroadescape.com\/de\/wp-content\/uploads\/sites\/3\/2026\/02\/Indonesia-Ubud-Teaching-English-6-480x360.jpeg 480w\" sizes=\"(min-width: 0px) and (max-width: 480px) 480px, (min-width: 481px) and (max-width: 980px) 980px, (min-width: 981px) 1200px, 100vw\" class=\"wp-image-105430\" \/><\/span><\/div>\n<\/div>\n<\/div>\n<\/div>\n\n<div class=\"et_pb_section_5 et_pb_section et_section_regular et_block_section\">\n<div class=\"et_pb_row_6 et_pb_row et_block_row\">\n<div class=\"et_pb_column_9 et_pb_column et_pb_column_4_4 et-last-child et_block_column et_pb_css_mix_blend_mode_passthrough\">\n<div class=\"et_pb_text_7 et_pb_text et_pb_bg_layout_light et_pb_module et_block_module\"><div class=\"et_pb_text_inner\"><h2>Warum sollten Sie sich f\u00fcr Abroad Escape entscheiden?<\/h2>\n<\/div><\/div>\n<\/div>\n<\/div>\n\n<div class=\"et_pb_row_7 et_pb_row et_block_row\">\n<div class=\"et_pb_column_10 et_pb_column et_pb_column_1_3 et_block_column et_pb_css_mix_blend_mode_passthrough\">\n<div class=\"et_pb_text_8 et_pb_text et_pb_bg_layout_light et_pb_module et_block_module\"><div class=\"et_pb_text_inner\"><h3>Besten Qualit\u00e4tsprogramme<\/h3>\n<\/div><\/div>\n\n<div class=\"et_pb_text_9 et_pb_text et_pb_bg_layout_light et_pb_module et_block_module\"><div class=\"et_pb_text_inner\"><p>Wir arbeiten eng mit lokalen Projekten und Schulen zusammen, um nachhaltige Ver\u00e4nderungen zu bewirken und sowohl bei Ihnen als auch in der lokalen Gemeinschaft einen bleibenden Eindruck zu hinterlassen.<\/p>\n<\/div><\/div>\n<\/div>\n\n<div class=\"et_pb_column_11 et_pb_column et_pb_column_1_3 et_block_column et_pb_css_mix_blend_mode_passthrough\">\n<div class=\"et_pb_text_10 et_pb_text et_pb_bg_layout_light et_pb_module et_block_module\"><div class=\"et_pb_text_inner\"><h3>\u00dcber 20 Jahre Erfahrung<\/h3>\n<\/div><\/div>\n\n<div class=\"et_pb_text_11 et_pb_text et_pb_bg_layout_light et_pb_module et_block_module\"><div class=\"et_pb_text_inner\"><p>Unsere Gr\u00fcnder verf\u00fcgen \u00fcber mehr als 20 Jahre Erfahrung in der Organisation von Freiwilligenprogrammen weltweit, sodass Sie sich in guten H\u00e4nden befinden.<\/p>\n<\/div><\/div>\n<\/div>\n\n<div class=\"et_pb_column_12 et_pb_column et_pb_column_1_3 et-last-child et_block_column et_pb_css_mix_blend_mode_passthrough\">\n<div class=\"et_pb_text_12 et_pb_text et_pb_bg_layout_light et_pb_module et_block_module\"><div class=\"et_pb_text_inner\"><h3>Die g\u00fcnstigsten Preise<\/h3>\n<\/div><\/div>\n\n<div class=\"et_pb_text_13 et_pb_text et_pb_bg_layout_light et_pb_module et_block_module\"><div class=\"et_pb_text_inner\"><p>Sie werden feststellen, dass unsere Preise die g\u00fcnstigsten und erschwinglichsten f\u00fcr hochwertige, sinnvolle Programme im Ausland sind.<\/p>\n<\/div><\/div>\n<\/div>\n<\/div>\n\n<div class=\"et_pb_row_8 et_pb_row et_block_row\">\n<div class=\"et_pb_column_13 et_pb_column et_pb_column_1_3 et_block_column et_pb_css_mix_blend_mode_passthrough\">\n<div class=\"et_pb_number_counter_0 et_pb_number_counter et_pb_bg_layout_light et_pb_text_align_center et_pb_with_title et_pb_module et_block_module\"><div class=\"percent\"><p><span class=\"percent-value\"><\/span><span class=\"percent-sign\"><\/span><\/p><\/div><h3 class=\"title\">Programme<\/h3><\/div>\n<\/div>\n\n<div class=\"et_pb_column_14 et_pb_column et_pb_column_1_3 et_block_column et_pb_css_mix_blend_mode_passthrough\">\n<div class=\"et_pb_number_counter_1 et_pb_number_counter et_pb_bg_layout_light et_pb_text_align_center et_pb_with_title et_pb_module et_block_module\"><div class=\"percent\"><p><span class=\"percent-value\"><\/span><span class=\"percent-sign\"><\/span><\/p><\/div><h3 class=\"title\">L\u00e4nder<\/h3><\/div>\n<\/div>\n\n<div class=\"et_pb_column_15 et_pb_column et_pb_column_1_3 et-last-child et_block_column et_pb_css_mix_blend_mode_passthrough\">\n<div class=\"et_pb_number_counter_2 et_pb_number_counter et_pb_bg_layout_light et_pb_text_align_center et_pb_with_title et_pb_module et_block_module\"><div class=\"percent\"><p><span class=\"percent-value\"><\/span><span class=\"percent-sign\"><\/span><\/p><\/div><h3 class=\"title\">Jahre Erfahrung<\/h3><\/div>\n<\/div>\n<\/div>\n<\/div>\n\n<div class=\"et_pb_section_6 et_pb_section et_section_regular et_block_section\">\n<div class=\"et_pb_row_9 et_pb_row et_block_row\">\n<div class=\"et_pb_column_16 et_pb_column et_pb_column_4_4 et-last-child et_block_column et_pb_css_mix_blend_mode_passthrough\">\n<div class=\"et_pb_module et_pb_button_module_wrapper et_pb_button_0_wrapper preset--module--divi-button--default_wrapper\"><a class=\"et_pb_button_0 et_pb_button et_pb_bg_layout_light et_pb_module et_block_module preset--module--divi-button--default\" href=\"https:\/\/abroadescape.com\/de\/buchen\/\">Jetzt bewerben<\/a><\/div>\n<\/div>\n<\/div>\n<\/div>","protected":false},"excerpt":{"rendered":"","protected":false},"author":1,"featured_media":0,"parent":0,"menu_order":0,"comment_status":"closed","ping_status":"closed","template":"","meta":{"footnotes":""},"class_list":["post-103437","page","type-page","status-publish","hentry"],"_links":{"self":[{"href":"https:\/\/abroadescape.com\/de\/wp-json\/wp\/v2\/pages\/103437","targetHints":{"allow":["GET"]}}],"collection":[{"href":"https:\/\/abroadescape.com\/de\/wp-json\/wp\/v2\/pages"}],"about":[{"href":"https:\/\/abroadescape.com\/de\/wp-json\/wp\/v2\/types\/page"}],"author":[{"embeddable":true,"href":"https:\/\/abroadescape.com\/de\/wp-json\/wp\/v2\/users\/1"}],"replies":[{"embeddable":true,"href":"https:\/\/abroadescape.com\/de\/wp-json\/wp\/v2\/comments?post=103437"}],"version-history":[{"count":5,"href":"https:\/\/abroadescape.com\/de\/wp-json\/wp\/v2\/pages\/103437\/revisions"}],"predecessor-version":[{"id":105565,"href":"https:\/\/abroadescape.com\/de\/wp-json\/wp\/v2\/pages\/103437\/revisions\/105565"}],"wp:attachment":[{"href":"https:\/\/abroadescape.com\/de\/wp-json\/wp\/v2\/media?parent=103437"}],"curies":[{"name":"wp","href":"https:\/\/api.w.org\/{rel}","templated":true}]}}