{"id":104844,"date":"2025-09-28T06:00:01","date_gmt":"2025-09-28T06:00:01","guid":{"rendered":"https:\/\/abroadescape.com\/de\/?page_id=104844"},"modified":"2025-11-05T03:52:09","modified_gmt":"2025-11-05T03:52:09","slug":"organisation-freiwilligenarbeit-ausland","status":"publish","type":"page","link":"https:\/\/abroadescape.com\/de\/organisation-freiwilligenarbeit-ausland\/","title":{"rendered":"Organisation Freiwilligenarbeit Ausland"},"content":{"rendered":"<div class=\"et_pb_section_0 et_pb_section et_section_regular et_block_section\"><div class=\"et_pb_row_0 et_pb_row et_block_row\"><div class=\"et_pb_column_0 et_pb_column et_pb_column_1_2 et_block_column et_pb_css_mix_blend_mode_passthrough\"><div class=\"et_pb_text_0 et_pb_text et_pb_bg_layout_light et_pb_module et_flex_module preset--module--divi-text--0dc639fd-cde9-496e-9487-03b41157f8b0\"><div class=\"et_pb_text_inner\"><h1 class=\"hero-1-title mb-4 font-weight-normal line-height-1_4\">Die beste Organisation f\u00fcr Freiwilligenarbeit im Ausland <span>ist <\/span><span style=\"color: #ff8057;\"><strong><span class=\"text-primary font-weight-medium\">Abroad Escape (2025 &amp; 2026)<\/span><\/strong><\/span><\/h1>\n<\/div><\/div><div class=\"et_pb_text_1 et_pb_text et_pb_bg_layout_light et_pb_module et_flex_module preset--module--divi-text--baff488b-4d7c-4334-8523-3dc50f3916ec\"><div class=\"et_pb_text_inner\"><p>Abroad Escape ist die f\u00fchrende Organisation f\u00fcr Freiwilligenarbeit im Ausland, dank ihrer 20-j\u00e4hrigen Erfahrung, 133 Projekten weltweit und den g\u00fcnstigsten Preisen.<\/p>\n<p><strong>Nehmen Sie bereits ab 495 \u20ac teil.<\/strong><\/p>\n<\/div><\/div><div class=\"et_pb_module et_pb_button_module_wrapper et_pb_button_0_wrapper preset--module--divi-button--6f226fb0-2081-40ed-9a63-5ff5cb299a47_wrapper\"><a class=\"et_pb_button_0 et_pb_button et_pb_bg_layout_light et_pb_module et_flex_module preset--module--divi-button--6f226fb0-2081-40ed-9a63-5ff5cb299a47\" href=\"https:\/\/abroadescape.com\/de\/buchen\/\">Jetzt beitreten<\/a><\/div><\/div><div class=\"et_pb_column_1 et_pb_column et_pb_column_1_2 et-last-child et_block_column et_pb_css_mix_blend_mode_passthrough\"><div class=\"et_pb_image_0 et_pb_image et_pb_module et_flex_module\"><span class=\"et_pb_image_wrap\"><img decoding=\"async\" src=\"https:\/\/abroadescape.com\/de\/wp-content\/uploads\/sites\/3\/2025\/09\/organisation-freiwilligenarbeit-ausland.jpg\" alt=\"organisation freiwilligenarbeit ausland\" title=\"organisation freiwilligenarbeit ausland\" width=\"1200\" height=\"857\" srcset=\"https:\/\/abroadescape.com\/de\/wp-content\/uploads\/sites\/3\/2025\/09\/organisation-freiwilligenarbeit-ausland.jpg 1200w, https:\/\/abroadescape.com\/de\/wp-content\/uploads\/sites\/3\/2025\/09\/organisation-freiwilligenarbeit-ausland-980x700.jpg 980w, https:\/\/abroadescape.com\/de\/wp-content\/uploads\/sites\/3\/2025\/09\/organisation-freiwilligenarbeit-ausland-480x343.jpg 480w\" sizes=\"(min-width: 0px) and (max-width: 480px) 480px, (min-width: 481px) and (max-width: 980px) 980px, (min-width: 981px) 1200px, 100vw\" class=\"wp-image-104848\" \/><\/span><\/div><\/div><\/div><div class=\"et_pb_row_1 et_pb_row et_block_row\"><div class=\"et_pb_column_2 et_pb_column et_pb_column_4_4 et-last-child et_block_column et_pb_css_mix_blend_mode_passthrough\"><div class=\"et_pb_video_0 et_pb_video et_pb_module et_flex_module\"><div class=\"et_pb_video_box\"><iframe title=\"Volunteer in Cambodia with Abroad Escape\" src=\"https:\/\/player.vimeo.com\/video\/881162955?dnt=1&amp;app_id=122963\" width=\"1080\" height=\"608\" frameborder=\"0\" allow=\"autoplay; fullscreen; picture-in-picture; clipboard-write; encrypted-media; web-share\" referrerpolicy=\"strict-origin-when-cross-origin\"><\/iframe><\/div><\/div><\/div><\/div><\/div><div class=\"et_pb_section_1 et_pb_section et_section_regular et_block_section\"><div class=\"et_pb_row_2 et_pb_row et_block_row\"><div class=\"et_pb_column_3 et_pb_column et_pb_column_4_4 et-last-child et_block_column et_pb_css_mix_blend_mode_passthrough\"><div class=\"et_pb_text_2 et_pb_text et_pb_bg_layout_light et_pb_module et_flex_module\"><div class=\"et_pb_text_inner\"><h2>Welche Organisation f\u00fcr Freiwilligenarbeit im Ausland?<\/h2>\n<p>Wo sollten Sie mit der Planung beginnen, wenn Sie sich f\u00fcr einen Freiwilligendienst im Ausland interessieren?<\/p>\n<p>Damit Sie sich ganz auf Ihre Freiwilligenarbeit konzentrieren k\u00f6nnen, bieten Organisationen wie unsere ma\u00dfgeschneiderte, vollst\u00e4ndig organisierte Programme an, die Ihren Auslandsaufenthalt einfach und stressfrei gestalten.<\/p>\n<p>Wir sind uns bewusst, dass die Wahl der richtigen Organisation f\u00fcr einen Freiwilligendienst im Ausland entscheidend f\u00fcr den Erfolg Ihrer Erfahrung ist.<\/p>\n<p>Daher konzentrieren wir uns darauf, Ihnen die besten Programme f\u00fcr Ihren Auslandsaufenthalt anzubieten, damit Ihre Reise zu einem unvergesslichen Erlebnis wird.<\/p>\n<\/div><\/div><\/div><\/div><\/div><div class=\"et_pb_section_2 et_pb_section et_section_regular et_block_section\"><div class=\"et_pb_row_3 et_pb_row et_block_row\"><div class=\"et_pb_column_4 et_pb_column et_pb_column_4_4 et-last-child et_block_column et_pb_css_mix_blend_mode_passthrough\"><div class=\"et_pb_text_3 et_pb_text et_pb_bg_layout_light et_pb_module et_flex_module\"><div class=\"et_pb_text_inner\"><h1 style=\"text-align: center;\">Warum mit <span style=\"color: #ff8057;\">Abroad Escape<\/span><\/h1>\n<div class=\"row justify-content-center\">\n<div class=\"col-lg-6 col-md-8\">\n<div class=\"title text-center mb-5\">\n<p>Abroad Escape hat es sich zur Aufgabe gemacht, Ihnen die qualitativ hochwertigsten und sinnvollsten Reiseerfahrungen zu bieten, die m\u00f6glich sind. Mit unseren 133 internationalen Projekten f\u00fcr Freiwilligenarbeit im Ausland und Praktika in 21 L\u00e4ndern haben Sie die Chance, das Leben der Menschen vor Ort wirklich zu beeinflussen. Mit unseren<\/p>\n<p>Freiwilligenprogrammen haben Sie die M\u00f6glichkeit, sich in den lokalen Gemeinschaften zu engagieren und das Leben der Menschen um Sie herum wirklich zu beeinflussen. Aber das ist noch nicht alles - Sie werden auch lebenslange Freundschaften mit anderen internationalen Reisenden schlie\u00dfen, die Ihre Leidenschaft f\u00fcr das Reisen teilen und etwas Positives bewirken wollen.<\/p>\n<p>Sind Sie bereit f\u00fcr ein unvergessliches Abenteuer im Ausland? Entdecken Sie mit Abroad Escape sinnvolle Freiwilligenarbeit im Ausland, individuelle Auslandspraktika und einzigartige Abenteuer &amp; Reisen weltweit. Werden Sie Teil unserer global vernetzten Community und erleben Sie gemeinsam mit Gleichgesinnten eine au\u00dfergew\u00f6hnliche Zeit im Ausland! Tragen Sie zu einer positiven Entwicklung in der Welt bei, schlie\u00dfen Sie interkulturelle Freundschaften und entwickeln Sie Ihr pers\u00f6nliches Potenzial.<\/p>\n<p style=\"text-align: center;\">\n<\/div>\n<\/div>\n<\/div>\n<\/div><\/div><\/div><\/div><div class=\"et_pb_row_4 et_pb_row et_pb_gutters1 et_block_row\"><div class=\"et_pb_column_5 et_pb_column et_pb_column_1_3 et_block_column et_pb_css_mix_blend_mode_passthrough\"><div class=\"et_pb_number_counter_0 et_pb_number_counter et_pb_bg_layout_dark et_pb_text_align_center et_pb_with_title et_pb_module et_flex_module\"><div class=\"percent\"><p><span class=\"percent-value\"><\/span><span class=\"percent-sign\"><\/span><\/p><\/div><h3 class=\"title\">Projekte<\/h3><\/div><\/div><div class=\"et_pb_column_6 et_pb_column et_pb_column_1_3 et_block_column et_pb_css_mix_blend_mode_passthrough\"><div class=\"et_pb_number_counter_1 et_pb_number_counter et_pb_bg_layout_dark et_pb_text_align_center et_pb_with_title et_pb_module et_flex_module\"><div class=\"percent\"><p><span class=\"percent-value\"><\/span><span class=\"percent-sign\"><\/span><\/p><\/div><h3 class=\"title\">L\u00e4nder<\/h3><\/div><\/div><div class=\"et_pb_column_7 et_pb_column et_pb_column_1_3 et-last-child et_block_column et_pb_css_mix_blend_mode_passthrough\"><div class=\"et_pb_number_counter_2 et_pb_number_counter et_pb_bg_layout_dark et_pb_text_align_center et_pb_with_title et_pb_module et_flex_module\"><div class=\"percent\"><p><span class=\"percent-value\"><\/span><span class=\"percent-sign\"><\/span><\/p><\/div><h3 class=\"title\">Jahre Erfahrung<\/h3><\/div><\/div><\/div><\/div><div class=\"et_pb_section_3 et_pb_section et_section_regular et_block_section\"><div class=\"et_pb_row_5 et_pb_row et_block_row\"><div class=\"et_pb_column_8 et_pb_column et_pb_column_4_4 et-last-child et_block_column et_pb_css_mix_blend_mode_passthrough\"><div class=\"et_pb_text_4 et_pb_text et_pb_bg_layout_light et_pb_module et_flex_module\"><div class=\"et_pb_text_inner\"><h3>Wir werden von unseren vertrauensw\u00fcrdigen Kunden <span style=\"color: #ff8057;\">geliebt &#x2665;&#xfe0f;<\/span><\/h3>\n<\/div><\/div><\/div><\/div><div class=\"et_pb_row_6 et_pb_row et_block_row\"><div class=\"et_pb_column_9 et_pb_column et_pb_column_1_3 et_block_column et_pb_css_mix_blend_mode_passthrough\"><div class=\"et_pb_image_1 et_pb_image et_pb_module et_flex_module\"><span class=\"et_pb_image_wrap\"><img decoding=\"async\" src=\"https:\/\/abroadescape.com\/nl\/wp-content\/uploads\/sites\/4\/2023\/06\/Ladinathai-test-Ladina-1.jpg\" title=\"Ladinathai-test-Ladina-1\" \/><\/span><\/div><div class=\"et_pb_text_5 et_pb_text et_pb_bg_layout_light et_pb_module et_flex_module\"><div class=\"et_pb_text_inner\"><div class=\"et_pb_module et_pb_de_mach_acf_item et_pb_de_mach_acf_item_0_tb_body et_pb_de_mach_alignment_center dmach-image-icon-placement-left\">\n<div class=\"et_pb_module_inner\">\n<div class=\"dmach-acf-item-containter\">\n<div class=\"dmach-acf-item-content\">\n<h3 class=\"dmach-acf-value\" style=\"text-align: left;\">Ladina<\/h3>\n<\/div>\n<\/div>\n<\/div>\n<\/div>\n<\/div><\/div><div class=\"et_pb_text_6 et_pb_text et_pb_bg_layout_light et_pb_module et_flex_module\"><div class=\"et_pb_text_inner\"><p>Ich bin nach Thailand gekommen und habe es sehr genossen. Es war eine tolle Erfahrung!<\/p>\n<\/div><\/div><\/div><div class=\"et_pb_column_10 et_pb_column et_pb_column_1_3 et_block_column et_pb_css_mix_blend_mode_passthrough\"><div class=\"et_pb_image_2 et_pb_image et_pb_module et_flex_module\"><span class=\"et_pb_image_wrap\"><img decoding=\"async\" src=\"https:\/\/abroadescape.com\/nl\/wp-content\/uploads\/sites\/4\/2023\/06\/Noor-nepal.jpg\" title=\"Noor-nepal\" \/><\/span><\/div><div class=\"et_pb_text_7 et_pb_text et_pb_bg_layout_light et_pb_module et_flex_module\"><div class=\"et_pb_text_inner\"><div class=\"et_pb_module et_pb_de_mach_acf_item et_pb_de_mach_acf_item_0_tb_body et_pb_de_mach_alignment_center dmach-image-icon-placement-left\">\n<div class=\"et_pb_module_inner\">\n<div class=\"dmach-acf-item-containter\">\n<div class=\"dmach-acf-item-content\">\n<h3>Noor<\/h3>\n<\/div>\n<\/div>\n<\/div>\n<\/div>\n<\/div><\/div><div class=\"et_pb_text_8 et_pb_text et_pb_bg_layout_light et_pb_module et_flex_module\"><div class=\"et_pb_text_inner\"><p>Ich hatte eine sehr sch\u00f6ne Zeit und habe viel \u00fcber die Kultur gelernt.<\/p>\n<\/div><\/div><\/div><div class=\"et_pb_column_11 et_pb_column et_pb_column_1_3 et-last-child et_block_column et_pb_css_mix_blend_mode_passthrough\"><div class=\"et_pb_image_3 et_pb_image et_pb_module et_flex_module\"><span class=\"et_pb_image_wrap\"><img decoding=\"async\" src=\"https:\/\/abroadescape.com\/nl\/wp-content\/uploads\/sites\/4\/2023\/06\/annelies-pics.jpg\" title=\"annelies-pics\" \/><\/span><\/div><div class=\"et_pb_text_9 et_pb_text et_pb_bg_layout_light et_pb_module et_flex_module\"><div class=\"et_pb_text_inner\"><div class=\"et_pb_module et_pb_de_mach_acf_item et_pb_de_mach_acf_item_0_tb_body et_pb_de_mach_alignment_center dmach-image-icon-placement-left\">\n<div class=\"et_pb_module_inner\">\n<div class=\"dmach-acf-item-containter\">\n<div class=\"dmach-acf-item-content\">\n<h3 class=\"dmach-acf-value\" style=\"text-align: left;\"><span>Anne<\/span><\/h3>\n<\/div>\n<\/div>\n<\/div>\n<\/div>\n<\/div><\/div><div class=\"et_pb_text_10 et_pb_text et_pb_bg_layout_light et_pb_module et_flex_module\"><div class=\"et_pb_text_inner\"><p>Es waren die besten zwei Wochen, die ich je erlebt habe.<\/p>\n<\/div><\/div><\/div><\/div><\/div><div class=\"et_pb_section_4 et_pb_section et_section_regular et_block_section\"><div class=\"et_pb_row_7 et_pb_row et_block_row\"><div class=\"et_pb_column_12 et_pb_column et_pb_column_1_3 et_block_column et_pb_css_mix_blend_mode_passthrough\"><div class=\"et_pb_module et_pb_button_module_wrapper et_pb_button_1_wrapper preset--module--divi-button--65fc582f-6090-4db9-a2d3-21c17afb0fe1_wrapper\"><a class=\"et_pb_button_1 et_pb_button et_pb_bg_layout_light et_pb_module et_flex_module preset--module--divi-button--65fc582f-6090-4db9-a2d3-21c17afb0fe1\" href=\"https:\/\/abroadescape.com\/de\/buchen\">Jetzt buchen<\/a><\/div><\/div><div class=\"et_pb_column_13 et_pb_column et_pb_column_1_3 et_block_column et_pb_css_mix_blend_mode_passthrough\"><div class=\"et_pb_blurb_0 et_pb_blurb et_pb_bg_layout_light et_pb_blurb_position_top et_pb_module et_flex_module\"><div class=\"et_pb_blurb_content et_flex_module\"><div class=\"et_pb_main_blurb_image\"><span class=\"et_pb_image_wrap et_pb_only_image_mode_wrap\"><img decoding=\"async\" src=\"https:\/\/abroadescape.com\/de\/wp-content\/uploads\/sites\/3\/2023\/05\/Our-Mission-1.png\" width=\"256\" height=\"256\" srcset=\"https:\/\/abroadescape.com\/de\/wp-content\/uploads\/sites\/3\/2023\/05\/Our-Mission-1.png 256w, https:\/\/abroadescape.com\/de\/wp-content\/uploads\/sites\/3\/2023\/05\/Our-Mission-1-150x150.png 150w\" sizes=\"(max-width: 256px) 100vw, 256px\" class=\"wp-image-99950\" \/><\/span><\/div><div class=\"et_pb_blurb_container\"><h4 class=\"et_pb_module_header\">UNSER AUFTRAG<\/h4><div class=\"et_pb_blurb_description\"><p>Tauchen Sie ein in eine Welt voller Sinn und Abenteuer und lassen Sie sich von unseren inspirierenden Reise- und Freiwilligenprogrammen mitrei\u00dfen!<\/p>\n<p>Entdecken Sie die Welt und machen Sie dabei etwas bewegen! Ob soziale Projekte, spannende Begegnungen mit der Tierwelt, Umweltinitiativen oder aufschlussreiche Entdeckungsprogramme \u2013 wir bieten Ihnen eine Vielzahl an M\u00f6glichkeiten, die Welt zu entdecken und gleichzeitig etwas zu bewegen.<\/p>\n<\/div><\/div><\/div><\/div><\/div><div class=\"et_pb_column_14 et_pb_column et_pb_column_1_3 et-last-child et_block_column et_pb_css_mix_blend_mode_passthrough\"><div class=\"et_pb_blurb_1 et_pb_blurb et_pb_bg_layout_light et_pb_blurb_position_top et_pb_module et_flex_module\"><div class=\"et_pb_blurb_content et_flex_module\"><div class=\"et_pb_main_blurb_image\"><span class=\"et_pb_image_wrap et_pb_only_image_mode_wrap\"><img decoding=\"async\" src=\"https:\/\/abroadescape.com\/de\/wp-content\/uploads\/sites\/3\/2023\/05\/Our-Vision-1.png\" width=\"256\" height=\"256\" srcset=\"https:\/\/abroadescape.com\/de\/wp-content\/uploads\/sites\/3\/2023\/05\/Our-Vision-1.png 256w, https:\/\/abroadescape.com\/de\/wp-content\/uploads\/sites\/3\/2023\/05\/Our-Vision-1-150x150.png 150w\" sizes=\"(max-width: 256px) 100vw, 256px\" class=\"wp-image-99951\" \/><\/span><\/div><div class=\"et_pb_blurb_container\"><h4 class=\"et_pb_module_header\">UNSERE VISION<\/h4><div class=\"et_pb_blurb_description\"><p>Suchen Sie noch nach vertrauensw\u00fcrdigen Organisationen f\u00fcr Ihre Freiwilligenarbeit im Ausland? Dann haben wir genau das Richtige f\u00fcr Sie.<\/p>\n<p>Unsere Gr\u00fcnder haben \u00fcber 20 Jahre Erfahrung im Bereich der Freiwilligenarbeit im Ausland und haben es sich zum Ziel gesetzt, Ihnen die bestm\u00f6gliche und sinnvollste Reiseerfahrung zu bieten.<\/p>\n<p>Ein Freiwilligendienst im Ausland mit Abroad Escape ist eine gro\u00dfartige M\u00f6glichkeit, sich pers\u00f6nlich weiterzuentwickeln und das gew\u00e4hlte Projekt tatkr\u00e4ftig zu unterst\u00fctzen.<\/p>\n<\/div><\/div><\/div><\/div><\/div><\/div><\/div><div class=\"et_pb_section_5 et_pb_section et_section_regular et_block_section\"><div class=\"et_pb_row_8 et_pb_row et_block_row\"><div class=\"et_pb_column_15 et_pb_column et_pb_column_4_4 et-last-child et_block_column et_pb_css_mix_blend_mode_passthrough\"><div class=\"et_pb_video_1 et_pb_video et_pb_module et_flex_module\"><div class=\"et_pb_video_box\"><iframe title=\"BROADESCAPE-FULL\" src=\"https:\/\/player.vimeo.com\/video\/907751918?dnt=1&amp;app_id=122963\" width=\"1080\" height=\"608\" frameborder=\"0\" allow=\"autoplay; fullscreen; picture-in-picture; clipboard-write; encrypted-media; web-share\" referrerpolicy=\"strict-origin-when-cross-origin\"><\/iframe><\/div><\/div><\/div><\/div><\/div><div class=\"et_pb_section_6 et_pb_section et_section_regular et_block_section\"><div class=\"et_pb_row_9 et_pb_row et_block_row\"><div class=\"et_pb_column_16 et_pb_column et_pb_column_4_4 et-last-child et_block_column et_pb_css_mix_blend_mode_passthrough\"><div class=\"et_pb_text_11 et_pb_text et_pb_bg_layout_light et_pb_module et_flex_module\"><div class=\"et_pb_text_inner\"><h2 class=\"hero-1-title mb-4 font-weight-normal line-height-1_4\">Unsere Programme im Ausland<\/h2>\n<\/div><\/div><\/div><\/div><div class=\"et_pb_row_10 et_pb_row et_block_row\"><div class=\"et_pb_column_17 et_pb_column et_pb_column_1_3 et_block_column et_pb_css_mix_blend_mode_passthrough\"><div class=\"et_pb_text_12 et_pb_text et_pb_bg_layout_light et_pb_module et_flex_module\"><div class=\"et_pb_text_inner\"><p><a href=\"https:\/\/abroadescape.com\/de\/bali\/\">Freiwilligenarbeit Bali<\/a><\/p>\n<p><a href=\"https:\/\/abroadescape.com\/de\/costa-rica\/\">Freiwilligenarbeit Costa Rica<\/a><\/p>\n<p><a href=\"https:\/\/abroadescape.com\/de\/fidschi\/\">Freiwilligenarbeit Fidschi<\/a><\/p>\n<p><a href=\"https:\/\/abroadescape.com\/de\/indien\/\">Freiwilligenarbeit Indien<\/a><\/p>\n<p><a href=\"https:\/\/abroadescape.com\/de\/kambodscha\/\">Freiwilligenarbeit Kambodscha<\/a><\/p>\n<p><a href=\"https:\/\/abroadescape.com\/de\/kap-verde\/\">Freiwilligenarbeit Kap Verde<\/a><\/p>\n<p><a href=\"https:\/\/abroadescape.com\/de\/kenia\/\">Freiwilligenarbeit Kenia<\/a><\/p>\n<\/div><\/div><\/div><div class=\"et_pb_column_18 et_pb_column et_pb_column_1_3 et_block_column et_pb_css_mix_blend_mode_passthrough\"><div class=\"et_pb_text_13 et_pb_text et_pb_bg_layout_light et_pb_module et_flex_module\"><div class=\"et_pb_text_inner\"><p><a href=\"https:\/\/abroadescape.com\/de\/laos\/\">Freiwilligenarbeit Laos<\/a><\/p>\n<p><a href=\"https:\/\/abroadescape.com\/de\/lombok\/\">Freiwilligenarbeit Lombok<\/a><\/p>\n<p><a href=\"https:\/\/abroadescape.com\/de\/portugal\/\">Freiwilligenarbeit Portugal<\/a><\/p>\n<p><a href=\"https:\/\/abroadescape.com\/de\/philippinen\/\">Freiwilligenarbeit Philippinen<\/a><\/p>\n<p><a href=\"https:\/\/abroadescape.com\/de\/madagaskar\/\">Freiwilligenarbeit Madagaskar<\/a><\/p>\n<p><a href=\"https:\/\/abroadescape.com\/de\/malawi\/\">Freiwilligenarbeit Malawi<\/a><\/p>\n<\/div><\/div><\/div><div class=\"et_pb_column_19 et_pb_column et_pb_column_1_3 et-last-child et_block_column et_pb_css_mix_blend_mode_passthrough\"><div class=\"et_pb_text_14 et_pb_text et_pb_bg_layout_light et_pb_module et_flex_module\"><div class=\"et_pb_text_inner\"><p><a href=\"https:\/\/abroadescape.com\/de\/nepal\/\">Freiwilligenarbeit Nepal<\/a><span style=\"font-size: 16px;\"><\/span><\/p>\n<p><span style=\"font-size: 16px;\"><\/span><a href=\"https:\/\/abroadescape.com\/de\/tansania\/\" style=\"font-size: 16px;\">Freiwilligenarbeit Tansania<\/a><\/p>\n<p><a href=\"https:\/\/abroadescape.com\/de\/sudkorea\/\">Freiwilligenarbeit S\u00fcdkorea<\/a><\/p>\n<p><a href=\"https:\/\/abroadescape.com\/de\/sri-lanka\/\">Freiwilligenarbeit Sri Lanka<\/a><\/p>\n<p><a href=\"https:\/\/abroadescape.com\/de\/thailand\/\">Freiwilligenarbeit Thailand<\/a><\/p>\n<p><a href=\"https:\/\/abroadescape.com\/de\/vietnam\/\">Freiwilligenarbeit Vietnam<\/a><\/p>\n<\/div><\/div><\/div><\/div><\/div>","protected":false},"excerpt":{"rendered":"","protected":false},"author":1,"featured_media":0,"parent":0,"menu_order":0,"comment_status":"closed","ping_status":"closed","template":"","meta":{"footnotes":""},"class_list":["post-104844","page","type-page","status-publish","hentry"],"_links":{"self":[{"href":"https:\/\/abroadescape.com\/de\/wp-json\/wp\/v2\/pages\/104844","targetHints":{"allow":["GET"]}}],"collection":[{"href":"https:\/\/abroadescape.com\/de\/wp-json\/wp\/v2\/pages"}],"about":[{"href":"https:\/\/abroadescape.com\/de\/wp-json\/wp\/v2\/types\/page"}],"author":[{"embeddable":true,"href":"https:\/\/abroadescape.com\/de\/wp-json\/wp\/v2\/users\/1"}],"replies":[{"embeddable":true,"href":"https:\/\/abroadescape.com\/de\/wp-json\/wp\/v2\/comments?post=104844"}],"version-history":[{"count":0,"href":"https:\/\/abroadescape.com\/de\/wp-json\/wp\/v2\/pages\/104844\/revisions"}],"wp:attachment":[{"href":"https:\/\/abroadescape.com\/de\/wp-json\/wp\/v2\/media?parent=104844"}],"curies":[{"name":"wp","href":"https:\/\/api.w.org\/{rel}","templated":true}]}}