{"id":105550,"date":"2026-04-16T15:52:07","date_gmt":"2026-04-16T15:52:07","guid":{"rendered":"https:\/\/abroadescape.com\/de\/?page_id=105550"},"modified":"2026-05-08T01:28:38","modified_gmt":"2026-05-08T01:28:38","slug":"freiwilligenarbeit-in-spanien","status":"publish","type":"page","link":"https:\/\/abroadescape.com\/de\/freiwilligenarbeit-in-spanien\/","title":{"rendered":"Freiwilligenarbeit in Spanien"},"content":{"rendered":"<div class=\"et_pb_section_0 et_pb_section et_section_regular et_flex_section\">\n<div class=\"et_pb_row_0 et_pb_row et_flex_row\">\n<div class=\"et_pb_column_0 et_pb_column et_flex_column et_pb_css_mix_blend_mode_passthrough et_flex_column_12_24 et_flex_column_12_24_tablet et_flex_column_24_24_phone\">\n<div class=\"et_pb_text_0 et_pb_text et_pb_bg_layout_light et_pb_module et_flex_module\"><div class=\"et_pb_text_inner\"><h1>Freiwilligenarbeit in Spanien mit <span style=\"color: #ff4d00;\">Abroad Escape.<\/span><\/h1>\n<\/div><\/div>\n\n<div class=\"et_pb_text_1 et_pb_text et_pb_bg_layout_light et_pb_module et_flex_module\"><div class=\"et_pb_text_inner\"><h2>Freiwilligenprogramme in Valencia, Spanien.<\/h2>\n<p>Unsere Programme befinden sich in <strong>Valencia<\/strong> und erm\u00f6glichen dir, deinen eigenen Zeitplan von <strong>2 bis 8 Wochen<\/strong> zu gestalten \u2014 mit Englischunterricht, Kinderbetreuung, Arbeit mit Menschen mit besonderem F\u00f6rderbedarf und einem medizinischen Praktikum. Unterkunft bei sorgf\u00e4ltig ausgew\u00e4hlten Gastfamilien. Programme starten jeden Montag.\u00a0<\/p>\n<\/div><\/div>\n<\/div>\n\n<div class=\"et_pb_column_1 et_pb_column et-last-child et_flex_column et_pb_css_mix_blend_mode_passthrough et_flex_column_12_24 et_flex_column_12_24_tablet et_flex_column_24_24_phone\">\n<div class=\"et_pb_image_0 et_pb_image et_pb_module et_flex_module\"><span class=\"et_pb_image_wrap\"><img loading=\"lazy\" decoding=\"async\" src=\"https:\/\/abroadescape.com\/de\/wp-content\/uploads\/sites\/3\/2026\/04\/Valencia-Special-Needs-2.jpg\" alt=\"volunteer in Valencia in Spain\" title=\"Valencia - Special Needs (2)\" width=\"1000\" height=\"750\" srcset=\"https:\/\/abroadescape.com\/de\/wp-content\/uploads\/sites\/3\/2026\/04\/Valencia-Special-Needs-2.jpg 1000w, https:\/\/abroadescape.com\/de\/wp-content\/uploads\/sites\/3\/2026\/04\/Valencia-Special-Needs-2-980x735.jpg 980w, https:\/\/abroadescape.com\/de\/wp-content\/uploads\/sites\/3\/2026\/04\/Valencia-Special-Needs-2-480x360.jpg 480w\" sizes=\"(min-width: 0px) and (max-width: 480px) 480px, (min-width: 481px) and (max-width: 980px) 980px, (min-width: 981px) 1000px, 100vw\" class=\"wp-image-105504\" \/><\/span><\/div>\n<\/div>\n<\/div>\n<\/div>\n\n<div class=\"et_pb_section_1 et_pb_section et_section_regular et_flex_section\">\n<div class=\"et_pb_row_1 et_pb_row et_flex_row\">\n<div class=\"et_pb_column_2 et_pb_column et-last-child et_flex_column et_pb_css_mix_blend_mode_passthrough et_flex_column_24_24 et_flex_column_24_24_tablet et_flex_column_24_24_phone\">\n<div class=\"et_pb_text_2 et_pb_text et_pb_bg_layout_light et_pb_module et_flex_module\"><div class=\"et_pb_text_inner\"><h2>Ist Spanien das Richtige f\u00fcr dich?<\/h2>\n<p>Spanien passt zu dir, wenn du Europa auf eine bedeutungsvolle Weise erleben m\u00f6chtest, gerne mit Kindern, in der Bildung oder im Gesundheitswesen arbeitest, praktische Erfahrung f\u00fcr deinen Lebenslauf oder dein Studium suchst oder eine erste Auslandserfahrung mit kurzen Fl\u00fcgen und ohne Visum bevorzugst.<\/p>\n<h2>Wo du sein wirst.<\/h2>\n<p>Unsere Programme in Spanien befinden sich in <strong>Valencia<\/strong>, der drittgr\u00f6\u00dften Stadt Spaniens an der S\u00fcdostk\u00fcste. Valencia vereint Strandleben, Kultur und st\u00e4dtische Energie \u2014 ohne \u00fcberw\u00e4ltigend zu wirken. Enge Gassen in der Altstadt, moderne Architektur, palmenges\u00e4umte Promenaden und 300 Sonnentage im Jahr. Du fliegst in den <strong>Flughafen Valencia International (VLC)<\/strong> ein. Ankunft ist am Sonntag zwischen 06:00 und 19:00 Uhr.<\/p>\n<h2>Schnell\u00fcbersicht \u2014 4 Projekte in Valencia.<\/h2>\n<ol>\n<li><strong>Englisch unterrichten<\/strong> \u2014 Sprachunterst\u00fctzung in Vorschul- und Grundschulklassen f\u00fcr Kinder von 3 bis 14 Jahren.<\/li>\n<li><strong>Kinderbetreuung<\/strong> \u2014 Betreuung von Kindern in Krippen und Tagesst\u00e4tten.<\/li>\n<li><strong>Arbeit mit Menschen mit besonderem F\u00f6rderbedarf<\/strong> \u2014 Unterst\u00fctzung in Gemeinschaftszentren f\u00fcr Menschen mit geistigen und k\u00f6rperlichen Behinderungen.<\/li>\n<li><strong>Medizinisches Praktikum<\/strong> \u2014 Hospitation in Kliniken und Krankenh\u00e4usern in Valencia unter Aufsicht von Fachpersonal.<\/li>\n<\/ol>\n<p><strong>Hinweis zu Feiertagen:<\/strong> An folgenden Tagen findet kein Programm statt: 1. Mai, 24. Juni, 15. August, 9. Oktober, 12. Oktober, 1. November, 6. Dezember, 8. Dezember, 25. Dezember.<\/p>\n<\/div><\/div>\n<\/div>\n<\/div>\n<\/div>\n\n<div class=\"et_pb_section_2 et_pb_section et_section_regular et_flex_section\">\n<div class=\"et_pb_row_2 et_pb_row et_flex_row\">\n<div class=\"et_pb_column_3 et_pb_column et-last-child et_flex_column et_pb_css_mix_blend_mode_passthrough et_flex_column_24_24 et_flex_column_24_24_tablet et_flex_column_24_24_phone\">\n<div class=\"et_pb_text_3 et_pb_text et_pb_bg_layout_light et_pb_module et_flex_module\"><div class=\"et_pb_text_inner\"><h2>Die Projekte im Detail.<\/h2>\n<h3>Englisch unterrichten in Valencia.<\/h3>\n<p>Verbringe deine Zeit im Ausland mit etwas, das wirklich z\u00e4hlt. In Valencia betrittst du lokale Klassenzimmer und hilfst Kindern und Jugendlichen, durch spielerische und praxisnahe Aktivit\u00e4ten Selbstvertrauen im Englischen aufzubauen. Du arbeitest Seite an Seite mit einheimischen Lehrern in echten Schulen und erh\u00e4ltst einen Blick hinter die Kulissen des spanischen Bildungssystems.<\/p>\n<h4>Unterrichtserfahrung nach Altersgruppe.<\/h4>\n<p><strong>Alter 3\u20135:<\/strong> Spielbasiertes Lernen \u2014 Lieder singen, einfache Geschichten vorlesen, Basteln und Spiele.<\/p>\n<p><strong>Alter 6\u201311:<\/strong> Unterst\u00fctzung bei strukturierteren Stunden \u2014 Leseprojekte, Wortschatzspiele, Schreibaufgaben, Kleingruppenarbeit.<\/p>\n<p><strong>Alter 12\u201314:<\/strong> Schwerpunkt auf Konversation und Selbstvertrauen \u2014 Gruppendiskussionen, Rollenspiele, alltagsbezogene Aktivit\u00e4ten.<\/p>\n<h4>Was du tun wirst.<\/h4>\n<ul>\n<li>Kindern beim \u00dcben von Englisch durch Spiele und Konversation helfen<\/li>\n<li>Lese-, Schreib- und einfache Matheaktivit\u00e4ten unterst\u00fctzen<\/li>\n<li>Kreative Einheiten durchf\u00fchren: Geschichten erz\u00e4hlen, Musik, Kunst und Handwerk<\/li>\n<li>Gruppenarbeit begleiten und einzelnen Sch\u00fclerinnen und Sch\u00fclern extra Aufmerksamkeit schenken<\/li>\n<li>Materialien vorbereiten und Aktivit\u00e4ten f\u00fcr Lektionen aufbauen<\/li>\n<\/ul>\n<p><em>Der Freiwilligenplan kann sich aufgrund von Wetterbedingungen, lokalen und unvorhergesehenen Umst\u00e4nden \u00e4ndern.<\/em><\/p>\n<h3>Kinderbetreuung in Valencia.<\/h3>\n<p>Dieses Programm bringt dich direkt ins Herz des lokalen Lebens. In Valencia verbringst du deine Tage in Kinderbetreuungseinrichtungen und Gemeinschaftsr\u00e4umen, wo du durch Spiel, Kreativit\u00e4t und allt\u00e4gliche Momente echte Verbindungen zu Kindern aufbaust. Du unterst\u00fctzt einheimische Erzieher und hilfst Kindern zu lernen, sich auszudr\u00fccken und erste Ber\u00fchrungspunkte mit Englisch zu bekommen.<\/p>\n<h4>Was du tun wirst.<\/h4>\n<ul>\n<li>Kreative Aktivit\u00e4ten begleiten: Kunst, Basteln und Musik<\/li>\n<li>Spiele spielen, die Lernf\u00e4higkeiten und soziale Kompetenzen f\u00f6rdern<\/li>\n<li>Einfaches Englisch durch Lieder und Gespr\u00e4che einf\u00fchren<\/li>\n<li>Bei Mahlzeiten, Schlafenszeit und Tagesroutinen helfen<\/li>\n<li>Drau\u00dfen mit den Kindern bei Freispielsessions sein<\/li>\n<\/ul>\n<p><em>Der Freiwilligenplan kann sich aufgrund von Wetterbedingungen, lokalen und unvorhergesehenen Umst\u00e4nden \u00e4ndern.<\/em><\/p>\n<h3>Arbeit mit Menschen mit besonderem F\u00f6rderbedarf in Valencia.<\/h3>\n<p>In Valencia verbringst du Zeit in Gemeinschaftszentren, die Menschen mit geistigen und k\u00f6rperlichen Behinderungen unterst\u00fctzen \u2014 Orte, die auf Inklusion, Respekt und allt\u00e4glicher menschlicher Verbindung aufgebaut sind. Du wirst nicht nur beobachten \u2014 du wirst aktiv dabei sein. In Zusammenarbeit mit ausgebildeten Fachleuten unterst\u00fctzt du Aktivit\u00e4ten, die Menschen helfen, Selbstvertrauen, Unabh\u00e4ngigkeit und soziale Verbindungen aufzubauen.<\/p>\n<h4>Was du tun wirst.<\/h4>\n<ul>\n<li>Kunst-, Musik- oder Sinnesaktivit\u00e4ten begleiten<\/li>\n<li>Sanfte Bewegungs- oder Sporteinheiten unterst\u00fctzen<\/li>\n<li>Spiele und soziale Interaktions\u00fcbungen durchf\u00fchren<\/li>\n<li>Bei grundlegenden Alltagsf\u00e4higkeiten oder Routinen helfen<\/li>\n<li>Aktivit\u00e4ten vorbereiten und aufbauen<\/li>\n<\/ul>\n<p><em>Der Freiwilligenplan kann sich aufgrund von Wetterbedingungen, lokalen und unvorhergesehenen Umst\u00e4nden \u00e4ndern.<\/em><\/p>\n<h3>Medizinisches Praktikum in Valencia.<\/h3>\n<p>Dieses Erlebnis gibt dir einen echten Einblick in die medizinische Welt Spaniens. Anstatt nur dar\u00fcber zu lesen, bist du direkt dabei \u2014 in Kliniken, Krankenh\u00e4usern und kommunalen Gesundheitsprogrammen, wo du durch Beobachten, Fragen stellen und situationsgerechtes Einbringen lernst. Den Gro\u00dfteil deiner Zeit verbringst du damit, medizinisches Fachpersonal bei seiner t\u00e4glichen Arbeit zu begleiten.<\/p>\n<h4>Wer sich bewerben kann.<\/h4>\n<ul>\n<li>Medizin- und Pflegestudierende, die praktische Einblicke suchen<\/li>\n<li>Absolventen, die eine Karriere im Gesundheitswesen in Betracht ziehen<\/li>\n<li>Qualifizierte Fachkr\u00e4fte, die internationale Erfahrungen sammeln m\u00f6chten<\/li>\n<\/ul>\n<h4>Was du tun wirst.<\/h4>\n<ul>\n<li>Medizinisches Fachpersonal bei der t\u00e4glichen Arbeit begleiten<\/li>\n<li>Bei einfachen, nicht-invasiven Aufgaben helfen, wo angemessen<\/li>\n<li>Triage- und Aufnahmeprozesse beobachten<\/li>\n<li>An Gesundheitsaufkl\u00e4rungs- oder Outreach-Initiativen mitwirken<\/li>\n<li>Einfache Verwaltungsaufgaben oder Dokumentation unterst\u00fctzen<\/li>\n<\/ul>\n<p><em>Dein Beteiligungsgrad h\u00e4ngt von deiner Erfahrung und Qualifikation ab. Strenge Richtlinien zum Schutz der Privatsph\u00e4re von Patienten und zum professionellen Verhalten gelten jederzeit. Der Freiwilligenplan kann sich aufgrund von lokalen und unvorhergesehenen Umst\u00e4nden \u00e4ndern.<\/em><\/p>\n<\/div><\/div>\n<\/div>\n<\/div>\n<\/div>\n\n<div class=\"et_pb_section_3 et_pb_section et_section_regular et_flex_section\">\n<div class=\"et_pb_row_3 et_pb_row et_flex_row\">\n<div class=\"et_pb_column_4 et_pb_column et-last-child et_flex_column et_pb_css_mix_blend_mode_passthrough et_flex_column_24_24 et_flex_column_24_24_tablet et_flex_column_24_24_phone\">\n<div class=\"et_pb_text_4 et_pb_text et_pb_bg_layout_light et_pb_module et_flex_module\"><div class=\"et_pb_text_inner\"><h2>Anreise, Orientierung, Unterkunft und Verpflegung.<\/h2>\n<h3>Deine Anreise.<\/h3>\n<p>Du musst am Sonntag zwischen <strong>06:00 und 19:00 Uhr<\/strong> am <strong>Flughafen Valencia International (VLC)<\/strong> ankommen. Vollst\u00e4ndige Anreiseinformationen werden nach der Annahme bereitgestellt \u2014 bitte buche keine Fl\u00fcge, bevor dein Platz best\u00e4tigt ist. Ein Mitglied des lokalen Teams holt dich ab und bringt dich zu deiner Gastfamilie.<\/p>\n<h3>Deine Orientierung.<\/h3>\n<p>Die Orientierung findet am <strong>Montag der ersten Woche<\/strong> statt. Sie umfasst: Einf\u00fchrungsgespr\u00e4ch und Erwartungskl\u00e4rung, Gesundheits- und Sicherheitshinweise, spanische Kulturkunde und Sprachgrundlagen, Stadtrundgang zur Orientierung. Danach folgt dein Programm dem regul\u00e4ren Wochenplan.<\/p>\n<h3>Unterkunft.<\/h3>\n<p>Du lebst bei einer <strong>einheimischen Gastfamilie<\/strong> in einem sicheren, gut angebundenen Viertel Valencias. Du hast dein eigenes Zimmer und gemeinsame Bereiche zum Entspannen und Kennenlernen deiner Gastgeber. Badezimmer werden geteilt. WLAN und warmes Wasser sind vorhanden. Die meisten Einsatzorte sind in 15 bis 30 Minuten mit \u00f6ffentlichen Verkehrsmitteln oder zu Fu\u00df erreichbar.<\/p>\n<h3>Mahlzeiten.<\/h3>\n<p>Drei Mahlzeiten t\u00e4glich werden von deiner Gastfamilie zubereitet \u2014 Fr\u00fchst\u00fcck, Mittagessen und Abendessen, sieben Tage die Woche. Die Mahlzeiten spiegeln die spanische Hausmannskost wider: frisches Gem\u00fcse, Meeresfr\u00fcchte, Reis, lokales Fleisch und saisonale Produkte. Ern\u00e4hrungsbed\u00fcrfnisse k\u00f6nnen mit vorheriger Ank\u00fcndigung ber\u00fccksichtigt werden.<\/p>\n<h3>Freie Zeit und Umgebung.<\/h3>\n<p>Nachmittage und Wochenenden geh\u00f6ren dir. Valencia bietet Altstadtgassen, den Kunst- und Wissenschaftskomplex, lange Strandpromenaden und einfache Verbindungen nach Madrid, Barcelona oder in die nahe gelegenen Naturgebiete. Optional: Kochkurse, Stadtf\u00fchrungen und lokale Kulturveranstaltungen.<\/p>\n<\/div><\/div>\n<\/div>\n<\/div>\n\n<div class=\"et_pb_row_4 et_pb_row et_flex_row\">\n<div class=\"et_pb_column_5 et_pb_column et-last-child et_flex_column et_pb_css_mix_blend_mode_passthrough et_flex_column_24_24 et_flex_column_24_24_tablet et_flex_column_24_24_phone\">\n<div class=\"et_pb_gallery_0 et_pb_gallery et_pb_bg_layout_light et_pb_gallery_grid et_pb_module\" data-auto-rotate=\"off\" data-auto-rotate-speed=\"\"><div class=\"et_pb_gallery_items et_post_gallery clearfix et_grid_module\" data-per_page=\"5\"><div class=\"et_pb_gallery_item et_pb_grid_item et_pb_gallery_item_0_0\"><div class=\"et_pb_gallery_image landscape\" data-per_page=\"5\"><a href=\"https:\/\/abroadescape.com\/de\/wp-content\/uploads\/sites\/3\/2026\/04\/Valencia-Special-Needs-2-1.jpg\" title=\"Valencia-Special-Needs-2-1\"><img loading=\"lazy\" decoding=\"async\" width=\"400\" height=\"284\" src=\"https:\/\/abroadescape.com\/de\/wp-content\/uploads\/sites\/3\/2026\/04\/Valencia-Special-Needs-2-1-400x284.jpg\" alt=\"\" class=\"wp-image-105612\" srcset=\"https:\/\/abroadescape.com\/de\/wp-content\/uploads\/sites\/3\/2026\/04\/Valencia-Special-Needs-2-1.jpg 479w, https:\/\/abroadescape.com\/de\/wp-content\/uploads\/sites\/3\/2026\/04\/Valencia-Special-Needs-2-1-400x284.jpg 480w\" sizes=\"(max-width:479px) 479px, 100vw\" \/><span class=\"et_overlay\" data-icon=\"\" data-icon-tablet=\"\" data-icon-phone=\"\"><\/span><\/a><\/div><\/div><div class=\"et_pb_gallery_item et_pb_grid_item et_pb_gallery_item_0_1\"><div class=\"et_pb_gallery_image landscape\" data-per_page=\"5\"><a href=\"https:\/\/abroadescape.com\/de\/wp-content\/uploads\/sites\/3\/2026\/04\/Valencia-Medical.jpg\" title=\"Valencia Medical\"><img loading=\"lazy\" decoding=\"async\" width=\"400\" height=\"284\" src=\"https:\/\/abroadescape.com\/de\/wp-content\/uploads\/sites\/3\/2026\/04\/Valencia-Medical-400x284.jpg\" alt=\"medizinisches praktikum in spanien f\u00fcr deutsche student\" class=\"wp-image-105567\" srcset=\"https:\/\/abroadescape.com\/de\/wp-content\/uploads\/sites\/3\/2026\/04\/Valencia-Medical.jpg 479w, https:\/\/abroadescape.com\/de\/wp-content\/uploads\/sites\/3\/2026\/04\/Valencia-Medical-400x284.jpg 480w\" sizes=\"(max-width:479px) 479px, 100vw\" \/><span class=\"et_overlay\" data-icon=\"\" data-icon-tablet=\"\" data-icon-phone=\"\"><\/span><\/a><\/div><\/div><div class=\"et_pb_gallery_item et_pb_grid_item et_pb_gallery_item_0_2\"><div class=\"et_pb_gallery_image landscape\" data-per_page=\"5\"><a href=\"https:\/\/abroadescape.com\/de\/wp-content\/uploads\/sites\/3\/2026\/04\/Valencia-Special-Needs-9.jpg\" title=\"Valencia-Special-Needs-9\"><img loading=\"lazy\" decoding=\"async\" width=\"400\" height=\"284\" src=\"https:\/\/abroadescape.com\/de\/wp-content\/uploads\/sites\/3\/2026\/04\/Valencia-Special-Needs-9-400x284.jpg\" alt=\"\" class=\"wp-image-105554\" srcset=\"https:\/\/abroadescape.com\/de\/wp-content\/uploads\/sites\/3\/2026\/04\/Valencia-Special-Needs-9.jpg 479w, https:\/\/abroadescape.com\/de\/wp-content\/uploads\/sites\/3\/2026\/04\/Valencia-Special-Needs-9-400x284.jpg 480w\" sizes=\"(max-width:479px) 479px, 100vw\" \/><span class=\"et_overlay\" data-icon=\"\" data-icon-tablet=\"\" data-icon-phone=\"\"><\/span><\/a><\/div><\/div><div class=\"et_pb_gallery_item et_pb_grid_item et_pb_gallery_item_0_3\"><div class=\"et_pb_gallery_image landscape\" data-per_page=\"5\"><a href=\"https:\/\/abroadescape.com\/de\/wp-content\/uploads\/sites\/3\/2026\/04\/Valencia-Teaching-English1.jpg\" title=\"Valencia-Teaching-English1\"><img loading=\"lazy\" decoding=\"async\" width=\"400\" height=\"284\" src=\"https:\/\/abroadescape.com\/de\/wp-content\/uploads\/sites\/3\/2026\/04\/Valencia-Teaching-English1-400x284.jpg\" alt=\"\" class=\"wp-image-105553\" srcset=\"https:\/\/abroadescape.com\/de\/wp-content\/uploads\/sites\/3\/2026\/04\/Valencia-Teaching-English1.jpg 479w, https:\/\/abroadescape.com\/de\/wp-content\/uploads\/sites\/3\/2026\/04\/Valencia-Teaching-English1-400x284.jpg 480w\" sizes=\"(max-width:479px) 479px, 100vw\" \/><span class=\"et_overlay\" data-icon=\"\" data-icon-tablet=\"\" data-icon-phone=\"\"><\/span><\/a><\/div><\/div><div class=\"et_pb_gallery_item et_pb_grid_item et_pb_gallery_item_0_4\"><div class=\"et_pb_gallery_image landscape\" data-per_page=\"5\"><a href=\"https:\/\/abroadescape.com\/de\/wp-content\/uploads\/sites\/3\/2026\/04\/Valencia-Special-Needs-2.jpg\" title=\"Valencia-Special-Needs-2\"><img loading=\"lazy\" decoding=\"async\" width=\"400\" height=\"284\" src=\"https:\/\/abroadescape.com\/de\/wp-content\/uploads\/sites\/3\/2026\/04\/Valencia-Special-Needs-2-400x284.jpg\" alt=\"\" class=\"wp-image-105504\" srcset=\"https:\/\/abroadescape.com\/de\/wp-content\/uploads\/sites\/3\/2026\/04\/Valencia-Special-Needs-2.jpg 479w, https:\/\/abroadescape.com\/de\/wp-content\/uploads\/sites\/3\/2026\/04\/Valencia-Special-Needs-2-400x284.jpg 480w\" sizes=\"(max-width:479px) 479px, 100vw\" \/><span class=\"et_overlay\" data-icon=\"\" data-icon-tablet=\"\" data-icon-phone=\"\"><\/span><\/a><\/div><\/div><\/div><\/div>\n<\/div>\n<\/div>\n<\/div>\n\n<div class=\"et_pb_section_4 et_pb_section et_section_regular et_flex_section\">\n<div class=\"et_pb_row_5 et_pb_row et_flex_row\">\n<div class=\"et_pb_column_6 et_pb_column et-last-child et_flex_column et_pb_css_mix_blend_mode_passthrough et_flex_column_24_24 et_flex_column_24_24_tablet et_flex_column_24_24_phone\">\n<div class=\"et_pb_text_5 et_pb_text et_pb_bg_layout_light et_pb_module et_flex_module\"><div class=\"et_pb_text_inner\"><h2>H\u00e4ufig gestellte Fragen \u2014 Spanien.<\/h2>\n<h3>Sind die Fl\u00fcge nach Spanien durch den Iran-Konflikt 2026 betroffen?<\/h3>\n<p>Nein. Spanien liegt in Westeuropa \u2014 kein Golfluftaum betroffen. Flugzeiten und -preise sind normal. Valencia ist eine der zuverl\u00e4ssigsten Destinationen f\u00fcr den Sommer 2026.<\/p>\n<h3>Ben\u00f6tige ich ein Visum?<\/h3>\n<p>EU-B\u00fcrger ben\u00f6tigen kein Visum. F\u00fcr andere Staatsangeh\u00f6rigkeiten gelten die EU-Einreisebestimmungen \u2014 bitte pr\u00fcfe deine individuelle Situation vor der Bewerbung.<\/p>\n<h3>Kann das medizinische Praktikum als Famulatur oder Pflegepraktikum anerkannt werden?<\/h3>\n<p>Das h\u00e4ngt von deiner Hochschule oder Ausbildungsstelle ab. Wir stellen auf Anfrage eine offizielle Teilnahmebest\u00e4tigung aus. Viele Universit\u00e4ten erkennen unsere medizinischen Programme an \u2014 wir empfehlen, dies vorab mit deiner Studiengangsleitung zu kl\u00e4ren.<\/p>\n<h3>Wann sollte ich mich bewerben?<\/h3>\n<p>So fr\u00fch wie m\u00f6glich \u2014 Pl\u00e4tze sind begrenzt, besonders in der Sommersaison. Du kannst dich bis zu einem Jahr im Voraus bewerben. Kurzfristige Bewerbungen sind je nach Verf\u00fcgbarkeit bis drei Wochen vor dem Startdatum m\u00f6glich.<\/p>\n<h3>Ben\u00f6tige ich Erfahrung?<\/h3>\n<p>F\u00fcr Unterricht, Kinderbetreuung und die Arbeit mit Menschen mit F\u00f6rderbedarf ist keine Vorerfahrung erforderlich. F\u00fcr das medizinische Praktikum wird ein Nachweis \u00fcber relevante Ausbildung oder Immatrikulation ben\u00f6tigt.<\/p>\n<h3>Wie viele Stunden pro Tag werde ich arbeiten?<\/h3>\n<p>Die meisten Freiwilligen arbeiten ca. 4 Stunden t\u00e4glich, Montag bis Freitag, in der Regel morgens. Nachmittage und Wochenenden sind frei.<\/p>\n<h3>Ist Valencia sicher f\u00fcr Alleinreisende?<\/h3>\n<p>Ja. Valencia ist eine sichere Gro\u00dfstadt mit gut ausgebautem \u00f6ffentlichem Nahverkehr. Du lebst bei einer Gastfamilie und hast von Anfang an einen lokalen Koordinator als Ansprechpartner. 24\/7-Notfallunterst\u00fctzung ist organisiert. Eltern k\u00f6nnen uns direkt per WhatsApp oder E-Mail kontaktieren \u2014 wir antworten pers\u00f6nlich.<\/p>\n<h3>Kann ich ein Zertifikat erhalten?<\/h3>\n<p>Ja. Ein Teilnahmezeugnis kann auf Anfrage nach erfolgreichem Abschluss ausgestellt werden.<\/p>\n<\/div><\/div>\n<\/div>\n<\/div>\n<\/div>\n\n<div class=\"et_pb_section_5 et_pb_section et_section_regular et_flex_section\">\n<div class=\"et_pb_row_6 et_pb_row et_flex_row\">\n<div class=\"et_pb_column_7 et_pb_column et-last-child et_flex_column et_pb_css_mix_blend_mode_passthrough et_flex_column_24_24 et_flex_column_24_24_tablet et_flex_column_24_24_phone\">\n<div class=\"et_pb_testimonial_0 et_pb_testimonial et_pb_testimonial_no_image et_pb_bg_layout_light et_pb_module et_flex_module\"><div class=\"et_pb_testimonial_inner\"><div class=\"et_pb_testimonial_description et_flex_module\"><div class=\"et_pb_testimonial_description_inner\"><div class=\"et_pb_testimonial_content\"><h2>Was unsere Freiwilligen sagen.<\/h2>\n<h3>Michael<\/h3>\n<p>\u201eIch habe bei Abroad Escape Freiwilligenarbeit geleistet und es war wirklich die beste Reise und Erfahrung meines Lebens.\" \u2014 Michael<\/p>\n<h3>Kate<\/h3>\n<p>\u201eDas Programm war eine gro\u00dfartige Erfahrung f\u00fcr mich. Die Kinder, die ich unterrichtete, waren sehr intelligent und fr\u00f6hlich. Sie waren sehr wissbegierig, was wirklich erstaunlich war.\" \u2014 Kate<\/p>\n<h3>Jennifer<\/h3>\n<p>\u201eDas Programm war eine tolle Erfahrung. Ich bin froh \u00fcber das gesamte Erlebnis und w\u00fcrde gerne in Zukunft zur\u00fcckkehren.\" \u2014 Jennifer<\/p>\n<\/div><\/div><div class=\"et_pb_testimonial_meta\"><\/div><\/div><\/div><\/div>\n<\/div>\n<\/div>\n<\/div>\n\n<div class=\"et_pb_section_6 et_pb_section et_section_regular et_block_section\">\n<div class=\"et_pb_row_7 et_pb_row et_block_row\" id=\"services\">\n<div class=\"et_pb_column_8 et_pb_column et_pb_column_4_4 et-last-child et_block_column et_pb_css_mix_blend_mode_passthrough\">\n<div class=\"et_pb_module et_pb_button_module_wrapper et_pb_button_0_wrapper preset--module--divi-button--79cd1246-7730-49fe-a52e-77d06003d6a6_wrapper\"><a class=\"et_pb_button_0 et_pb_button et_pb_bg_layout_light et_pb_module et_block_module preset--module--divi-button--79cd1246-7730-49fe-a52e-77d06003d6a6\" href=\"https:\/\/abroadescape.com\/spain\/\">Klicken Sie hier f\u00fcr weitere Informationen<\/a><\/div>\n<\/div>\n<\/div>\n<\/div>","protected":false},"excerpt":{"rendered":"","protected":false},"author":1,"featured_media":0,"parent":0,"menu_order":0,"comment_status":"closed","ping_status":"closed","template":"","meta":{"footnotes":""},"class_list":["post-105550","page","type-page","status-publish","hentry"],"_links":{"self":[{"href":"https:\/\/abroadescape.com\/de\/wp-json\/wp\/v2\/pages\/105550","targetHints":{"allow":["GET"]}}],"collection":[{"href":"https:\/\/abroadescape.com\/de\/wp-json\/wp\/v2\/pages"}],"about":[{"href":"https:\/\/abroadescape.com\/de\/wp-json\/wp\/v2\/types\/page"}],"author":[{"embeddable":true,"href":"https:\/\/abroadescape.com\/de\/wp-json\/wp\/v2\/users\/1"}],"replies":[{"embeddable":true,"href":"https:\/\/abroadescape.com\/de\/wp-json\/wp\/v2\/comments?post=105550"}],"version-history":[{"count":19,"href":"https:\/\/abroadescape.com\/de\/wp-json\/wp\/v2\/pages\/105550\/revisions"}],"predecessor-version":[{"id":105715,"href":"https:\/\/abroadescape.com\/de\/wp-json\/wp\/v2\/pages\/105550\/revisions\/105715"}],"wp:attachment":[{"href":"https:\/\/abroadescape.com\/de\/wp-json\/wp\/v2\/media?parent=105550"}],"curies":[{"name":"wp","href":"https:\/\/api.w.org\/{rel}","templated":true}]}}