{"id":100248,"date":"2023-07-04T07:55:14","date_gmt":"2023-07-04T07:55:14","guid":{"rendered":"https:\/\/abroadescape.com\/fr\/?page_id=100248"},"modified":"2026-02-24T04:26:04","modified_gmt":"2026-02-24T04:26:04","slug":"contact","status":"publish","type":"page","link":"https:\/\/abroadescape.com\/fr\/contact\/","title":{"rendered":"Contact"},"content":{"rendered":"<div class=\"et_pb_section_0 et_pb_section et_section_regular et_block_section et_pb_section_parallax section_has_divider et_pb_bottom_divider\"><span class=\"et-pb-parallax-wrapper\"><span class=\"et-pb-parallax-background et-pb-parallax-background-module--divi-section-0\" style=\"background-image:url(https:\/\/abroadescape.com\/nl\/wp-content\/uploads\/sites\/4\/2023\/06\/Molti-Background-1.png)\"><\/span><\/span>\n<div class=\"et_pb_row_0 et_pb_row et_pb_equal_columns et_block_row\">\n<div class=\"et_pb_column_0 et_pb_column et_pb_column_1_2 et_block_column et_pb_css_mix_blend_mode_passthrough\">\n<div class=\"et_pb_text_0 et_pb_text et_pb_bg_layout_light et_pb_module et_block_module\"><div class=\"et_pb_text_inner\"><h1 class=\"hero-1-title mb-4 font-weight-normal line-height-1_4\">Contactez-nous<br \/><span style=\"color: #ff8057;\">Abroad Escape<\/span><\/h1>\n<div class=\"col-lg-6\">\n<div class=\"hero-title pr-lg-5\">\n<p>Vous avez une question, vous avez besoin d\u2019aide pour trouver des informations ou vous souhaitez r\u00e9server ? Nous serons heureux de vous aider. Notre <span style=\"font-size: 16px;\">personnel est \u00e0 votre disposition. <\/span><span style=\"font-size: 16px;\">Contactez-nous \u00e0 l'adresse <\/span><a href=\"mailto:support@abroadescape.com\" style=\"font-size: 16px;\"><strong>support@abroadescape.com<\/strong><\/a><span style=\"font-size: 16px;\"> et nous vous r\u00e9pondrons tr\u00e8s bient\u00f4t.<\/span><\/p>\n<\/div>\n<\/div>\n<\/div><\/div>\n<\/div>\n\n<div class=\"et_pb_column_1 et_pb_column et_pb_column_1_2 et-last-child et_block_column et_pb_css_mix_blend_mode_passthrough\">\n<div class=\"et_pb_image_0 et_pb_image et_pb_module et_block_module\"><span class=\"et_pb_image_wrap\"><img decoding=\"async\" src=\"https:\/\/abroadescape.com\/nl\/wp-content\/uploads\/sites\/4\/2023\/06\/Molti-Contact-ill.png\" title=\"Molti - Contact ill\" \/><\/span><\/div>\n<\/div>\n<\/div>\n<div class=\"et_pb_bottom_inside_divider et-no-transition\"><\/div><\/div>\n\n<div class=\"et_pb_section_1 et_pb_section et_section_regular et_block_section\">\n<div class=\"et_pb_row_1 et_pb_row et_block_row\">\n<div class=\"et_pb_column_2 et_pb_column et_pb_column_1_5 et_block_column et_pb_column_empty et_pb_css_mix_blend_mode_passthrough\"><\/div>\n\n<div class=\"et_pb_column_3 et_pb_column et_pb_column_3_5 et_block_column et_pb_css_mix_blend_mode_passthrough\">\n<div class=\"wpforms_divi_form_selector_0 wpforms_divi_form_selector et_pb_module\"><div class=\"et_pb_module_inner\"><style id=\"wpforms-css-vars-103750\">\n\t\t\t\t#wpforms-103750 {\n\t\t\t\t--wpforms-field-size-input-height: 43px;\n--wpforms-field-size-input-spacing: 15px;\n--wpforms-field-size-font-size: 16px;\n--wpforms-field-size-line-height: 19px;\n--wpforms-field-size-padding-h: 14px;\n--wpforms-field-size-checkbox-size: 16px;\n--wpforms-field-size-sublabel-spacing: 5px;\n--wpforms-field-size-icon-size: 1;\n--wpforms-label-size-font-size: 16px;\n--wpforms-label-size-line-height: 19px;\n--wpforms-label-size-sublabel-font-size: 14px;\n--wpforms-label-size-sublabel-line-height: 17px;\n--wpforms-button-size-font-size: 17px;\n--wpforms-button-size-height: 41px;\n--wpforms-button-size-padding-h: 15px;\n--wpforms-button-size-margin-top: 10px;\n--wpforms-container-shadow-size-box-shadow: none;\n\t\t\t}\n\t\t\t<\/style><div class=\"wpforms-container wpforms-container-full wpforms-render-modern\" id=\"wpforms-103750\"><form id=\"wpforms-form-103750\" class=\"wpforms-validate wpforms-form wpforms-ajax-form\" data-formid=\"103750\" method=\"post\" enctype=\"multipart\/form-data\" action=\"\/fr\/wp-json\/wp\/v2\/pages\/100248\" data-token=\"145e4113ba0a0dd96602ee12a830b595\" data-token-time=\"1775318781\"><noscript class=\"wpforms-error-noscript\">Please enable JavaScript in your browser to complete this form.<\/noscript><div id=\"wpforms-error-noscript\" style=\"display: none;\">Please enable JavaScript in your browser to complete this form.<\/div><div class=\"wpforms-field-container\"><div id=\"wpforms-103750-field_1-container\" class=\"wpforms-field wpforms-field-name\" data-field-id=\"1\"><fieldset><legend class=\"wpforms-field-label\">Votre nom <span class=\"wpforms-required-label\" aria-hidden=\"true\">*<\/span><\/legend><div class=\"wpforms-field-row wpforms-field-medium\"><div class=\"wpforms-field-row-block wpforms-first wpforms-one-half\"><input type=\"text\" id=\"wpforms-103750-field_1\" class=\"wpforms-field-name-first wpforms-field-required\" name=\"wpforms[fields][1][first]\" placeholder=\"Pr\u00e9nom\" aria-errormessage=\"wpforms-103750-field_1-error\" required><label for=\"wpforms-103750-field_1\" class=\"wpforms-field-sublabel after wpforms-sublabel-hide\">First<\/label><\/div><div class=\"wpforms-field-row-block wpforms-one-half\"><input type=\"text\" id=\"wpforms-103750-field_1-last\" class=\"wpforms-field-name-last wpforms-field-required\" name=\"wpforms[fields][1][last]\" placeholder=\"Nom\" aria-errormessage=\"wpforms-103750-field_1-last-error\" required><label for=\"wpforms-103750-field_1-last\" class=\"wpforms-field-sublabel after wpforms-sublabel-hide\">Last<\/label><\/div><\/div><\/fieldset><\/div><div id=\"wpforms-103750-field_2-container\" class=\"wpforms-field wpforms-field-email\" data-field-id=\"2\"><label class=\"wpforms-field-label\" for=\"wpforms-103750-field_2\">Email <span class=\"wpforms-required-label\" aria-hidden=\"true\">*<\/span><\/label><input type=\"email\" id=\"wpforms-103750-field_2\" class=\"wpforms-field-medium wpforms-field-required\" name=\"wpforms[fields][2]\" placeholder=\"Votre email\" spellcheck=\"false\" aria-errormessage=\"wpforms-103750-field_2-error\" required><\/div><div id=\"wpforms-103750-field_5-container\" class=\"wpforms-field wpforms-field-email\" data-field-id=\"5\"><label class=\"wpforms-field-label\" for=\"wpforms-103750-field_5\">Confirmez votre email <span class=\"wpforms-required-label\" aria-hidden=\"true\">*<\/span><\/label><input type=\"email\" id=\"wpforms-103750-field_5\" class=\"wpforms-field-medium wpforms-field-required\" name=\"wpforms[fields][5]\" placeholder=\"Votre email\" spellcheck=\"false\" aria-errormessage=\"wpforms-103750-field_5-error\" required><\/div>\t\t<div id=\"wpforms-103750-field_6-container\"\n\t\t\tclass=\"wpforms-field wpforms-field-text\"\n\t\t\tdata-field-type=\"text\"\n\t\t\tdata-field-id=\"6\"\n\t\t\t>\n\t\t\t<label class=\"wpforms-field-label\" for=\"wpforms-103750-field_6\" >Confirmez pays ?<\/label>\n\t\t\t<input type=\"text\" id=\"wpforms-103750-field_6\" class=\"wpforms-field-medium\" name=\"wpforms[fields][6]\" >\n\t\t<\/div>\n\t\t<div id=\"wpforms-103750-field_4-container\" class=\"wpforms-field wpforms-field-select wpforms-field-select-style-classic\" data-field-id=\"4\"><label class=\"wpforms-field-label\" for=\"wpforms-103750-field_4\">Quel est le pays qui vous int\u00e9resse ?<\/label><select id=\"wpforms-103750-field_4\" class=\"wpforms-field-medium\" name=\"wpforms[fields][4]\"><option value=\"S\u00e9lectionnez un pays\"  class=\"choice-1 depth-1\"  >S\u00e9lectionnez un pays<\/option><option value=\"Bali\"  class=\"choice-4 depth-1\"  >Bali<\/option><option value=\"Cambodge\"  class=\"choice-5 depth-1\"  >Cambodge<\/option><option value=\"Cap Vert\"  class=\"choice-6 depth-1\"  >Cap Vert<\/option><option value=\"Cor\u00e9e du Sud\"  class=\"choice-7 depth-1\"  >Cor\u00e9e du Sud<\/option><option value=\"Costa Rica\"  class=\"choice-8 depth-1\"  >Costa Rica<\/option><option value=\"Lombok\"  class=\"choice-9 depth-1\"  >Lombok<\/option><option value=\"Fidji\"  class=\"choice-10 depth-1\"  >Fidji<\/option><option value=\"Inde\"  class=\"choice-11 depth-1\"  >Inde<\/option><option value=\"Kenya\"  class=\"choice-12 depth-1\"  >Kenya<\/option><option value=\"Laos\"  class=\"choice-13 depth-1\"  >Laos<\/option><option value=\"Madagascar\"  class=\"choice-14 depth-1\"  >Madagascar<\/option><option value=\"Malawi\"  class=\"choice-15 depth-1\"  >Malawi<\/option><option value=\"N\u00e9pal\"  class=\"choice-16 depth-1\"  >N\u00e9pal<\/option><option value=\"Philippines\"  class=\"choice-17 depth-1\"  >Philippines<\/option><option value=\"Portugal\"  class=\"choice-18 depth-1\"  >Portugal<\/option><option value=\"Sri Lanka\"  class=\"choice-19 depth-1\"  >Sri Lanka<\/option><option value=\"Tanzanie\"  class=\"choice-20 depth-1\"  >Tanzanie<\/option><option value=\"Vietnam\"  class=\"choice-21 depth-1\"  >Vietnam<\/option><option value=\"Zanzibar\"  class=\"choice-22 depth-1\"  >Zanzibar<\/option><\/select><\/div><div id=\"wpforms-103750-field_3-container\" class=\"wpforms-field wpforms-field-textarea\" data-field-id=\"3\"><label class=\"wpforms-field-label\" for=\"wpforms-103750-field_3\">Votre message<\/label><textarea id=\"wpforms-103750-field_3\" class=\"wpforms-field-medium\" name=\"wpforms[fields][3]\" aria-errormessage=\"wpforms-103750-field_3-error\" ><\/textarea><\/div><script>\n\t\t\t\t( function() {\n\t\t\t\t\tconst style = document.createElement( 'style' );\n\t\t\t\t\tstyle.appendChild( document.createTextNode( '#wpforms-103750-field_6-container { position: absolute !important; overflow: hidden !important; display: inline !important; height: 1px !important; width: 1px !important; z-index: -1000 !important; padding: 0 !important; } #wpforms-103750-field_6-container input { visibility: hidden; } #wpforms-conversational-form-page #wpforms-103750-field_6-container label { counter-increment: none; }' ) );\n\t\t\t\t\tdocument.head.appendChild( style );\n\t\t\t\t\tdocument.currentScript?.remove();\n\t\t\t\t} )();\n\t\t\t<\/script><\/div><!-- .wpforms-field-container --><div class=\"wpforms-submit-container\" ><input type=\"hidden\" name=\"wpforms[id]\" value=\"103750\"><input type=\"hidden\" name=\"page_title\" value=\"\"><input type=\"hidden\" name=\"page_url\" value=\"https:\/\/abroadescape.com\/fr\/wp-json\/wp\/v2\/pages\/100248\"><input type=\"hidden\" name=\"url_referer\" value=\"\"><button type=\"submit\" name=\"wpforms[submit]\" id=\"wpforms-submit-103750\" class=\"wpforms-submit\" data-alt-text=\"Envoyer...\" data-submit-text=\"Envoyer\" aria-live=\"assertive\" value=\"wpforms-submit\">Envoyer<\/button><img decoding=\"async\" src=\"https:\/\/abroadescape.com\/fr\/wp-content\/plugins\/wpforms\/assets\/images\/submit-spin.svg\" class=\"wpforms-submit-spinner\" style=\"display: none;\" width=\"26\" height=\"26\" alt=\"Loading\"><\/div><\/form><\/div>  <!-- .wpforms-container --><\/div><\/div>\n<\/div>\n\n<div class=\"et_pb_column_4 et_pb_column et_pb_column_1_5 et-last-child et_block_column et_pb_column_empty et_pb_css_mix_blend_mode_passthrough\"><\/div>\n<\/div>\n<\/div>\n\n<div class=\"et_pb_section_2 et_pb_section et_section_regular et_block_section\">\n<div class=\"et_pb_row_2 et_pb_row et_block_row\">\n<div class=\"et_pb_column_5 et_pb_column et_pb_column_4_4 et-last-child et_block_column et_pb_css_mix_blend_mode_passthrough\">\n<div class=\"et_pb_text_1 et_pb_text et_pb_bg_layout_light et_pb_module et_block_module\"><div class=\"et_pb_text_inner\"><h1 style=\"text-align: center;\">Pourquoi <span style=\"color: #ff8057;\">Abroad Escape<\/span><\/h1>\n<div class=\"row justify-content-center\">\n<div class=\"col-lg-6 col-md-8\">\n<div class=\"title text-center mb-5\">\n<p>Abroad Escape s'engage \u00e0 vous offrir des exp\u00e9riences de voyage de la plus haute qualit\u00e9 et les plus significatives possibles. Avec nos 133 projets de volontariat international \u00e0 l'\u00e9tranger et nos stages d'immersion dans 21 pays, vous aurez la chance d'avoir un impact r\u00e9el sur la vie des communaut\u00e9s locales. Gr\u00e2ce \u00e0 nos programmes de volontariat en immersion, vous aurez l'occasion de vous engager aupr\u00e8s des communaut\u00e9s locales et d'avoir un impact r\u00e9el sur la vie de ceux qui vous entourent. Mais ce n'est pas tout : vous cr\u00e9erez \u00e9galement des amiti\u00e9s durables avec d'autres voyageurs internationaux qui partagent votre passion du voyage et de l'action positive.<\/p>\n<p style=\"text-align: center;\">\n<\/div>\n<\/div>\n<\/div>\n<\/div><\/div>\n<\/div>\n<\/div>\n\n<div class=\"et_pb_row_3 et_pb_row et_pb_gutters1 et_block_row\">\n<div class=\"et_pb_column_6 et_pb_column et_pb_column_1_3 et_block_column et_pb_css_mix_blend_mode_passthrough\">\n<div class=\"et_pb_number_counter_0 et_pb_number_counter et_pb_bg_layout_dark et_pb_text_align_center et_pb_with_title et_pb_module et_block_module\"><div class=\"percent\"><p><span class=\"percent-value\"><\/span><span class=\"percent-sign\"><\/span><\/p><\/div><h3 class=\"title\">Projets<\/h3><\/div>\n<\/div>\n\n<div class=\"et_pb_column_7 et_pb_column et_pb_column_1_3 et_block_column et_pb_css_mix_blend_mode_passthrough\">\n<div class=\"et_pb_number_counter_1 et_pb_number_counter et_pb_bg_layout_dark et_pb_text_align_center et_pb_with_title et_pb_module et_block_module\"><div class=\"percent\"><p><span class=\"percent-value\"><\/span><span class=\"percent-sign\"><\/span><\/p><\/div><h3 class=\"title\">Pays<\/h3><\/div>\n<\/div>\n\n<div class=\"et_pb_column_8 et_pb_column et_pb_column_1_3 et-last-child et_block_column et_pb_css_mix_blend_mode_passthrough\">\n<div class=\"et_pb_number_counter_2 et_pb_number_counter et_pb_bg_layout_dark et_pb_text_align_center et_pb_with_title et_pb_module et_block_module\"><div class=\"percent\"><p><span class=\"percent-value\"><\/span><span class=\"percent-sign\"><\/span><\/p><\/div><h3 class=\"title\">Ann\u00e9es d'exp\u00e9rience<\/h3><\/div>\n<\/div>\n<\/div>\n<\/div>\n\n<div class=\"et_pb_section_3 et_pb_section et_section_regular et_block_section\">\n<div class=\"et_pb_row_4 et_pb_row et_block_row\">\n<div class=\"et_pb_column_9 et_pb_column et_pb_column_4_4 et-last-child et_block_column et_pb_css_mix_blend_mode_passthrough\">\n<div class=\"et_pb_text_2 et_pb_text et_pb_bg_layout_light et_pb_module et_block_module\"><div class=\"et_pb_text_inner\"><h5 style=\"text-align: center;\">T\u00e9moignages<\/h5>\n<h2 class=\"mb-3\" style=\"text-align: center;\">Happy <span style=\"color: #ff8057;\">Customers<\/span><\/h2>\n<\/div><\/div>\n<\/div>\n<\/div>\n\n<div class=\"et_pb_row_5 et_pb_row et_block_row\">\n<div class=\"et_pb_column_10 et_pb_column et_pb_column_1_3 et_block_column et_pb_css_mix_blend_mode_passthrough\">\n<div class=\"et_pb_image_1 et_pb_image et_pb_module et_block_module\"><span class=\"et_pb_image_wrap\"><img decoding=\"async\" src=\"https:\/\/abroadescape.com\/nl\/wp-content\/uploads\/sites\/4\/2023\/06\/Ladinathai-test-Ladina-1.jpg\" title=\"Ladinathai-test-Ladina-1\" \/><\/span><\/div>\n\n<div class=\"et_pb_text_3 et_pb_text et_pb_bg_layout_light et_pb_module et_block_module\"><div class=\"et_pb_text_inner\"><div class=\"et_pb_module et_pb_de_mach_acf_item et_pb_de_mach_acf_item_0_tb_body et_pb_de_mach_alignment_center dmach-image-icon-placement-left\">\n<div class=\"et_pb_module_inner\">\n<div class=\"dmach-acf-item-containter\">\n<div class=\"dmach-acf-item-content\">\n<h3 class=\"dmach-acf-value\" style=\"text-align: left;\">Ladina<\/h3>\n<\/div>\n<\/div>\n<\/div>\n<\/div>\n<\/div><\/div>\n\n<div class=\"et_pb_text_4 et_pb_text et_pb_bg_layout_light et_pb_module et_block_module\"><div class=\"et_pb_text_inner\"><p>Je me suis inscrite en Tha\u00eflande et j'ai vraiment appr\u00e9ci\u00e9. C'\u00e9tait une belle exp\u00e9rience !<\/p>\n<\/div><\/div>\n<\/div>\n\n<div class=\"et_pb_column_11 et_pb_column et_pb_column_1_3 et_block_column et_pb_css_mix_blend_mode_passthrough\">\n<div class=\"et_pb_image_2 et_pb_image et_pb_module et_block_module\"><span class=\"et_pb_image_wrap\"><img decoding=\"async\" src=\"https:\/\/abroadescape.com\/nl\/wp-content\/uploads\/sites\/4\/2023\/06\/Noor-nepal.jpg\" title=\"Noor-nepal\" \/><\/span><\/div>\n\n<div class=\"et_pb_text_5 et_pb_text et_pb_bg_layout_light et_pb_module et_block_module\"><div class=\"et_pb_text_inner\"><div class=\"et_pb_module et_pb_de_mach_acf_item et_pb_de_mach_acf_item_0_tb_body et_pb_de_mach_alignment_center dmach-image-icon-placement-left\">\n<div class=\"et_pb_module_inner\">\n<div class=\"dmach-acf-item-containter\">\n<div class=\"dmach-acf-item-content\">\n<h3>Noor<\/h3>\n<\/div>\n<\/div>\n<\/div>\n<\/div>\n<\/div><\/div>\n\n<div class=\"et_pb_text_6 et_pb_text et_pb_bg_layout_light et_pb_module et_block_module\"><div class=\"et_pb_text_inner\"><p>J'ai pass\u00e9 un tr\u00e8s bon moment, j'ai beaucoup appris sur la culture et les gens. Je commen\u00e7ais \u00e0 me sentir chez moi. Les gens et les enfants ont \u00e9t\u00e9 tr\u00e8s gentils avec moi et j'ai ador\u00e9 faire des choses avec eux. Merci de m'avoir fait passer un bon moment !<\/p>\n<\/div><\/div>\n<\/div>\n\n<div class=\"et_pb_column_12 et_pb_column et_pb_column_1_3 et-last-child et_block_column et_pb_css_mix_blend_mode_passthrough\">\n<div class=\"et_pb_image_3 et_pb_image et_pb_module et_block_module\"><span class=\"et_pb_image_wrap\"><img decoding=\"async\" src=\"https:\/\/abroadescape.com\/nl\/wp-content\/uploads\/sites\/4\/2023\/06\/annelies-pics.jpg\" title=\"annelies-pics\" \/><\/span><\/div>\n\n<div class=\"et_pb_text_7 et_pb_text et_pb_bg_layout_light et_pb_module et_block_module\"><div class=\"et_pb_text_inner\"><div class=\"et_pb_module et_pb_de_mach_acf_item et_pb_de_mach_acf_item_0_tb_body et_pb_de_mach_alignment_center dmach-image-icon-placement-left\">\n<div class=\"et_pb_module_inner\">\n<div class=\"dmach-acf-item-containter\">\n<div class=\"dmach-acf-item-content\">\n<h3 class=\"dmach-acf-value\" style=\"text-align: left;\"><span>Anne<\/span><\/h3>\n<\/div>\n<\/div>\n<\/div>\n<\/div>\n<\/div><\/div>\n\n<div class=\"et_pb_text_8 et_pb_text et_pb_bg_layout_light et_pb_module et_block_module\"><div class=\"et_pb_text_inner\"><p>Le programme \u00e9tait bon et le soutien du coordinateur \u00e9tait merveilleux. Ces deux semaines ont \u00e9t\u00e9 les meilleures de ma vie. Je me suis sentie utile et sp\u00e9ciale de faire partie de ce programme. J'ai appr\u00e9ci\u00e9 chaque minute. J'ai appr\u00e9ci\u00e9 chaque minute.<\/p>\n<\/div><\/div>\n<\/div>\n<\/div>\n<\/div>","protected":false},"excerpt":{"rendered":"","protected":false},"author":1,"featured_media":0,"parent":0,"menu_order":0,"comment_status":"closed","ping_status":"closed","template":"","meta":{"footnotes":""},"class_list":["post-100248","page","type-page","status-publish","hentry"],"_links":{"self":[{"href":"https:\/\/abroadescape.com\/fr\/wp-json\/wp\/v2\/pages\/100248","targetHints":{"allow":["GET"]}}],"collection":[{"href":"https:\/\/abroadescape.com\/fr\/wp-json\/wp\/v2\/pages"}],"about":[{"href":"https:\/\/abroadescape.com\/fr\/wp-json\/wp\/v2\/types\/page"}],"author":[{"embeddable":true,"href":"https:\/\/abroadescape.com\/fr\/wp-json\/wp\/v2\/users\/1"}],"replies":[{"embeddable":true,"href":"https:\/\/abroadescape.com\/fr\/wp-json\/wp\/v2\/comments?post=100248"}],"version-history":[{"count":0,"href":"https:\/\/abroadescape.com\/fr\/wp-json\/wp\/v2\/pages\/100248\/revisions"}],"wp:attachment":[{"href":"https:\/\/abroadescape.com\/fr\/wp-json\/wp\/v2\/media?parent=100248"}],"curies":[{"name":"wp","href":"https:\/\/api.w.org\/{rel}","templated":true}]}}