{"id":100318,"date":"2023-07-04T10:50:17","date_gmt":"2023-07-04T10:50:17","guid":{"rendered":"https:\/\/abroadescape.com\/fr\/?page_id=100318"},"modified":"2025-11-05T03:50:16","modified_gmt":"2025-11-05T03:50:16","slug":"stage-etranger","status":"publish","type":"page","link":"https:\/\/abroadescape.com\/fr\/stage-etranger\/","title":{"rendered":"stage etranger"},"content":{"rendered":"<div class=\"et_pb_section_0 et_pb_section et_section_regular et_block_section\"><div class=\"et_pb_row_0 et_pb_row et_pb_equal_columns et_block_row inline-buttons-row\"><div class=\"et_pb_column_0 et_pb_column et_pb_column_1_2 et_block_column et_pb_css_mix_blend_mode_passthrough\"><div class=\"et_pb_text_0 et_pb_text et_pb_bg_layout_light et_pb_module et_flex_module\"><div class=\"et_pb_text_inner\"><h1 class=\"hero-1-title mb-4 font-weight-normal line-height-1_4\">Stage \u00e0 l'\u00e9tranger avec<span>\u00a0<\/span><span style=\"color: #ff8057;\"><strong><span class=\"text-primary font-weight-medium\">Abroad Escape<\/span><\/strong><\/span><\/h1>\n<div class=\"col-lg-6\">\n<div class=\"hero-title pr-lg-5\">\n<p><span style=\"font-size: 16px;\">Stages \u00e0 l\u2019\u00e9tranger - Gagnez de l'exp\u00e9rience pratique \u00e0 l'\u00e9tranger et d\u00e9couvrez ce dont vous \u00eates capable!<\/span><\/p>\n<p><span style=\"font-size: 16px;\">Nos programmes de b\u00e9n\u00e9volat \u00e0 l'\u00e9tranger et nos stages internationaux vous offrent la possibilit\u00e9 de vous immerger v\u00e9ritablement dans les cultures locales. Pourquoi voyager comme un touriste alors que vous pouvez voyager avec un objectif ? Rejoignez-nous et rencontrez des personnes du monde entier dans les meilleurs programmes tout en ayant un impact positif sur le monde.<\/span><\/p>\n<\/div>\n<\/div>\n<\/div><\/div><div class=\"et_pb_module et_pb_button_module_wrapper et_pb_button_0_wrapper preset--module--divi-button--c509f5f4-e002-471f-b8ae-7f276843bdcc_wrapper\"><a class=\"et_pb_button_0 et_pb_button et_pb_bg_layout_light et_pb_module et_flex_module preset--module--divi-button--c509f5f4-e002-471f-b8ae-7f276843bdcc\" href=\"https:\/\/abroadescape.com\/fr\/a-propos\">\u00c0 propos de nous<\/a><\/div><\/div><div class=\"et_pb_column_1 et_pb_column et_pb_column_1_2 et-last-child et_block_column et_pb_css_mix_blend_mode_passthrough\"><div class=\"et_pb_image_0 et_pb_image et_pb_module et_flex_module\"><span class=\"et_pb_image_wrap\"><img loading=\"lazy\" decoding=\"async\" src=\"https:\/\/abroadescape.com\/fr\/wp-content\/uploads\/sites\/2\/2023\/05\/laos-Culture-1.jpg\" title=\"laos-Culture-1\" width=\"900\" height=\"675\" srcset=\"https:\/\/abroadescape.com\/fr\/wp-content\/uploads\/sites\/2\/2023\/05\/laos-Culture-1.jpg 900w, https:\/\/abroadescape.com\/fr\/wp-content\/uploads\/sites\/2\/2023\/05\/laos-Culture-1-480x360.jpg 480w\" sizes=\"(min-width: 0px) and (max-width: 480px) 480px, (min-width: 481px) 900px, 100vw\" class=\"wp-image-100192\" \/><\/span><\/div><\/div><\/div><\/div><div class=\"et_pb_section_1 et_pb_section et_section_regular et_block_section our-services-section\"><div class=\"et_pb_row_1 et_pb_row et_block_row\"><div class=\"et_pb_column_2 et_pb_column et_pb_column_4_4 et-last-child et_block_column et_pb_css_mix_blend_mode_passthrough\"><div class=\"et_pb_text_1 et_pb_text et_pb_bg_layout_light et_pb_module et_flex_module\"><div class=\"et_pb_text_inner\"><h1 style=\"text-align: center;\">Nos programmes <span style=\"color: #ff8057;\">dans le monde entier<\/span><\/h1>\n<div class=\"row\">\n<div class=\"col-lg-4 col-md-6\">\n<div class=\"service-box service-warning\">\n<div class=\"mb-5\"><\/div>\n<\/div>\n<\/div>\n<\/div>\n<\/div><\/div><\/div><\/div><div class=\"et_pb_row_2 et_pb_row et_block_row\"><div class=\"et_pb_column_3 et_pb_column et_pb_column_1_2 et_block_column et_pb_css_mix_blend_mode_passthrough\"><div class=\"et_pb_blurb_0 et_pb_blurb et_pb_bg_layout_light et_pb_text_align_center et_pb_blurb_position_top et_clickable et_pb_module et_flex_module service-card\"><div class=\"et_pb_blurb_content et_flex_module\"><div class=\"et_pb_blurb_container\"><h4 class=\"et_pb_module_header\"><a href=\"https:\/\/abroadescape.com\/fr\/pays-daction\/\">B\u00e9n\u00e9volat \u00e0 l'\u00e9tranger<\/a><\/h4><div class=\"et_pb_blurb_description\"><p>Rejoignez nos programmes de volontariat \u00e0 l'\u00e9tranger offrant de nombreux choix.<\/p>\n<p><span style=\"font-size: 45px; color: #ff8057;\"><span class=\"right-icon\">\u2192<\/span><\/span><\/p>\n<\/div><\/div><\/div><\/div><\/div><div class=\"et_pb_column_4 et_pb_column et_pb_column_1_2 et-last-child et_block_column et_pb_css_mix_blend_mode_passthrough\"><div class=\"et_pb_blurb_1 et_pb_blurb et_pb_bg_layout_light et_pb_text_align_center et_pb_blurb_position_top et_clickable et_pb_module et_flex_module service-card\"><div class=\"et_pb_blurb_content et_flex_module\"><div class=\"et_pb_blurb_container\"><h4 class=\"et_pb_module_header\"><a href=\"https:\/\/abroadescape.com\/fr\/pays-daction\/\">Stages internationaux<\/a><\/h4><div class=\"et_pb_blurb_description\"><p><span style=\"font-weight: 400;\">Apprenez et acqu\u00e9rez de l'exp\u00e9rience pour votre carri\u00e8re et votre d\u00e9veloppement personnel.<\/span><\/p>\n<p><span style=\"font-size: 45px; color: #ff8057;\"><span class=\"right-icon\">\u2192<\/span><\/span><\/p>\n<\/div><\/div><\/div><\/div><\/div><\/div><\/div><div class=\"et_pb_section_2 et_pb_section et_section_regular et_block_section section_has_divider et_pb_bottom_divider\"><div class=\"et_pb_row_3 et_pb_row et_pb_equal_columns et_block_row\"><div class=\"et_pb_column_5 et_pb_column et_pb_column_1_2 et_block_column et_pb_css_mix_blend_mode_passthrough\"><div class=\"et_pb_text_2 et_pb_text et_pb_bg_layout_light et_pb_module et_flex_module\"><div class=\"et_pb_text_inner\"><h1 class=\"hero-1-title mb-4 font-weight-normal line-height-1_4\">T\u00e9moignage <span style=\"color: #ff8057;\">Sarah Snook<\/span><\/h1>\n<div class=\"col-lg-6\">\n<div class=\"hero-title pr-lg-5\">\n<p>Un t\u00e9moignage de Sarah Snook, la c\u00e9l\u00e8bre actrice hollywoodienne qui a rejoint notre programme de b\u00e9n\u00e9volat.<\/p>\n<\/div>\n<\/div>\n<\/div><\/div><div class=\"et_pb_module et_pb_button_module_wrapper et_pb_button_1_wrapper preset--module--divi-button--5225fed0-1734-477e-a472-f18aeb0f4fd3_wrapper\"><a class=\"et_pb_button_1 et_pb_button et_pb_bg_layout_light et_pb_module et_flex_module preset--module--divi-button--5225fed0-1734-477e-a472-f18aeb0f4fd3\" href=\"https:\/\/abroadescape.com\/fr\/avis-et-temoignages\">PLUS D&#039;AVIS<\/a><\/div><\/div><div class=\"et_pb_column_6 et_pb_column et_pb_column_1_2 et-last-child et_block_column et_pb_css_mix_blend_mode_passthrough\"><div class=\"et_pb_video_0 et_pb_video et_pb_module et_flex_module\"><div class=\"et_pb_video_box\"><iframe loading=\"lazy\" title=\"YouTube video\" width=\"1080\" height=\"608\" src=\"https:\/\/www.youtube.com\/embed\/XZMmmqOg7YI?feature=oembed\" allow=\"accelerometer; autoplay; clipboard-write; encrypted-media; gyroscope; picture-in-picture; web-share\" referrerpolicy=\"strict-origin-when-cross-origin\" allowfullscreen><\/iframe><\/div><div class=\"et_pb_video_overlay\" style=\"background-image:url(\/\/i.ytimg.com\/vi\/XZMmmqOg7YI\/hqdefault.jpg)\"><div class=\"et_pb_video_overlay_hover\"><a class=\"et_pb_video_play\" href=\"#\"><\/a><\/div><\/div><\/div><\/div><\/div><div class=\"et_pb_bottom_inside_divider et-no-transition\"><\/div><\/div>","protected":false},"excerpt":{"rendered":"","protected":false},"author":1,"featured_media":0,"parent":0,"menu_order":0,"comment_status":"closed","ping_status":"closed","template":"","meta":{"footnotes":""},"class_list":["post-100318","page","type-page","status-publish","hentry"],"_links":{"self":[{"href":"https:\/\/abroadescape.com\/fr\/wp-json\/wp\/v2\/pages\/100318","targetHints":{"allow":["GET"]}}],"collection":[{"href":"https:\/\/abroadescape.com\/fr\/wp-json\/wp\/v2\/pages"}],"about":[{"href":"https:\/\/abroadescape.com\/fr\/wp-json\/wp\/v2\/types\/page"}],"author":[{"embeddable":true,"href":"https:\/\/abroadescape.com\/fr\/wp-json\/wp\/v2\/users\/1"}],"replies":[{"embeddable":true,"href":"https:\/\/abroadescape.com\/fr\/wp-json\/wp\/v2\/comments?post=100318"}],"version-history":[{"count":0,"href":"https:\/\/abroadescape.com\/fr\/wp-json\/wp\/v2\/pages\/100318\/revisions"}],"wp:attachment":[{"href":"https:\/\/abroadescape.com\/fr\/wp-json\/wp\/v2\/media?parent=100318"}],"curies":[{"name":"wp","href":"https:\/\/api.w.org\/{rel}","templated":true}]}}