{"id":101197,"date":"2023-07-28T05:11:29","date_gmt":"2023-07-28T05:11:29","guid":{"rendered":"https:\/\/abroadescape.com\/fr\/?page_id=101197"},"modified":"2025-11-05T03:50:56","modified_gmt":"2025-11-05T03:50:56","slug":"politique-de-confidentialite","status":"publish","type":"page","link":"https:\/\/abroadescape.com\/fr\/politique-de-confidentialite\/","title":{"rendered":"Politique de Confidentialit\u00e9"},"content":{"rendered":"<div class=\"et_pb_section_0 et_pb_section et_section_regular et_block_section\"><div class=\"et_pb_row_0 et_pb_row et_block_row\"><div class=\"et_pb_column_0 et_pb_column et_pb_column_4_4 et-last-child et_block_column et_pb_css_mix_blend_mode_passthrough\"><div class=\"et_pb_text_0 et_pb_text et_pb_bg_layout_light et_pb_module et_flex_module\"><div class=\"et_pb_text_inner\"><h3>Politique de Confidentialit\u00e9<\/h3>\n<\/div><\/div><div class=\"et_pb_text_1 et_pb_text et_pb_bg_layout_light et_pb_module et_flex_module\"><div class=\"et_pb_text_inner\"><p>La politique de confidentialit\u00e9 est faite pour vous faire savoir comment Abroad Escape utilise et prot\u00e8ge les informations que vous fournissez Abroad Escape lorsque vous utilisez notre site Web.<\/p>\n<p>Abroad Escape veillera \u00e0 ce que votre vie priv\u00e9e soit enti\u00e8rement prot\u00e9g\u00e9e. Si Abroad Escape vous demande de fournir certaines informations permettant de vous identifier lors de l'utilisation de notre site Web, vous pouvez \u00eatre assur\u00e9 que vos informations ne seront utilis\u00e9es que conform\u00e9ment \u00e0 la pr\u00e9sente d\u00e9claration de politique de confidentialit\u00e9.<\/p>\n<p><strong>Vos informations que nous collectons pour participer \u00e0 nos programmes sont les suivantes :<\/strong><br \/>Nom et pr\u00e9nom<br \/>Informations sur le passeport<br \/>V\u00e9rification des ant\u00e9c\u00e9dents criminels<br \/>Coordonn\u00e9es comprenant les num\u00e9ros de t\u00e9l\u00e9phone et l'adresse e-mail<br \/>Informations d\u00e9mographiques telles que le code postal, les pr\u00e9f\u00e9rences et les int\u00e9r\u00eats<br \/>Pr\u00e9f\u00e9rences de voyage<br \/>D\u00e9tails de l'assurance<br \/>Informations m\u00e9dicales telles que les besoins sp\u00e9ciaux, les handicaps, les conditions m\u00e9dicales, les vaccinations et les exigences alimentaires<br \/>et d'autres informations pertinentes pour les sondages et\/ou les offres aupr\u00e8s des clients<\/p>\n<p><strong>Comment nous recueillons des informations<\/strong><br \/>Vos informations sont collect\u00e9es lors de demandes d'informations et de communications g\u00e9n\u00e9rales par le biais de communications t\u00e9l\u00e9phoniques, de communications Internet et d'autres supports \u00e9lectroniques.<\/p>\n<p><strong>Que faisons-nous des informations que vous fournissez ?<\/strong><br \/>Nous avons besoin de vos informations pour comprendre vos besoins afin de vous fournir un meilleur service, notamment pour les raisons suivantes :<\/p>\n<p><strong>Enregistrement interne<\/strong><br \/>Nous pouvons utiliser vos informations pour am\u00e9liorer et d\u00e9velopper nos produits et services.<br \/>Nous pouvons \u00e0 intervalles r\u00e9guliers envoyer des e-mails promotionnels pour vous informer des nouveaux produits, des newsletters, des offres sp\u00e9ciales ou d'autres informations que nous pensons susceptibles de vous int\u00e9resser en utilisant l'adresse e-mail que vous avez fournie.<\/p>\n<p>Nous pouvons \u00e9galement utiliser vos informations pour vous contacter concernant vos commentaires sur les programmes auxquels vous auriez particip\u00e9 et \u00e9galement \u00e0 des fins d'\u00e9tudes de march\u00e9. Nous pouvons vous contacter par e-mail ou par t\u00e9l\u00e9phone.<\/p>\n<p>En raison de la nature de nos activit\u00e9s, nous pouvons \u00e9galement \u00eatre amen\u00e9s \u00e0 divulguer vos informations \u00e0 nos organisations partenaires et fournisseurs tiers pour vous fournir les services et arrangements de voyage que vous avez r\u00e9serv\u00e9s dans votre produit de voyage avec nous, ceux-ci peuvent \u00eatre en dehors de Royaume-Uni\/EEE et peut ne pas avoir le m\u00eame niveau de lois sur la confidentialit\u00e9 que celui existant au Royaume-Uni\/EEE. Nous prendrons des mesures raisonnables pour nous assurer que vos droits \u00e0 la vie priv\u00e9e sont prot\u00e9g\u00e9s.<\/p>\n<p><strong>S\u00e9curit\u00e9<\/strong><br \/>Nous nous engageons fortement \u00e0 garantir la s\u00e9curit\u00e9 de toutes vos informations. Afin de prot\u00e9ger vos informations, nous avons pris toutes les mesures pour sauvegarder et s\u00e9curiser les informations que nous collectons en ligne.<\/p>\n<p><strong>Contr\u00f4le de vos informations personnelles<\/strong><br \/>Vous pouvez choisir de restreindre la collecte ou l'utilisation de certaines informations personnelles des mani\u00e8res suivantes\u00a0:<\/p>\n<p>Vous pouvez choisir de restreindre vos informations en cochant la case pour indiquer que vous ne souhaitez pas que les informations soient utilis\u00e9es par qui que ce soit \u00e0 des fins de marketing direct.<\/p>\n<p>Si vous avez pr\u00e9alablement accept\u00e9 que nous utilisions vos informations personnelles \u00e0 des fins de marketing direct, vous pouvez choisir \u00e0 tout moment en nous \u00e9crivant ou en nous envoyant un e-mail.<br \/>Nous ne distribuerons pas vos informations personnelles \u00e0 des tiers \u00e0 moins que nous n'ayons votre permission ou que la loi ne nous oblige \u00e0 le faire.<\/p>\n<p>Vous pouvez demander des d\u00e9tails sur les informations personnelles que nous d\u00e9tenons \u00e0 votre sujet en vertu de la loi sur la protection des donn\u00e9es de 1998.<\/p>\n<p><strong>R\u00e8glement g\u00e9n\u00e9ral sur la protection des donn\u00e9es<\/strong><br \/>Vous pouvez demander des d\u00e9tails sur les informations personnelles que nous d\u00e9tenons \u00e0 votre sujet en vertu du RGPD en nous contactant.<\/p>\n<p><strong>Vos droits selon GDPR :<\/strong><br \/>Le droit d'\u00eatre inform\u00e9<br \/>Le droit d'acc\u00e8s<br \/>Le droit de rectification<br \/>Le droit d'effacement<br \/>Le droit de limiter le traitement<br \/>Le droit \u00e0 la portabilit\u00e9 des donn\u00e9es<br \/>Le droit d'opposition<br \/>Droits relatifs \u00e0 la prise de d\u00e9cision automatis\u00e9e et au profilage<\/p>\n<p>Si vous pensez que les informations que nous d\u00e9tenons sur vous sont incorrectes ou incompl\u00e8tes, veuillez nous \u00e9crire ou nous envoyer un e-mail d\u00e8s que possible. Nous corrigerons rapidement toute information jug\u00e9e incorrecte.<\/p>\n<p><strong>Modifications de cette politique de confidentialit\u00e9<\/strong><br \/>De temps \u00e0 autre, il peut \u00eatre n\u00e9cessaire pour nous de modifier ou d'apporter des r\u00e9visions \u00e0 cette politique de confidentialit\u00e9. Si nous apportons une modification \u00e0 la politique, la version r\u00e9vis\u00e9e sera publi\u00e9e sur notre site Web. Veuillez vous r\u00e9f\u00e9rer \u00e0 cette politique de confidentialit\u00e9 pour les derni\u00e8res informations sur nos informations personnelles et nos pratiques en mati\u00e8re de confidentialit\u00e9.<\/p>\n<p><strong>Commentaires<\/strong><br \/>Lorsque les visiteurs laissent des commentaires sur le site, nous collectons les donn\u00e9es affich\u00e9es dans le formulaire de commentaires, ainsi que l'adresse IP du visiteur et la cha\u00eene de l'agent utilisateur du navigateur pour faciliter la d\u00e9tection du spam.<\/p>\n<p>Une cha\u00eene anonymis\u00e9e cr\u00e9\u00e9e \u00e0 partir de votre adresse e-mail (\u00e9galement appel\u00e9e hachage) peut \u00eatre fournie au service Gravatar pour voir si vous l'utilisez. La politique de confidentialit\u00e9 du service Gravatar est disponible ici : https:\/\/automattic.com\/privacy\/. Apr\u00e8s validation de votre commentaire, votre photo de profil est visible publiquement \u00e0 c\u00f4t\u00e9 de votre commentaire.<\/p>\n<p><strong>M\u00e9dias<\/strong><br \/>Si vous t\u00e9l\u00e9chargez des images sur le site Web, vous devez \u00e9viter de t\u00e9l\u00e9charger des images avec des donn\u00e9es de localisation int\u00e9gr\u00e9es (EXIF GPS) incluses. Les visiteurs du site Web peuvent t\u00e9l\u00e9charger et extraire toutes les donn\u00e9es de localisation des images sur le site Web.<\/p>\n<p><strong>Cookies<\/strong><br \/>Si vous laissez un commentaire sur notre site, vous pouvez choisir d'enregistrer votre nom, votre adresse e-mail et votre site Web dans des cookies. Ceux-ci sont pour votre commodit\u00e9 afin que vous n'ayez pas \u00e0 remplir \u00e0 nouveau vos coordonn\u00e9es lorsque vous laissez un autre commentaire. Ces cookies dureront un an.<\/p>\n<p>Si vous visitez notre page de connexion, nous installerons un cookie temporaire pour d\u00e9terminer si votre navigateur accepte les cookies. Ce cookie ne contient aucune donn\u00e9e personnelle et est supprim\u00e9 lorsque vous fermez votre navigateur.<\/p>\n<p>Lors de votre connexion, nous mettrons \u00e9galement en place plusieurs cookies pour enregistrer vos informations de connexion et vos choix d'affichage \u00e0 l'\u00e9cran. Les cookies de connexion durent deux jours et les cookies d'options d'\u00e9cran durent un an. Si vous s\u00e9lectionnez \"Se souvenir de moi\", votre connexion persistera pendant deux semaines. Si vous vous d\u00e9connectez de votre compte, les cookies de connexion seront supprim\u00e9s.<\/p>\n<p>Si vous modifiez ou publiez un article, un cookie suppl\u00e9mentaire sera enregistr\u00e9 dans votre navigateur. Ce cookie ne contient aucune donn\u00e9e personnelle et indique simplement l'identifiant de publication de l'article que vous venez d'\u00e9diter. Il expire apr\u00e8s 1 jour.<\/p>\n<p><strong>Contenu int\u00e9gr\u00e9 d'autres sites Web<\/strong><br \/>Les articles de ce site peuvent inclure des contenus int\u00e9gr\u00e9s (par exemple des vid\u00e9os, des images, des articles, etc.). Le contenu int\u00e9gr\u00e9 d'autres sites Web se comporte exactement de la m\u00eame mani\u00e8re que si le visiteur avait visit\u00e9 l'autre site Web.<\/p>\n<p>Ces sites Web peuvent collecter des donn\u00e9es vous concernant, utiliser des cookies, int\u00e9grer un suivi tiers suppl\u00e9mentaire et surveiller votre interaction avec ce contenu int\u00e9gr\u00e9, y compris le suivi de votre interaction avec le contenu int\u00e9gr\u00e9 si vous avez un compte et \u00eates connect\u00e9 \u00e0 ce site Web.<\/p>\n<p><strong>Avec qui partageons-nous vos donn\u00e9es<\/strong><br \/>Si vous demandez une r\u00e9initialisation de mot de passe, votre adresse IP sera incluse dans l'e-mail de r\u00e9initialisation.<\/p>\n<p><strong>Combien de temps conservons-nous vos donn\u00e9es<\/strong><br \/>Si vous laissez un commentaire, le commentaire et ses m\u00e9tadonn\u00e9es sont conserv\u00e9s ind\u00e9finiment. Cela nous permet de reconna\u00eetre et d'approuver automatiquement tous les commentaires de suivi au lieu de les conserver dans une file d'attente de mod\u00e9ration.<\/p>\n<p>Pour les utilisateurs qui s'inscrivent sur notre site Web (le cas \u00e9ch\u00e9ant), nous stockons \u00e9galement les informations personnelles qu'ils fournissent dans leur profil d'utilisateur. Tous les utilisateurs peuvent voir, modifier ou supprimer leurs informations personnelles \u00e0 tout moment (sauf qu'ils ne peuvent pas changer leur nom d'utilisateur). Les administrateurs du site Web peuvent \u00e9galement voir et modifier ces informations.<\/p>\n<p><strong>Quels droits avez-vous sur vos donn\u00e9es<\/strong><br \/>Si vous avez un compte sur ce site ou avez laiss\u00e9 des commentaires, vous pouvez demander \u00e0 recevoir un fichier export\u00e9 des donn\u00e9es personnelles que nous d\u00e9tenons \u00e0 votre sujet, y compris les donn\u00e9es que vous nous avez fournies. Vous pouvez \u00e9galement nous demander d'effacer toutes les donn\u00e9es personnelles que nous d\u00e9tenons \u00e0 votre sujet. Cela n'inclut pas les donn\u00e9es que nous sommes oblig\u00e9s de conserver \u00e0 des fins administratives, juridiques ou de s\u00e9curit\u00e9.<\/p>\n<p><strong>O\u00f9 vos donn\u00e9es sont envoy\u00e9es<\/strong><br \/>Les commentaires des visiteurs peuvent \u00eatre v\u00e9rifi\u00e9s par un service automatis\u00e9 de d\u00e9tection de spam.<\/p>\n<p>&nbsp;<\/p>\n<p>&nbsp;<\/p>\n<p>&nbsp;<\/p>\n<p>&nbsp;<\/p>\n<p>&nbsp;<\/p>\n<\/div><\/div><\/div><\/div><\/div>","protected":false},"excerpt":{"rendered":"","protected":false},"author":1,"featured_media":0,"parent":0,"menu_order":0,"comment_status":"closed","ping_status":"closed","template":"","meta":{"footnotes":""},"class_list":["post-101197","page","type-page","status-publish","hentry"],"_links":{"self":[{"href":"https:\/\/abroadescape.com\/fr\/wp-json\/wp\/v2\/pages\/101197","targetHints":{"allow":["GET"]}}],"collection":[{"href":"https:\/\/abroadescape.com\/fr\/wp-json\/wp\/v2\/pages"}],"about":[{"href":"https:\/\/abroadescape.com\/fr\/wp-json\/wp\/v2\/types\/page"}],"author":[{"embeddable":true,"href":"https:\/\/abroadescape.com\/fr\/wp-json\/wp\/v2\/users\/1"}],"replies":[{"embeddable":true,"href":"https:\/\/abroadescape.com\/fr\/wp-json\/wp\/v2\/comments?post=101197"}],"version-history":[{"count":0,"href":"https:\/\/abroadescape.com\/fr\/wp-json\/wp\/v2\/pages\/101197\/revisions"}],"wp:attachment":[{"href":"https:\/\/abroadescape.com\/fr\/wp-json\/wp\/v2\/media?parent=101197"}],"curies":[{"name":"wp","href":"https:\/\/api.w.org\/{rel}","templated":true}]}}