{"id":104404,"date":"2025-08-03T13:28:00","date_gmt":"2025-08-03T13:28:00","guid":{"rendered":"https:\/\/abroadescape.com\/fr\/?page_id=104404"},"modified":"2025-11-05T03:51:24","modified_gmt":"2025-11-05T03:51:24","slug":"voyage-humanitaire-en-famille","status":"publish","type":"page","link":"https:\/\/abroadescape.com\/fr\/voyage-humanitaire-en-famille\/","title":{"rendered":"Voyage Humanitaire En Famille"},"content":{"rendered":"<div class=\"et_pb_section_0 et_pb_section et_section_regular et_block_section\"><div class=\"et_pb_row_0 et_pb_row et_pb_equal_columns et_block_row inline-buttons-row\"><div class=\"et_pb_column_0 et_pb_column et_pb_column_1_2 et_block_column et_pb_css_mix_blend_mode_passthrough\"><div class=\"et_pb_text_0 et_pb_text et_pb_bg_layout_light et_pb_module et_flex_module\"><div class=\"et_pb_text_inner\"><h1 class=\"hero-1-title mb-4 font-weight-normal line-height-1_4\">Volontariat en famille \u00e0 l'\u00e9tranger avec<span>\u00a0<\/span><span style=\"color: #ff8057;\"><strong><span class=\"text-primary font-weight-medium\">Abroad Escape<\/span><\/strong><\/span><\/h1>\n<div class=\"col-lg-6\">\n<div class=\"hero-title pr-lg-5\">\n<p>Les programmes de b\u00e9n\u00e9volat familial \u00e0 l'\u00e9tranger propos\u00e9s par Abroad Escape offrent une occasion unique de vivre une exp\u00e9rience enrichissante tout en contribuant \u00e0 des causes humanitaires. Reconnus comme \u00e9tant parmi les meilleurs programmes de volontariat en famille, ils permettent aux parents et aux enfants de s'engager ensemble dans un voyage humanitaire international, favorisant ainsi la solidarit\u00e9, l'ouverture culturelle et le partage interg\u00e9n\u00e9rationnel. Que ce soit pour soutenir l'\u00e9ducation, la protection de l'environnement ou la sant\u00e9 communautaire, ces missions sont con\u00e7ues pour \u00eatre accessibles et impactantes pour tous les membres de la famille.<\/p>\n<\/div>\n<\/div>\n<\/div><\/div><\/div><div class=\"et_pb_column_1 et_pb_column et_pb_column_1_2 et-last-child et_block_column et_pb_css_mix_blend_mode_passthrough\"><div class=\"et_pb_image_0 et_pb_image et_pb_module et_flex_module\"><span class=\"et_pb_image_wrap\"><img decoding=\"async\" src=\"https:\/\/abroadescape.com\/fr\/wp-content\/uploads\/sites\/2\/2025\/08\/Philippines-volunteer-abroad-escape-Teaching-97.jpeg\" alt=\"family volunteering holidays\" title=\"Philippines-volunteer-abroad-escape-Teaching (97)\" width=\"1000\" height=\"750\" srcset=\"https:\/\/abroadescape.com\/fr\/wp-content\/uploads\/sites\/2\/2025\/08\/Philippines-volunteer-abroad-escape-Teaching-97.jpeg 1000w, https:\/\/abroadescape.com\/fr\/wp-content\/uploads\/sites\/2\/2025\/08\/Philippines-volunteer-abroad-escape-Teaching-97-980x735.jpeg 980w, https:\/\/abroadescape.com\/fr\/wp-content\/uploads\/sites\/2\/2025\/08\/Philippines-volunteer-abroad-escape-Teaching-97-480x360.jpeg 480w\" sizes=\"(min-width: 0px) and (max-width: 480px) 480px, (min-width: 481px) and (max-width: 980px) 980px, (min-width: 981px) 1000px, 100vw\" class=\"wp-image-104406\" \/><\/span><\/div><\/div><\/div><\/div><div class=\"et_pb_section_1 et_pb_section et_section_regular et_block_section\"><div class=\"et_pb_row_1 et_pb_row et_block_row\"><div class=\"et_pb_column_2 et_pb_column et_pb_column_4_4 et-last-child et_block_column et_pb_css_mix_blend_mode_passthrough\"><div class=\"et_pb_text_1 et_pb_text et_pb_bg_layout_light et_pb_module et_flex_module\"><div class=\"et_pb_text_inner\"><h2>VOYAGE HUMANITAIRE EN FAMILLE<\/h2>\n<p>Cr\u00e9ez des souvenirs inoubliables. Des voyages en famille qui ont du sens.<\/p>\n<p>Que vous enseigniez dans des \u00e9coles locales, participiez \u00e0 des projets de construction ou environnementaux, contribuiez \u00e0 la pr\u00e9servation d'esp\u00e8ces sauvages menac\u00e9es ou aidiez \u00e0 des projets de garde d'enfants, nos programmes ont quelque chose \u00e0 offrir \u00e0 toutes les familles pr\u00eates \u00e0 partir \u00e0 l'aventure avec un objectif pr\u00e9cis.<\/p>\n<p>Abroad Escape propose certains des meilleurs programmes de volontariat familial \u00e0 l'\u00e9tranger en Afrique, en Asie et en Am\u00e9rique latine. Que vos int\u00e9r\u00eats se portent sur l'\u00e9ducation, la pr\u00e9servation de l'environnement, les soins de sant\u00e9 ou le d\u00e9veloppement communautaire, nous avons un projet qui correspond aux passions et \u00e0 l'\u00e2ge de votre famille.<\/p>\n<p>Ces exp\u00e9riences ne se contentent pas d'\u00e9duquer, elles inspirent, responsabilisent et transforment.<\/p>\n<p>Ce qui rend nos programmes uniques<\/p>\n<p>Les meilleurs programmes de volontariat familial \u00e0 l'\u00e9tranger, adapt\u00e9s \u00e0 vos besoins<\/p>\n<p>Activit\u00e9s adapt\u00e9es aux familles et \u00e0 l'\u00e2ge des participants<\/p>\n<p>H\u00e9bergements s\u00fbrs et contr\u00f4l\u00e9s, et assistance sur place<\/p>\n<p>Prix abordables et dur\u00e9es flexibles<\/p>\n<p>Impact r\u00e9el et concret dans les communaut\u00e9s qui en ont le plus besoin<\/p>\n<p>S\u00fbr et adapt\u00e9 aux familles<\/p>\n<p>Des lieux soigneusement s\u00e9lectionn\u00e9s et une assistance 24 heures sur 24, 7 jours sur 7, vous garantissent une aventure sans souci<\/p>\n<p>Immersion culturelle : vivez, travaillez et apprenez aux c\u00f4t\u00e9s des communaut\u00e9s locales, non pas en tant que touristes, mais en tant qu'invit\u00e9s bienvenus.<\/p>\n<p>Il n'y a pas de meilleur moyen d'enseigner \u00e0 vos enfants la valeur de l'empathie, de la gentillesse et de la conscience mondiale que par le biais de voyages humanitaires en famille. Ces voyages contribuent \u00e0 cultiver la gratitude, \u00e0 renforcer la r\u00e9silience et \u00e0 nourrir un sens de la responsabilit\u00e9 sociale qui durera toute la vie.<\/p>\n<p>Rendez vos prochaines vacances vraiment significatives !<\/p>\n<p>Les vacances classiques peuvent offrir de la d\u00e9tente, mais les vacances en famille consacr\u00e9es au b\u00e9n\u00e9volat offrent quelque chose de beaucoup plus profond : un but, une perspective et des liens inoubliables. Chez Abroad Escape, nous transformons vos voyages en une aventure plac\u00e9e sous le signe de la compassion, de la d\u00e9couverte culturelle et de l'impact.<\/p>\n<p>Qu'il s'agisse d'aider \u00e0 construire des maisons dans des villages ruraux ou de participer \u00e0 des projets de conservation de la faune sauvage, nos programmes adapt\u00e9s aux familles sont non seulement enrichissants, mais ils changent aussi la vie.<\/p>\n<p>Faites de cette ann\u00e9e celle o\u00f9 votre famille voyagera avec son c\u0153ur. Rejoignez Abroad Escape et transformez votre prochain voyage en une histoire qui restera grav\u00e9e dans les m\u00e9moires pendant des g\u00e9n\u00e9rations.<\/p>\n<p>Le volontariat en famille \u00e0 l'\u00e9tranger est une mani\u00e8re inspirante de voir le monde \u00e0 travers un autre regard \u2014 et de partager cette exp\u00e9rience enrichissante avec vos enfants. Nos projets adapt\u00e9s aux familles sont sp\u00e9cialement con\u00e7us pour celles et ceux qui souhaitent aller au-del\u00e0 des vacances traditionnelles. Nous construisons le projet avec vous, en tenant compte de vos envies et de vos capacit\u00e9s.<\/p>\n<p>Une le\u00e7on pr\u00e9cieuse pour la vie<br \/>Le volontariat en famille permet aux enfants de d\u00e9couvrir d\u00e8s leur plus jeune \u00e2ge la valeur de la solidarit\u00e9. Ensemble, vous contribuez \u00e0 des initiatives durables qui ont un v\u00e9ritable impact local. Vous collaborez avec les communaut\u00e9s sur place et plongez dans leurs coutumes et traditions \u2014 une exp\u00e9rience marquante et formatrice.<\/p>\n<p>Notre \u00e9quipe exp\u00e9riment\u00e9e vous accompagne \u00e0 chaque \u00e9tape. Elle veille \u00e0 ce que vous vous sentiez bien accueillis, en s\u00e9curit\u00e9, et pleinement int\u00e9gr\u00e9s. C\u2019est l\u2019occasion de grandir ensemble, d\u2019acqu\u00e9rir de nouvelles comp\u00e9tences et de faire quelque chose de r\u00e9ellement utile en tant que famille.<\/p>\n<p>Pourquoi choisir le volontariat avec ses enfants ?<br \/>\u2713 Faites partie d\u2019une autre culture<br \/>Vous serez log\u00e9s chez une famille locale ou dans un h\u00e9bergement de volontaires bien organis\u00e9. En peu de temps, vous vous immergez dans la vie quotidienne et d\u00e9couvrez la culture locale de l\u2019int\u00e9rieur.<\/p>\n<p>\u2713 Partagez votre passion du voyage avec vos enfants<br \/>Les enfants s\u2019inspirent de l\u2019exemple de leurs parents. En vous engageant ensemble dans un projet de volontariat, vous leur offrez non seulement une aventure hors du commun, mais aussi une ouverture d\u2019esprit pr\u00e9cieuse. Ils r\u00e9alisent que la vie n\u2019est pas la m\u00eame partout dans le monde \u2014 une le\u00e7on importante.<\/p>\n<p>\u2713 Apprendre en faisant<br \/>Encouragez vos enfants \u00e0 d\u00e9couvrir, participer, observer. Ils apprendront \u00e0 s\u2019adapter, \u00e0 r\u00e9soudre des probl\u00e8mes et \u00e0 coop\u00e9rer avec d\u2019autres. Le volontariat est une forme d\u2019apprentissage pratique, vivante et bien plus concr\u00e8te que ce que l\u2019on enseigne en classe.<\/p>\n<p>\u2713 Renforcez les liens familiaux<br \/>Travailler ensemble dans un nouvel environnement et s\u2019investir dans une action positive renforce la complicit\u00e9 familiale. Vous cr\u00e9ez des souvenirs durables et d\u00e9veloppez ensemble un esprit d\u2019\u00e9quipe et une meilleure compr\u00e9hension mutuelle.<\/p>\n<p>Destinations disponibles<\/p>\n<p>Bali, Cambodge, Laos, N\u00e9pal, Cor\u00e9e du Sud, Sri Lanka, Tha\u00eflande, Vietnam<\/p>\n<p>Pr\u00eat \u00e0 voyager avec un but ? Laissez Abroad Escape vous aider \u00e0 transformer vos vacances en famille en un voyage qui changera votre vie. Du d\u00e9but \u00e0 la fin, nous sommes l\u00e0 pour rendre votre exp\u00e9rience fluide, s\u00fbre et inoubliable.<\/p>\n<p><strong>Nos 10 meilleurs programmes de volontariat en famille :<\/strong><\/p>\n<p>Volontariat en famille \u00e0 Bali<br \/>Volontariat en famille au Cambodge<br \/>Volontariat en famille au Cap-Vert<br \/>Volontariat en famille en Inde<br \/>Volontariat en famille au Laos<br \/>Volontariat en famille aux Philippines<br \/>Volontariat en famille au Sri Lanka<br \/>Volontariat en Tha\u00eflande<br \/>Volontariat en famille au Vietnam<br \/>Volontariat en famille \u00e0 Zanzibar<\/p>\n<p><a href=\"https:\/\/abroadescape.com\/family-volunteer-abroad\/\"><strong>Cliquez ici pour plus d'informations<\/strong><\/a><\/p>\n<\/div><\/div><\/div><\/div><\/div><div class=\"et_pb_section_2 et_pb_section et_section_regular et_block_section\"><div class=\"et_pb_row_2 et_pb_row et_block_row\"><div class=\"et_pb_column_3 et_pb_column et_pb_column_4_4 et-last-child et_block_column et_pb_css_mix_blend_mode_passthrough\"><div class=\"et_pb_gallery_0 et_pb_gallery et_pb_bg_layout_light et_pb_gallery_grid et_pb_module\" data-auto-rotate=\"off\" data-auto-rotate-speed=\"\"><div class=\"et_pb_gallery_items et_post_gallery clearfix et_grid_module\" data-per_page=\"55\"><div class=\"et_pb_gallery_item et_pb_grid_item et_pb_gallery_item_0_0\"><div class=\"et_pb_gallery_image landscape\" data-per_page=\"55\"><a href=\"https:\/\/abroadescape.com\/fr\/wp-content\/uploads\/sites\/2\/2024\/09\/THAILAND-chiangmai-elephantCover.jpg\" title=\"THAILAND-chiangmai-elephantCover\"><img decoding=\"async\" width=\"400\" height=\"284\" src=\"https:\/\/abroadescape.com\/fr\/wp-content\/uploads\/sites\/2\/2024\/09\/THAILAND-chiangmai-elephantCover-400x284.jpg\" alt=\"\" class=\"wp-image-102888\" srcset=\"https:\/\/abroadescape.com\/fr\/wp-content\/uploads\/sites\/2\/2024\/09\/THAILAND-chiangmai-elephantCover.jpg 479w, https:\/\/abroadescape.com\/fr\/wp-content\/uploads\/sites\/2\/2024\/09\/THAILAND-chiangmai-elephantCover-400x284.jpg 480w\" sizes=\"(max-width:479px) 479px, 100vw\" \/><span class=\"et_overlay\" data-icon=\"\" data-icon-tablet=\"\" data-icon-phone=\"\"><\/span><\/a><\/div><\/div><div class=\"et_pb_gallery_item et_pb_grid_item et_pb_gallery_item_0_1\"><div class=\"et_pb_gallery_image landscape\" data-per_page=\"55\"><a href=\"https:\/\/abroadescape.com\/fr\/wp-content\/uploads\/sites\/2\/2024\/09\/Thailand-Koh-Samui-Copy-of-63.jpg\" title=\"Thailand-Koh-Samui-Copy-of-63\"><img decoding=\"async\" width=\"400\" height=\"284\" src=\"https:\/\/abroadescape.com\/fr\/wp-content\/uploads\/sites\/2\/2024\/09\/Thailand-Koh-Samui-Copy-of-63-400x284.jpg\" alt=\"\" class=\"wp-image-102956\" srcset=\"https:\/\/abroadescape.com\/fr\/wp-content\/uploads\/sites\/2\/2024\/09\/Thailand-Koh-Samui-Copy-of-63.jpg 479w, https:\/\/abroadescape.com\/fr\/wp-content\/uploads\/sites\/2\/2024\/09\/Thailand-Koh-Samui-Copy-of-63-400x284.jpg 480w\" sizes=\"(max-width:479px) 479px, 100vw\" \/><span class=\"et_overlay\" data-icon=\"\" data-icon-tablet=\"\" data-icon-phone=\"\"><\/span><\/a><\/div><\/div><div class=\"et_pb_gallery_item et_pb_grid_item et_pb_gallery_item_0_2\"><div class=\"et_pb_gallery_image landscape\" data-per_page=\"55\"><a href=\"https:\/\/abroadescape.com\/fr\/wp-content\/uploads\/sites\/2\/2024\/09\/Lombok-teaching-_Lombok-teaching-in-classroom-6.jpg\" title=\"Lombok-teaching-_Lombok-teaching-in-classroom-6\"><img decoding=\"async\" width=\"400\" height=\"284\" src=\"https:\/\/abroadescape.com\/fr\/wp-content\/uploads\/sites\/2\/2024\/09\/Lombok-teaching-_Lombok-teaching-in-classroom-6-400x284.jpg\" alt=\"\" class=\"wp-image-102813\" srcset=\"https:\/\/abroadescape.com\/fr\/wp-content\/uploads\/sites\/2\/2024\/09\/Lombok-teaching-_Lombok-teaching-in-classroom-6.jpg 479w, https:\/\/abroadescape.com\/fr\/wp-content\/uploads\/sites\/2\/2024\/09\/Lombok-teaching-_Lombok-teaching-in-classroom-6-400x284.jpg 480w\" sizes=\"(max-width:479px) 479px, 100vw\" \/><span class=\"et_overlay\" data-icon=\"\" data-icon-tablet=\"\" data-icon-phone=\"\"><\/span><\/a><\/div><\/div><div class=\"et_pb_gallery_item et_pb_grid_item et_pb_gallery_item_0_3\"><div class=\"et_pb_gallery_image landscape\" data-per_page=\"55\"><a href=\"https:\/\/abroadescape.com\/fr\/wp-content\/uploads\/sites\/2\/2024\/09\/Lombok-teaching-_Lombok-Teaching-2.jpg\" title=\"Lombok-teaching-_Lombok-Teaching-2\"><img decoding=\"async\" width=\"400\" height=\"284\" src=\"https:\/\/abroadescape.com\/fr\/wp-content\/uploads\/sites\/2\/2024\/09\/Lombok-teaching-_Lombok-Teaching-2-400x284.jpg\" alt=\"\" class=\"wp-image-102844\" srcset=\"https:\/\/abroadescape.com\/fr\/wp-content\/uploads\/sites\/2\/2024\/09\/Lombok-teaching-_Lombok-Teaching-2.jpg 479w, https:\/\/abroadescape.com\/fr\/wp-content\/uploads\/sites\/2\/2024\/09\/Lombok-teaching-_Lombok-Teaching-2-400x284.jpg 480w\" sizes=\"(max-width:479px) 479px, 100vw\" \/><span class=\"et_overlay\" data-icon=\"\" data-icon-tablet=\"\" data-icon-phone=\"\"><\/span><\/a><\/div><\/div><div class=\"et_pb_gallery_item et_pb_grid_item et_pb_gallery_item_0_4\"><div class=\"et_pb_gallery_image landscape\" data-per_page=\"55\"><a href=\"https:\/\/abroadescape.com\/fr\/wp-content\/uploads\/sites\/2\/2024\/09\/Lombok-cultural-1.jpg\" title=\"Lombok-cultural-1\"><img decoding=\"async\" width=\"400\" height=\"284\" src=\"https:\/\/abroadescape.com\/fr\/wp-content\/uploads\/sites\/2\/2024\/09\/Lombok-cultural-1-400x284.jpg\" alt=\"\" class=\"wp-image-102826\" srcset=\"https:\/\/abroadescape.com\/fr\/wp-content\/uploads\/sites\/2\/2024\/09\/Lombok-cultural-1.jpg 479w, https:\/\/abroadescape.com\/fr\/wp-content\/uploads\/sites\/2\/2024\/09\/Lombok-cultural-1-400x284.jpg 480w\" sizes=\"(max-width:479px) 479px, 100vw\" \/><span class=\"et_overlay\" data-icon=\"\" data-icon-tablet=\"\" data-icon-phone=\"\"><\/span><\/a><\/div><\/div><div class=\"et_pb_gallery_item et_pb_grid_item et_pb_gallery_item_0_5\"><div class=\"et_pb_gallery_image landscape\" data-per_page=\"55\"><a href=\"https:\/\/abroadescape.com\/fr\/wp-content\/uploads\/sites\/2\/2023\/07\/bali-lovina-Renovation-in-Lovina-28-1.jpg\" title=\"bali-lovina-Renovation-in-Lovina-28-1\"><img decoding=\"async\" width=\"400\" height=\"284\" src=\"https:\/\/abroadescape.com\/fr\/wp-content\/uploads\/sites\/2\/2023\/07\/bali-lovina-Renovation-in-Lovina-28-1-400x284.jpg\" alt=\"\" class=\"wp-image-101044\" srcset=\"https:\/\/abroadescape.com\/fr\/wp-content\/uploads\/sites\/2\/2023\/07\/bali-lovina-Renovation-in-Lovina-28-1.jpg 479w, https:\/\/abroadescape.com\/fr\/wp-content\/uploads\/sites\/2\/2023\/07\/bali-lovina-Renovation-in-Lovina-28-1-400x284.jpg 480w\" sizes=\"(max-width:479px) 479px, 100vw\" \/><span class=\"et_overlay\" data-icon=\"\" data-icon-tablet=\"\" data-icon-phone=\"\"><\/span><\/a><\/div><\/div><div class=\"et_pb_gallery_item et_pb_grid_item et_pb_gallery_item_0_6\"><div class=\"et_pb_gallery_image landscape\" data-per_page=\"55\"><a href=\"https:\/\/abroadescape.com\/fr\/wp-content\/uploads\/sites\/2\/2023\/07\/srilanka-_Kandy-Teaching_Sep19-5.jpg\" title=\"srilanka-_Kandy-Teaching_Sep19-5\"><img decoding=\"async\" width=\"400\" height=\"284\" src=\"https:\/\/abroadescape.com\/fr\/wp-content\/uploads\/sites\/2\/2023\/07\/srilanka-_Kandy-Teaching_Sep19-5-400x284.jpg\" alt=\"\" class=\"wp-image-101059\" srcset=\"https:\/\/abroadescape.com\/fr\/wp-content\/uploads\/sites\/2\/2023\/07\/srilanka-_Kandy-Teaching_Sep19-5.jpg 479w, https:\/\/abroadescape.com\/fr\/wp-content\/uploads\/sites\/2\/2023\/07\/srilanka-_Kandy-Teaching_Sep19-5-400x284.jpg 480w\" sizes=\"(max-width:479px) 479px, 100vw\" \/><span class=\"et_overlay\" data-icon=\"\" data-icon-tablet=\"\" data-icon-phone=\"\"><\/span><\/a><\/div><\/div><div class=\"et_pb_gallery_item et_pb_grid_item et_pb_gallery_item_0_7\"><div class=\"et_pb_gallery_image landscape\" data-per_page=\"55\"><a href=\"https:\/\/abroadescape.com\/fr\/wp-content\/uploads\/sites\/2\/2023\/07\/philippines-Copy-of-IMG20220823094508.jpg\" title=\"philippines-Copy-of-IMG20220823094508\"><img decoding=\"async\" width=\"400\" height=\"284\" src=\"https:\/\/abroadescape.com\/fr\/wp-content\/uploads\/sites\/2\/2023\/07\/philippines-Copy-of-IMG20220823094508-400x284.jpg\" alt=\"\" class=\"wp-image-100533\" srcset=\"https:\/\/abroadescape.com\/fr\/wp-content\/uploads\/sites\/2\/2023\/07\/philippines-Copy-of-IMG20220823094508.jpg 479w, https:\/\/abroadescape.com\/fr\/wp-content\/uploads\/sites\/2\/2023\/07\/philippines-Copy-of-IMG20220823094508-400x284.jpg 480w\" sizes=\"(max-width:479px) 479px, 100vw\" \/><span class=\"et_overlay\" data-icon=\"\" data-icon-tablet=\"\" data-icon-phone=\"\"><\/span><\/a><\/div><\/div><\/div><\/div><\/div><\/div><\/div><div class=\"et_pb_section_3 et_pb_section et_pb_fullwidth_section et_section_regular et_block_section\"><div class=\"et_pb_fullwidth_image_0 et_pb_fullwidth_image et_pb_module\"><img decoding=\"async\" src=\"https:\/\/abroadescape.com\/fr\/wp-content\/uploads\/sites\/2\/2024\/09\/Thailand-Koh-Samui-Copy-of-63.jpg\" title=\"Thailand-Koh-Samui-Copy of 63\" width=\"1000\" height=\"1000\" srcset=\"https:\/\/abroadescape.com\/fr\/wp-content\/uploads\/sites\/2\/2024\/09\/Thailand-Koh-Samui-Copy-of-63.jpg 1000w, https:\/\/abroadescape.com\/fr\/wp-content\/uploads\/sites\/2\/2024\/09\/Thailand-Koh-Samui-Copy-of-63-980x980.jpg 980w, https:\/\/abroadescape.com\/fr\/wp-content\/uploads\/sites\/2\/2024\/09\/Thailand-Koh-Samui-Copy-of-63-480x480.jpg 480w\" sizes=\"(min-width: 0px) and (max-width: 480px) 480px, (min-width: 481px) and (max-width: 980px) 980px, (min-width: 981px) 1000px, 100vw\" class=\"wp-image-102956\" \/><\/div><\/div>","protected":false},"excerpt":{"rendered":"","protected":false},"author":1,"featured_media":0,"parent":0,"menu_order":0,"comment_status":"closed","ping_status":"closed","template":"","meta":{"footnotes":""},"class_list":["post-104404","page","type-page","status-publish","hentry"],"_links":{"self":[{"href":"https:\/\/abroadescape.com\/fr\/wp-json\/wp\/v2\/pages\/104404","targetHints":{"allow":["GET"]}}],"collection":[{"href":"https:\/\/abroadescape.com\/fr\/wp-json\/wp\/v2\/pages"}],"about":[{"href":"https:\/\/abroadescape.com\/fr\/wp-json\/wp\/v2\/types\/page"}],"author":[{"embeddable":true,"href":"https:\/\/abroadescape.com\/fr\/wp-json\/wp\/v2\/users\/1"}],"replies":[{"embeddable":true,"href":"https:\/\/abroadescape.com\/fr\/wp-json\/wp\/v2\/comments?post=104404"}],"version-history":[{"count":0,"href":"https:\/\/abroadescape.com\/fr\/wp-json\/wp\/v2\/pages\/104404\/revisions"}],"wp:attachment":[{"href":"https:\/\/abroadescape.com\/fr\/wp-json\/wp\/v2\/media?parent=104404"}],"curies":[{"name":"wp","href":"https:\/\/api.w.org\/{rel}","templated":true}]}}