{"id":97950,"date":"2020-12-24T13:29:43","date_gmt":"2020-12-24T13:29:43","guid":{"rendered":"https:\/\/molti.samarj.com\/?page_id=7908"},"modified":"2025-12-06T16:19:29","modified_gmt":"2025-12-06T16:19:29","slug":"blog","status":"publish","type":"page","link":"https:\/\/abroadescape.com\/fr\/blog\/","title":{"rendered":"Blog"},"content":{"rendered":"<div class=\"et_pb_section_0 et_pb_section et_pb_fullwidth_section et_section_regular et_block_section\">\n<section class=\"et_pb_fullwidth_header_0 et_pb_fullwidth_header et_pb_fullscreen et_pb_bg_layout_dark et_pb_text_align_center et_pb_module et_flex_module\"><div class=\"et_pb_fullwidth_header_container center\"><div class=\"header-content-container center\"><div class=\"header-content et_flex_module\"><h1 class=\"et_pb_module_header\">Blog<\/h1><div class=\"et_pb_header_button_wrapper\"><\/div><\/div><\/div><\/div><div class=\"et_pb_fullwidth_header_overlay\"><\/div><div class=\"et_pb_fullwidth_header_scroll\"><\/div><\/section>\n<\/div>\n\n<div class=\"et_pb_section_1 et_pb_section et_section_regular et_flex_section\">\n<div class=\"et_pb_row_0 et_pb_row et_flex_row\">\n<div class=\"et_pb_column_0 et_pb_column et-last-child et_flex_column et_pb_css_mix_blend_mode_passthrough et_flex_column_24_24 et_flex_column_24_24_tablet et_flex_column_24_24_phone\">\n<div class=\"et_pb_post_slider_0 et_pb_post_slider et_pb_bg_layout_dark et_pb_slider et_pb_slider_fullwidth_off et_pb_post_slider_image_background et_pb_slider_with_overlay et_pb_module et_flex_module\"><div class=\"et_pb_slides\"><div class=\"et_pb_slide et_pb_post_slide-104625\" style=\"background-image:url(https:\/\/abroadescape.com\/fr\/wp-content\/uploads\/sites\/2\/2025\/09\/South-Korea-Seoul-Childcare-Placement-11.jpeg)\"><div class=\"et_pb_slide_overlay_container\"><\/div><div class=\"et_pb_container clearfix\"><div class=\"et_pb_slider_container_inner\"><div class=\"et_pb_slide_description\"><h2 class=\"et_pb_slide_title\"><a href=\"https:\/\/abroadescape.com\/fr\/meilleurs-programmes-de-volontariat-en-coree-du-sud\/\">Meilleurs Programmes de Volontariat en Cor\u00e9e du Sud<\/a><\/h2><div class=\"et_pb_slide_content\"><div class=\"et_pb_slide_content_body\"><p>L&#8217;\u00c2me du Service: Les Meilleurs Programmes de Volontariat en Cor\u00e9e du Sud pour 2026 Connecter les Cultures et Contribuer \u00e0 la Soci\u00e9t\u00e9 la Plus Dynamique d&#8217;Asie La Cor\u00e9e du Sud est une puissance mondiale, r\u00e9put\u00e9e pour son innovation technologique, ses exportations&#8230;<\/p>\n<\/div><\/div><div class=\"et_pb_button_wrapper\"><a class=\"et_pb_button et_pb_more_button\" href=\"https:\/\/abroadescape.com\/fr\/meilleurs-programmes-de-volontariat-en-coree-du-sud\/\">Read More<\/a><\/div><\/div><\/div><\/div><\/div><div class=\"et_pb_slide et_pb_post_slide-104622\" style=\"background-image:url(https:\/\/abroadescape.com\/fr\/wp-content\/uploads\/sites\/2\/2023\/07\/vietnam-_Activities-with-local-students.jpg)\"><div class=\"et_pb_slide_overlay_container\"><\/div><div class=\"et_pb_container clearfix\"><div class=\"et_pb_slider_container_inner\"><div class=\"et_pb_slide_description\"><h2 class=\"et_pb_slide_title\"><a href=\"https:\/\/abroadescape.com\/fr\/les-meilleurs-programmes-de-volontariat-au-vietnam\/\">Les Meilleurs Programmes de Volontariat au Vietnam<\/a><\/h2><div class=\"et_pb_slide_content\"><div class=\"et_pb_slide_content_body\"><p>Le C\u0153ur de la R\u00e9silience: Les Meilleurs Programmes de Volontariat au Vietnam pour 2026 Au-Del\u00e0 des Sentiers Touristiques: Faire une Vraie Diff\u00e9rence dans le Joyau Dynamique de l&#8217;Asie du Sud-Est Le Vietnam est une terre d\u00e9finie par des paysages spectaculaires, une&#8230;<\/p>\n<\/div><\/div><div class=\"et_pb_button_wrapper\"><a class=\"et_pb_button et_pb_more_button\" href=\"https:\/\/abroadescape.com\/fr\/les-meilleurs-programmes-de-volontariat-au-vietnam\/\">Read More<\/a><\/div><\/div><\/div><\/div><\/div><div class=\"et_pb_slide et_pb_post_slide-104619\" style=\"background-image:url(https:\/\/abroadescape.com\/fr\/wp-content\/uploads\/sites\/2\/2024\/09\/Thailand-Koh-Samui-1Cover.jpg)\"><div class=\"et_pb_slide_overlay_container\"><\/div><div class=\"et_pb_container clearfix\"><div class=\"et_pb_slider_container_inner\"><div class=\"et_pb_slide_description\"><h2 class=\"et_pb_slide_title\"><a href=\"https:\/\/abroadescape.com\/fr\/les-meilleurs-programmes-de-volontariat-en-thailande-2026\/\">Les Meilleurs Programmes de Volontariat en Tha\u00eflande 2026<\/a><\/h2><div class=\"et_pb_slide_content\"><div class=\"et_pb_slide_content_body\"><p>Le Pays du Sourire avec un Vrai But: Les Meilleurs Programmes de Volontariat en Tha\u00eflande 2026 Au-Del\u00e0 des Plages: Trouver un Sens dans le C\u0153ur Vibrant de la Tha\u00eflande La Tha\u00eflande\u2014le Pays du Sourire\u2014est mondialement r\u00e9put\u00e9e pour ses plages immacul\u00e9es, ses march\u00e9s&#8230;<\/p>\n<\/div><\/div><div class=\"et_pb_button_wrapper\"><a class=\"et_pb_button et_pb_more_button\" href=\"https:\/\/abroadescape.com\/fr\/les-meilleurs-programmes-de-volontariat-en-thailande-2026\/\">Read More<\/a><\/div><\/div><\/div><\/div><\/div><div class=\"et_pb_slide et_pb_post_slide-104616\" style=\"background-image:url(https:\/\/abroadescape.com\/fr\/wp-content\/uploads\/sites\/2\/2025\/05\/Laos-_construction-3.jpeg)\"><div class=\"et_pb_slide_overlay_container\"><\/div><div class=\"et_pb_container clearfix\"><div class=\"et_pb_slider_container_inner\"><div class=\"et_pb_slide_description\"><h2 class=\"et_pb_slide_title\"><a href=\"https:\/\/abroadescape.com\/fr\/volontariat-a-letranger-a-court-terme-vs-long-terme\/\">Volontariat \u00e0 l&#8217;\u00c9tranger \u00e0 Court Terme vs Long Terme<\/a><\/h2><div class=\"et_pb_slide_content\"><div class=\"et_pb_slide_content_body\"><p>Volontariat \u00e0 l&#8217;\u00c9tranger \u00e0 Court Terme vs Long Terme : Ce Qui Convient \u00e0 Votre Emploi du Temps en 2026 Trouver le Temps pour un V\u00e9ritable Impact : Le Guide du Calendrier de Volontariat 2026 Vous savez que vous voulez faire la diff\u00e9rence. Vous \u00eates pr\u00eat \u00e0 \u00e9changer le&#8230;<\/p>\n<\/div><\/div><div class=\"et_pb_button_wrapper\"><a class=\"et_pb_button et_pb_more_button\" href=\"https:\/\/abroadescape.com\/fr\/volontariat-a-letranger-a-court-terme-vs-long-terme\/\">Read More<\/a><\/div><\/div><\/div><\/div><\/div><div class=\"et_pb_slide et_pb_post_slide-104613\" style=\"background-image:url(https:\/\/abroadescape.com\/fr\/wp-content\/uploads\/sites\/2\/2025\/05\/Laos-_laos-sports-program.jpg)\"><div class=\"et_pb_slide_overlay_container\"><\/div><div class=\"et_pb_container clearfix\"><div class=\"et_pb_slider_container_inner\"><div class=\"et_pb_slide_description\"><h2 class=\"et_pb_slide_title\"><a href=\"https:\/\/abroadescape.com\/fr\/les-meilleures-destinations-de-volontariat-a-letranger-de-2026\/\">Les Meilleures Destinations de Volontariat \u00e0 l&#8217;\u00c9tranger de 2026<\/a><\/h2><div class=\"et_pb_slide_content\"><div class=\"et_pb_slide_content_body\"><p>Les Meilleures Destinations de Volontariat \u00e0 l&#8217;\u00c9tranger de 2026 : Votre Feuille de Route Mondiale pour un Impact R\u00e9el Au-del\u00e0 du Sentier Touristique : Pourquoi 2026 est l&#8217;Ann\u00e9e du Voyage Cibl\u00e9 \u00cates-vous pr\u00eat \u00e0 faire de 2026 l&#8217;ann\u00e9e o\u00f9 vous arr\u00eatez de r\u00eaver et&#8230;<\/p>\n<\/div><\/div><div class=\"et_pb_button_wrapper\"><a class=\"et_pb_button et_pb_more_button\" href=\"https:\/\/abroadescape.com\/fr\/les-meilleures-destinations-de-volontariat-a-letranger-de-2026\/\">Read More<\/a><\/div><\/div><\/div><\/div><\/div><div class=\"et_pb_slide et_pb_slide_with_no_image et_pb_post_slide-104602\" style=\"background-image:\"><div class=\"et_pb_slide_overlay_container\"><\/div><div class=\"et_pb_container clearfix\"><div class=\"et_pb_slider_container_inner\"><div class=\"et_pb_slide_description\"><h2 class=\"et_pb_slide_title\"><a href=\"https:\/\/abroadescape.com\/fr\/meilleurs-programmes-de-volontariat-a-letranger-2026\/\">Meilleurs Programmes de Volontariat \u00e0 l&#8217;\u00c9tranger 2026<\/a><\/h2><div class=\"et_pb_slide_content\"><div class=\"et_pb_slide_content_body\"><p>Les Meilleurs Programmes de Volontariat \u00e0 l&#8217;\u00c9tranger 2026 : Votre Guide pour un Voyage Significatif Qui Change R\u00e9ellement les Vies Au-del\u00e0 de la Liste de Souhaits : Pourquoi 2026 est l&#8217;Ann\u00e9e de l&#8217;Objectif Salutations, futur acteur du changement ! Si vous lisez ceci,&#8230;<\/p>\n<\/div><\/div><div class=\"et_pb_button_wrapper\"><a class=\"et_pb_button et_pb_more_button\" href=\"https:\/\/abroadescape.com\/fr\/meilleurs-programmes-de-volontariat-a-letranger-2026\/\">Read More<\/a><\/div><\/div><\/div><\/div><\/div><\/div><\/div>\n<\/div>\n<\/div>\n<\/div>\n\n<div class=\"et_pb_section_2 et_pb_section et_section_regular et_flex_section\">\n<div class=\"et_pb_row_1 et_pb_row et_flex_row\">\n<div class=\"et_pb_column_1 et_pb_column et-last-child et_flex_column et_pb_css_mix_blend_mode_passthrough et_flex_column_24_24 et_flex_column_24_24_tablet et_flex_column_24_24_phone\">\n<div class=\"et_pb_row_2 et_pb_row et_pb_row_nested et_flex_row\">\n<div class=\"et_pb_column_2 et_pb_column et-last-child et_flex_column et_pb_css_mix_blend_mode_passthrough et_flex_column_24_24 et_flex_column_24_24_tablet et_flex_column_24_24_phone\">\n<div class=\"et_pb_blog_0 et_pb_blog et_pb_bg_layout_light et_pb_posts et_pb_module\"><div class=\"et_pb_ajax_pagination_container\"><div class=\"et_pb_posts et_block_module\"><article class=\"et_pb_post et_pb_post_id_104625 clearfix et_pb_has_overlay et_pb_blog_item_0_0 post-104625 post type-post status-publish format-standard has-post-thumbnail hentry category-volontariat\"><a href=\"https:\/\/abroadescape.com\/fr\/meilleurs-programmes-de-volontariat-en-coree-du-sud\/\" class=\"entry-featured-image-url\"><img loading=\"lazy\" decoding=\"async\" src=\"https:\/\/abroadescape.com\/fr\/wp-content\/uploads\/sites\/2\/2025\/09\/South-Korea-Seoul-Childcare-Placement-11.jpeg\" width=\"1000\" height=\"675\" alt=\"Meilleurs Programmes de Volontariat en Cor\u00e9e du Sud\" class=\"et_pb_post_main_image\" \/><span data-icon=\"\ue050\" class=\"et_overlay et_pb_inline_icon\"><\/span><\/a><h2 class=\"entry-title\"><a href=\"https:\/\/abroadescape.com\/fr\/meilleurs-programmes-de-volontariat-en-coree-du-sud\/\">Meilleurs Programmes de Volontariat en Cor\u00e9e du Sud<\/a><\/h2><p class=\"post-meta\"><\/p><div class=\"post-content\"><div class=\"post-content-inner\"><\/div><\/div><\/article><article class=\"et_pb_post et_pb_post_id_104622 clearfix et_pb_has_overlay et_pb_blog_item_0_1 post-104622 post type-post status-publish format-standard has-post-thumbnail hentry category-volontariat\"><a href=\"https:\/\/abroadescape.com\/fr\/les-meilleurs-programmes-de-volontariat-au-vietnam\/\" class=\"entry-featured-image-url\"><img loading=\"lazy\" decoding=\"async\" src=\"https:\/\/abroadescape.com\/fr\/wp-content\/uploads\/sites\/2\/2023\/07\/vietnam-_Activities-with-local-students.jpg\" width=\"900\" height=\"600\" alt=\"Les Meilleurs Programmes de Volontariat au Vietnam\" class=\"et_pb_post_main_image\" \/><span data-icon=\"\ue050\" class=\"et_overlay et_pb_inline_icon\"><\/span><\/a><h2 class=\"entry-title\"><a href=\"https:\/\/abroadescape.com\/fr\/les-meilleurs-programmes-de-volontariat-au-vietnam\/\">Les Meilleurs Programmes de Volontariat au Vietnam<\/a><\/h2><p class=\"post-meta\"><\/p><div class=\"post-content\"><div class=\"post-content-inner\"><\/div><\/div><\/article><article class=\"et_pb_post et_pb_post_id_104619 clearfix et_pb_has_overlay et_pb_blog_item_0_2 post-104619 post type-post status-publish format-standard has-post-thumbnail hentry category-volontariat\"><a href=\"https:\/\/abroadescape.com\/fr\/les-meilleurs-programmes-de-volontariat-en-thailande-2026\/\" class=\"entry-featured-image-url\"><img loading=\"lazy\" decoding=\"async\" src=\"https:\/\/abroadescape.com\/fr\/wp-content\/uploads\/sites\/2\/2024\/09\/Thailand-Koh-Samui-1Cover.jpg\" width=\"1000\" height=\"675\" alt=\"Les Meilleurs Programmes de Volontariat en Tha\u00eflande 2026\" class=\"et_pb_post_main_image\" \/><span data-icon=\"\ue050\" class=\"et_overlay et_pb_inline_icon\"><\/span><\/a><h2 class=\"entry-title\"><a href=\"https:\/\/abroadescape.com\/fr\/les-meilleurs-programmes-de-volontariat-en-thailande-2026\/\">Les Meilleurs Programmes de Volontariat en Tha\u00eflande 2026<\/a><\/h2><p class=\"post-meta\"><\/p><div class=\"post-content\"><div class=\"post-content-inner\"><\/div><\/div><\/article><article class=\"et_pb_post et_pb_post_id_104616 clearfix et_pb_has_overlay et_pb_blog_item_0_3 post-104616 post type-post status-publish format-standard has-post-thumbnail hentry category-volontariat\"><a href=\"https:\/\/abroadescape.com\/fr\/volontariat-a-letranger-a-court-terme-vs-long-terme\/\" class=\"entry-featured-image-url\"><img loading=\"lazy\" decoding=\"async\" src=\"https:\/\/abroadescape.com\/fr\/wp-content\/uploads\/sites\/2\/2025\/05\/Laos-_construction-3.jpeg\" width=\"1000\" height=\"667\" alt=\"Volontariat \u00e0 l&#8217;\u00c9tranger \u00e0 Court Terme vs Long Terme\" class=\"et_pb_post_main_image\" \/><span data-icon=\"\ue050\" class=\"et_overlay et_pb_inline_icon\"><\/span><\/a><h2 class=\"entry-title\"><a href=\"https:\/\/abroadescape.com\/fr\/volontariat-a-letranger-a-court-terme-vs-long-terme\/\">Volontariat \u00e0 l&#8217;\u00c9tranger \u00e0 Court Terme vs Long Terme<\/a><\/h2><p class=\"post-meta\"><\/p><div class=\"post-content\"><div class=\"post-content-inner\"><\/div><\/div><\/article><article class=\"et_pb_post et_pb_post_id_104613 clearfix et_pb_has_overlay et_pb_blog_item_0_4 post-104613 post type-post status-publish format-standard has-post-thumbnail hentry category-volontariat\"><a href=\"https:\/\/abroadescape.com\/fr\/les-meilleures-destinations-de-volontariat-a-letranger-de-2026\/\" class=\"entry-featured-image-url\"><img loading=\"lazy\" decoding=\"async\" src=\"https:\/\/abroadescape.com\/fr\/wp-content\/uploads\/sites\/2\/2025\/05\/Laos-_laos-sports-program.jpg\" width=\"1000\" height=\"675\" alt=\"Les Meilleures Destinations de Volontariat \u00e0 l&#8217;\u00c9tranger de 2026\" class=\"et_pb_post_main_image\" \/><span data-icon=\"\ue050\" class=\"et_overlay et_pb_inline_icon\"><\/span><\/a><h2 class=\"entry-title\"><a href=\"https:\/\/abroadescape.com\/fr\/les-meilleures-destinations-de-volontariat-a-letranger-de-2026\/\">Les Meilleures Destinations de Volontariat \u00e0 l&#8217;\u00c9tranger de 2026<\/a><\/h2><p class=\"post-meta\"><\/p><div class=\"post-content\"><div class=\"post-content-inner\"><\/div><\/div><\/article><article class=\"et_pb_post et_pb_post_id_104602 clearfix et_pb_no_thumb et_pb_has_overlay et_pb_blog_item_0_5 post-104602 post type-post status-publish format-standard hentry category-volontariat\"><h2 class=\"entry-title\"><a href=\"https:\/\/abroadescape.com\/fr\/meilleurs-programmes-de-volontariat-a-letranger-2026\/\">Meilleurs Programmes de Volontariat \u00e0 l&#8217;\u00c9tranger 2026<\/a><\/h2><p class=\"post-meta\"><\/p><div class=\"post-content\"><div class=\"post-content-inner\"><\/div><\/div><\/article><\/div><div class=\"pagination clearfix\">\n\t<div class=\"alignleft\"><\/div>\n\t<div class=\"alignright\"><\/div>\n<\/div><\/div><\/div>\n<\/div>\n<\/div>\n<\/div>\n<\/div>\n<\/div>","protected":false},"excerpt":{"rendered":"","protected":false},"author":1,"featured_media":0,"parent":0,"menu_order":0,"comment_status":"closed","ping_status":"closed","template":"","meta":{"footnotes":""},"class_list":["post-97950","page","type-page","status-publish","hentry"],"_links":{"self":[{"href":"https:\/\/abroadescape.com\/fr\/wp-json\/wp\/v2\/pages\/97950","targetHints":{"allow":["GET"]}}],"collection":[{"href":"https:\/\/abroadescape.com\/fr\/wp-json\/wp\/v2\/pages"}],"about":[{"href":"https:\/\/abroadescape.com\/fr\/wp-json\/wp\/v2\/types\/page"}],"author":[{"embeddable":true,"href":"https:\/\/abroadescape.com\/fr\/wp-json\/wp\/v2\/users\/1"}],"replies":[{"embeddable":true,"href":"https:\/\/abroadescape.com\/fr\/wp-json\/wp\/v2\/comments?post=97950"}],"version-history":[{"count":0,"href":"https:\/\/abroadescape.com\/fr\/wp-json\/wp\/v2\/pages\/97950\/revisions"}],"wp:attachment":[{"href":"https:\/\/abroadescape.com\/fr\/wp-json\/wp\/v2\/media?parent=97950"}],"curies":[{"name":"wp","href":"https:\/\/api.w.org\/{rel}","templated":true}]}}