{"id":1762,"date":"2024-09-24T04:46:17","date_gmt":"2024-09-24T04:46:17","guid":{"rendered":"https:\/\/abroadescape.com\/it\/?page_id=1762"},"modified":"2026-02-24T01:52:59","modified_gmt":"2026-02-24T01:52:59","slug":"termini","status":"publish","type":"page","link":"https:\/\/abroadescape.com\/it\/termini\/","title":{"rendered":"Termini"},"content":{"rendered":"<div class=\"et_pb_section_0 et_pb_section et_section_regular et_block_section\">\n<div class=\"et_pb_row_0 et_pb_row et_block_row\">\n<div class=\"et_pb_column_0 et_pb_column et_pb_column_4_4 et-last-child et_block_column et_pb_css_mix_blend_mode_passthrough\">\n<div class=\"et_pb_text_0 et_pb_text et_pb_bg_layout_light et_pb_module et_block_module\"><div class=\"et_pb_text_inner\"><h1 data-path-to-node=\"39\"><b data-path-to-node=\"39\" data-index-in-node=\"0\">TERMINI E CONDIZIONI<\/b><\/h1>\n<p data-path-to-node=\"53\">Si prega di leggere attentamente questi Termini e Condizioni. Inviando una candidatura e pagando la Quota di Iscrizione, si stipula un accordo vincolante con Abroad Escape Ltd (\"Noi\", \"Ci\", \"Nostro\") basato sui termini delineati di seguito.<\/p>\n<p data-path-to-node=\"54\"><b data-path-to-node=\"54\" data-index-in-node=\"0\">1. Il nostro ruolo come Agenzia di Collocamento<\/b> Abroad Escape Ltd (Numero Societ\u00e0: 14937484) \u00e8 registrata in Inghilterra e Galles. Operiamo rigorosamente come agenzia di collocamento intermediaria. Forniamo un servizio amministrativo che mette in contatto i volontari (\"Tu\", \"Tuo\") con organizzazioni ospitanti locali indipendenti (i \"Partner Locali\") nel paese di destinazione. Quando prenoti un collocamento tramite Abroad Escape, il tuo contratto per il servizio di collocamento amministrativo \u00e8 con noi. Tuttavia, il tuo contratto per l'effettivo programma di volontariato, l'alloggio, i trasporti interni e il supporto locale \u00e8 rigorosamente tra te e il Partner Locale (es. Green Lion). Abroad Escape non possiede, gestisce o controlla i Partner Locali o le strutture che forniscono, e noi non siamo un tour operator.<\/p>\n<p data-path-to-node=\"55\"><b data-path-to-node=\"55\" data-index-in-node=\"0\">2. Separabilit\u00e0 dei servizi ed Esenzione dalla Direttiva sui Pacchetti Turistici<\/b> Abroad Escape fornisce collocamenti educativi e di volontariato, che richiedono partecipazione attiva e lavoro. Non vendiamo \"vacanze\" o \"pacchetti turistici\" come definito dalla normativa britannica (UK Package Travel and Linked Travel Arrangements Regulations 2018). Le quote pagate ad Abroad Escape sono rigorosamente per i servizi di collocamento e supporto pre-partenza. Qualsiasi alloggio fornito dal Partner Locale \u00e8 intrinseco e strettamente accessorio al collocamento di volontariato stesso. Sei responsabile dell'organizzazione dei tuoi voli, visti e viaggi indipendenti.<\/p>\n<p data-path-to-node=\"56\"><b data-path-to-node=\"56\" data-index-in-node=\"0\">3. Struttura dei Pagamenti e Tariffe<\/b> Per assicurarti il tuo collocamento, effettuerai i pagamenti direttamente ad Abroad Escape Ltd. Tuttavia, questi fondi sono legalmente suddivisi in due categorie distinte che riflettono il nostro modello di intermediario:<\/p>\n<ul data-path-to-node=\"57\">\n<li>\n<p data-path-to-node=\"57,0,0\"><b data-path-to-node=\"57,0,0\" data-index-in-node=\"0\">La Quota di Iscrizione:<\/b> Questa quota \u00e8 trattenuta interamente da Abroad Escape Ltd. Copre il supporto pre-partenza, l'abbinamento del collocamento e i costi amministrativi.<\/p>\n<\/li>\n<li>\n<p data-path-to-node=\"57,1,0\"><b data-path-to-node=\"57,1,0\" data-index-in-node=\"0\">La Quota del Progetto Locale:<\/b> Questo saldo copre l'alloggio in loco, i pasti, il prelievo in aeroporto e il supporto al progetto locale. Abroad Escape Ltd riscuote questa quota rigorosamente in qualit\u00e0 di agente autorizzato per conto del Partner Locale. Tratteniamo questi fondi temporaneamente al solo scopo di trasferirli direttamente al Partner Locale per assicurare i tuoi servizi sul posto.<\/p>\n<\/li>\n<\/ul>\n<p data-path-to-node=\"58\"><b data-path-to-node=\"58\" data-index-in-node=\"0\">4. Cancellazioni, Trasferimenti e Rimborsi<\/b> Comprendiamo che i piani possano cambiare, ma in quanto intermediari, siamo vincolati a rigorosi impegni finanziari con i nostri Partner Locali. Si applicano le seguenti regole di cancellazione:<\/p>\n<ul data-path-to-node=\"59\">\n<li>\n<p data-path-to-node=\"59,0,0\"><b data-path-to-node=\"59,0,0\" data-index-in-node=\"0\">La Quota di Iscrizione:<\/b> Se cancelli il tuo collocamento in qualsiasi momento, la Quota di Iscrizione \u00e8 rigorosamente non rimborsabile. Tuttavia, questa quota rimane valida per un (1) anno dalla data del pagamento e pu\u00f2 essere trasferita e applicata a qualsiasi altro programma di Abroad Escape entro tale lasso di tempo.<\/p>\n<\/li>\n<li>\n<p data-path-to-node=\"59,1,0\"><b data-path-to-node=\"59,1,0\" data-index-in-node=\"0\">La Quota del Progetto Locale:<\/b> Se cancelli il tuo collocamento 8 settimane o pi\u00f9 prima della data di partenza prevista, la Quota del Progetto Locale pu\u00f2 essere rimborsata (soggetta a eventuali costi non recuperabili gi\u00e0 sostenuti dal Partner Locale). Se cancelli il tuo collocamento meno di 8 settimane prima della data di partenza prevista, la Quota del Progetto Locale \u00e8 rigorosamente non rimborsabile. In questa fase, i fondi sono gi\u00e0 stati impegnati con il Partner Locale per il tuo alloggio e la logistica del progetto.<\/p>\n<\/li>\n<\/ul>\n<p data-path-to-node=\"60\"><b data-path-to-node=\"60\" data-index-in-node=\"0\">5. Assicurazione di Viaggio e di Volontariato Completa Obbligatoria<\/b> \u00c8 una condizione rigorosa della prenotazione che tutti i partecipanti siano in possesso di un'assicurazione di viaggio, medica e di volontariato completa prima della partenza. La tua polizza deve includere una copertura per:<\/p>\n<ul data-path-to-node=\"61\">\n<li>\n<p data-path-to-node=\"61,0,0\">Spese mediche e rimpatrio d'emergenza.<\/p>\n<\/li>\n<li>\n<p data-path-to-node=\"61,1,0\">Responsabilit\u00e0 civile derivante dal lavoro di volontariato.<\/p>\n<\/li>\n<li>\n<p data-path-to-node=\"61,2,0\">Annullamento, interruzione del viaggio e fallimento\/insolvenza del fornitore. Abroad Escape si riserva il diritto di cancellare il tuo collocamento senza rimborso se non fornisci prova di un'assicurazione adeguata prima della partenza.<\/p>\n<\/li>\n<\/ul>\n<p data-path-to-node=\"62\"><b data-path-to-node=\"62\" data-index-in-node=\"0\">6. Limitazione di Responsabilit\u00e0<\/b> Poich\u00e9 Abroad Escape agisce puramente come agente intermediario, non accettiamo alcuna responsabilit\u00e0 per atti, omissioni, inadempienze o negligenza dei Partner Locali, dei loro dipendenti o di fornitori terzi. Non siamo responsabili per lesioni personali, malattie, danni alla propriet\u00e0 o perdite finanziarie subite durante il collocamento. Inoltre, Abroad Escape non \u00e8 responsabile per cancellazioni, ritardi o modifiche del programma causati da eventi di Forza Maggiore, inclusi ma non limitati a disastri naturali, instabilit\u00e0 politica, epidemie o insolvenza del Partner Locale.<\/p>\n<p data-path-to-node=\"63\"><b data-path-to-node=\"63\" data-index-in-node=\"0\">7. Le tue Responsabilit\u00e0 e Codice di Condotta<\/b><\/p>\n<ul data-path-to-node=\"64\">\n<li>\n<p data-path-to-node=\"64,0,0\"><b data-path-to-node=\"64,0,0\" data-index-in-node=\"0\">Documenti di Viaggio:<\/b> Sei interamente responsabile di assicurarti di avere un passaporto valido (con almeno 6 mesi di validit\u00e0 dalla data di ingresso), il visto corretto per fare volontariato e le eventuali vaccinazioni richieste.<\/p>\n<\/li>\n<li>\n<p data-path-to-node=\"64,1,0\"><b data-path-to-node=\"64,1,0\" data-index-in-node=\"0\">Codice di Condotta:<\/b> Accetti di rispettare le regole e le normative stabilite dal Partner Locale e le leggi del paese ospitante. Il Partner Locale si riserva il diritto di interrompere il tuo collocamento senza rimborso se il tuo comportamento \u00e8 ritenuto di disturbo, illegale o dannoso per il progetto.<\/p>\n<\/li>\n<\/ul>\n<p data-path-to-node=\"65\"><b data-path-to-node=\"65\" data-index-in-node=\"0\">8. Legge Applicabile e Giurisdizione<\/b> I presenti Termini e Condizioni, e qualsiasi controversia o reclamo derivante da o in connessione con essi, saranno regolati e interpretati in conformit\u00e0 alla legge di Inghilterra e Galles. I tribunali di Inghilterra e Galles avranno giurisdizione esclusiva per risolvere qualsiasi controversia.<\/p>\n<p data-path-to-node=\"66\"><b data-path-to-node=\"66\" data-index-in-node=\"0\">INFORMAZIONI SULLA SOCIET\u00c0<br \/><\/b>Abroad Escape Ltd \u00e8 una societ\u00e0 registrata in Inghilterra e Galles.<br \/>Numero Societ\u00e0: 14937484. <br \/>Sede nel Regno Unito: 3 Hornton Place, London W8 4LZ Sede Legale: 3 Hornton Place, London W8 4LZ, United Kingdom <br \/>+44 203 885 6443<br \/>support@abroadescape.com<\/p>\n<\/div><\/div>\n<\/div>\n<\/div>\n<\/div>","protected":false},"excerpt":{"rendered":"","protected":false},"author":1,"featured_media":0,"parent":0,"menu_order":0,"comment_status":"closed","ping_status":"closed","template":"","meta":{"footnotes":""},"class_list":["post-1762","page","type-page","status-publish","hentry"],"_links":{"self":[{"href":"https:\/\/abroadescape.com\/it\/wp-json\/wp\/v2\/pages\/1762","targetHints":{"allow":["GET"]}}],"collection":[{"href":"https:\/\/abroadescape.com\/it\/wp-json\/wp\/v2\/pages"}],"about":[{"href":"https:\/\/abroadescape.com\/it\/wp-json\/wp\/v2\/types\/page"}],"author":[{"embeddable":true,"href":"https:\/\/abroadescape.com\/it\/wp-json\/wp\/v2\/users\/1"}],"replies":[{"embeddable":true,"href":"https:\/\/abroadescape.com\/it\/wp-json\/wp\/v2\/comments?post=1762"}],"version-history":[{"count":0,"href":"https:\/\/abroadescape.com\/it\/wp-json\/wp\/v2\/pages\/1762\/revisions"}],"wp:attachment":[{"href":"https:\/\/abroadescape.com\/it\/wp-json\/wp\/v2\/media?parent=1762"}],"curies":[{"name":"wp","href":"https:\/\/api.w.org\/{rel}","templated":true}]}}