{"id":2611,"date":"2025-08-03T15:22:12","date_gmt":"2025-08-03T15:22:12","guid":{"rendered":"https:\/\/abroadescape.com\/it\/?page_id=2611"},"modified":"2025-11-17T11:11:47","modified_gmt":"2025-11-17T11:11:47","slug":"volontariato-con-la-famiglia","status":"publish","type":"page","link":"https:\/\/abroadescape.com\/it\/volontariato-con-la-famiglia\/","title":{"rendered":"Volontariato con la famiglia"},"content":{"rendered":"<div class=\"et_pb_section_0 et_pb_section et_section_regular et_block_section\"><div class=\"et_pb_row_0 et_pb_row et_pb_equal_columns et_block_row inline-buttons-row\"><div class=\"et_pb_column_0 et_pb_column et_pb_column_1_2 et_block_column et_pb_css_mix_blend_mode_passthrough\"><div class=\"et_pb_text_0 et_pb_text et_pb_bg_layout_light et_pb_module et_flex_module\"><div class=\"et_pb_text_inner\"><h1 class=\"hero-1-title mb-4 font-weight-normal line-height-1_4\">Volontariato con la famiglia con<span>\u00a0<\/span><span style=\"color: #ff8057;\"><strong><span class=\"text-primary font-weight-medium\">Abroad Escape<\/span><\/strong><\/span><\/h1>\n<div class=\"col-lg-6\">\n<div class=\"hero-title pr-lg-5\">\n<p>Scopri il mondo e fai la differenza: Vacanze di volontariato all'estero per famiglie. Hai mai pensato di trasformare una semplice vacanza in un\u2019avventura che unisce, ispira e lascia il segno? Con il volontariato con la famiglia, puoi vivere un\u2019esperienza autentica e solidale.<\/p>\n<\/div>\n<\/div>\n<\/div><\/div><\/div><div class=\"et_pb_column_1 et_pb_column et_pb_column_1_2 et-last-child et_block_column et_pb_css_mix_blend_mode_passthrough\"><div class=\"et_pb_image_0 et_pb_image et_pb_module et_flex_module\"><span class=\"et_pb_image_wrap\"><img loading=\"lazy\" decoding=\"async\" src=\"https:\/\/abroadescape.com\/it\/wp-content\/uploads\/sites\/6\/2025\/08\/Philippines-volunteer-abroad-escape-Teaching-97.jpeg\" alt=\"family volunteering holidays\" title=\"Philippines-volunteer-abroad-escape-Teaching (97)\" width=\"1000\" height=\"750\" srcset=\"https:\/\/abroadescape.com\/it\/wp-content\/uploads\/sites\/6\/2025\/08\/Philippines-volunteer-abroad-escape-Teaching-97.jpeg 1000w, https:\/\/abroadescape.com\/it\/wp-content\/uploads\/sites\/6\/2025\/08\/Philippines-volunteer-abroad-escape-Teaching-97-980x735.jpeg 980w, https:\/\/abroadescape.com\/it\/wp-content\/uploads\/sites\/6\/2025\/08\/Philippines-volunteer-abroad-escape-Teaching-97-480x360.jpeg 480w\" sizes=\"(min-width: 0px) and (max-width: 480px) 480px, (min-width: 481px) and (max-width: 980px) 980px, (min-width: 981px) 1000px, 100vw\" class=\"wp-image-2613\" \/><\/span><\/div><\/div><\/div><\/div><div class=\"et_pb_section_1 et_pb_section et_section_regular et_block_section\"><div class=\"et_pb_row_1 et_pb_row et_block_row\"><div class=\"et_pb_column_2 et_pb_column et_pb_column_4_4 et-last-child et_block_column et_pb_css_mix_blend_mode_passthrough\"><div class=\"et_pb_text_1 et_pb_text et_pb_bg_layout_light et_pb_module et_flex_module\"><div class=\"et_pb_text_inner\"><h2>Volontariato con la famiglia<\/h2>\n<p><em><strong>Create Lasting Memories. Family Travel with Purpose.<\/strong><\/em><\/p>\n<p>Fare vacanze di volontariato all'estero per famiglie significa molto pi\u00f9 che viaggiare: \u00e8 condividere valori, imparare insieme e rafforzare il legame familiare attraverso azioni concrete. Che siate una famiglia con bambini piccoli, adolescenti o un duo genitore-figlio, ci sono progetti pensati per tutti, adattabili alle vostre capacit\u00e0 e desideri.<\/p>\n<p>I bambini imparano osservando, e quale miglior modo per insegnare empatia, rispetto e collaborazione se non con l'esempio diretto? Il volontariato con la famiglia permette ai pi\u00f9 piccoli di aprire la mente, conoscere culture diverse e capire quanto sia importante dare una mano a chi ne ha bisogno.<\/p>\n<p>Queste esperienze cambiano il modo in cui si guarda il mondo. Ogni attivit\u00e0 svolta insieme \u2013 che sia piantare alberi, supportare una scuola o aiutare in un centro per la comunit\u00e0 \u2013 diventa un ricordo indelebile e un insegnamento di vita.<\/p>\n<p>Scegli di viaggiare con uno scopo. Scegli una vacanza che arricchisce il cuore: scegli le vacanze di volontariato all\u2019estero per famiglie.<\/p>\n<p><strong>\u00a0Volontariato con la famiglia<\/strong>: un nuovo modo di vedere il mondo insieme ai tuoi figli<\/p>\n<p>Il volontariato con la famiglia \u00e8 un\u2019occasione unica per osservare il mondo da una nuova prospettiva e condividere questa esperienza trasformativa con i tuoi figli. I nostri progetti pensati per le famiglie sono ideali per chi cerca qualcosa di pi\u00f9 significativo rispetto alla classica vacanza. Lavoriamo con voi per creare un\u2019esperienza su misura, che risponda ai desideri e alle capacit\u00e0 di ogni membro della famiglia.<\/p>\n<p><strong>Una lezione preziosa per la vita<\/strong><\/p>\n<p>Fare volontariato come famiglia permette ai bambini di scoprire fin da piccoli cosa significa la solidariet\u00e0. Insieme, contribuirete a iniziative sostenibili che hanno un impatto reale sulle comunit\u00e0 locali. Collaborerete fianco a fianco con le persone del posto e conoscerete tradizioni e abitudini diverse \u2014 un'esperienza che rester\u00e0 nel cuore.<\/p>\n<p>Il nostro team locale vi accompagner\u00e0 in ogni fase del percorso. Vi aiuter\u00e0 a sentirvi accolti e vi guider\u00e0 in un contesto sicuro e ben organizzato. \u00c8 un'opportunit\u00e0 per crescere insieme, sviluppare nuove competenze e fare la differenza, tutti insieme come famiglia.<\/p>\n<p><strong>Perch\u00e9 scegliere il volontariato con la famiglia?<\/strong><\/p>\n<p>\u2713 Immergiti in una nuova cultura**<br \/>Alloggerete presso una famiglia locale o in una struttura per volontari organizzata dal nostro staff. In pochi giorni, vi sentirete parte della comunit\u00e0 e scoprirete la vita quotidiana dall\u2019interno.<\/p>\n<p>\u2713 Condividi la tua passione per il viaggio con i tuoi figli**<br \/>I bambini apprendono osservando i genitori. Partecipare a un progetto di volontariato con i propri figli significa offrire loro un'esperienza avventurosa e educativa. Impareranno che non tutte le realt\u00e0 del mondo sono uguali \u2014 una consapevolezza che arricchisce profondamente.<\/p>\n<p>\u2713 Imparare facendo**<br \/>Incoraggia i tuoi figli a esplorare, osservare e partecipare attivamente. Il volontariato \u00e8 una forma di apprendimento pratica e naturale, che aiuta i pi\u00f9 piccoli ad adattarsi, risolvere problemi e interagire con persone diverse, fuori dall\u2019ambiente scolastico.<\/p>\n<p>\u2713 Rafforza il legame familiare**<br \/>Lavorare insieme in un ambiente nuovo e aiutare gli altri vi avvicina come famiglia. Condividerete momenti intensi, creerete ricordi duraturi e collaborerete attivamente ogni giorno. L\u2019impegno richiesto favorisce la comunicazione, la comprensione reciproca e il lavoro di squadra.<\/p>\n<p>Fammi sapere se vuoi una versione pi\u00f9 emozionale, informativa o promozionale!<\/p>\n<p><strong>I nostri 10 migliori programmi di volontariato per famiglie:<\/strong><\/p>\n<p>Volontariato per famiglie a Bali<br \/>Volontariato per famiglie in Cambogia<br \/>Volontariato per famiglie a Capo Verde<br \/>Volontariato per famiglie in India<br \/>Volontariato per famiglie in Laos<br \/>Volontariato per famiglie nelle Filippine<br \/>Volontariato per famiglie in Sri Lanka<br \/>Volontariato in Thailandia<br \/>Volontariato per famiglie in Vietnam<br \/>Volontariato per famiglie a Zanzibar\u00a0<\/p>\n<p><a href=\"https:\/\/abroadescape.com\/family-volunteer-abroad\/\"><strong>Clicca qui per maggiori informazioni.<\/strong><\/a><\/p>\n<\/div><\/div><\/div><\/div><\/div><div class=\"et_pb_section_2 et_pb_section et_section_regular et_block_section\"><div class=\"et_pb_row_2 et_pb_row et_block_row\"><div class=\"et_pb_column_3 et_pb_column et_pb_column_4_4 et-last-child et_block_column et_pb_css_mix_blend_mode_passthrough\"><div class=\"et_pb_gallery_0 et_pb_gallery et_pb_bg_layout_light et_pb_gallery_grid et_pb_module\" data-auto-rotate=\"off\" data-auto-rotate-speed=\"\"><div class=\"et_pb_gallery_items et_post_gallery clearfix et_block_module\" data-per_page=\"55\"><div class=\"et_pb_gallery_item et_pb_grid_item et_pb_gallery_item_0_0\"><div class=\"et_pb_gallery_image landscape\" data-per_page=\"55\"><a href=\"https:\/\/abroadescape.com\/it\/wp-content\/uploads\/sites\/6\/2024\/09\/THAILAND-chiangmai-elephantCover.jpg\" title=\"THAILAND-chiangmai-elephantCover\"><img loading=\"lazy\" decoding=\"async\" width=\"400\" height=\"284\" src=\"https:\/\/abroadescape.com\/it\/wp-content\/uploads\/sites\/6\/2024\/09\/THAILAND-chiangmai-elephantCover-400x284.jpg\" alt=\"\" class=\"wp-image-1690\" srcset=\"https:\/\/abroadescape.com\/it\/wp-content\/uploads\/sites\/6\/2024\/09\/THAILAND-chiangmai-elephantCover.jpg 479w, https:\/\/abroadescape.com\/it\/wp-content\/uploads\/sites\/6\/2024\/09\/THAILAND-chiangmai-elephantCover-400x284.jpg 480w\" sizes=\"(max-width:479px) 479px, 100vw\" \/><span class=\"et_overlay\" data-icon=\"\" data-icon-tablet=\"\" data-icon-phone=\"\"><\/span><\/a><\/div><\/div><div class=\"et_pb_gallery_item et_pb_grid_item et_pb_gallery_item_0_1\"><div class=\"et_pb_gallery_image landscape\" data-per_page=\"55\"><a href=\"https:\/\/abroadescape.com\/it\/wp-content\/uploads\/sites\/6\/2024\/09\/Thailand-Koh-Samui-Copy-of-63-1.jpg\" title=\"Thailand-Koh-Samui-Copy of 63\"><img loading=\"lazy\" decoding=\"async\" width=\"400\" height=\"284\" src=\"https:\/\/abroadescape.com\/it\/wp-content\/uploads\/sites\/6\/2024\/09\/Thailand-Koh-Samui-Copy-of-63-1-400x284.jpg\" alt=\"\" class=\"wp-image-1673\" srcset=\"https:\/\/abroadescape.com\/it\/wp-content\/uploads\/sites\/6\/2024\/09\/Thailand-Koh-Samui-Copy-of-63-1.jpg 479w, https:\/\/abroadescape.com\/it\/wp-content\/uploads\/sites\/6\/2024\/09\/Thailand-Koh-Samui-Copy-of-63-1-400x284.jpg 480w\" sizes=\"(max-width:479px) 479px, 100vw\" \/><span class=\"et_overlay\" data-icon=\"\" data-icon-tablet=\"\" data-icon-phone=\"\"><\/span><\/a><\/div><\/div><div class=\"et_pb_gallery_item et_pb_grid_item et_pb_gallery_item_0_2\"><div class=\"et_pb_gallery_image landscape\" data-per_page=\"55\"><a href=\"https:\/\/abroadescape.com\/it\/wp-content\/uploads\/sites\/6\/2024\/09\/Lombok-teaching-_Lombok-teaching-in-classroom-6.jpg\" title=\"Lombok-teaching-_Lombok-teaching-in-classroom-6\"><img loading=\"lazy\" decoding=\"async\" width=\"400\" height=\"284\" src=\"https:\/\/abroadescape.com\/it\/wp-content\/uploads\/sites\/6\/2024\/09\/Lombok-teaching-_Lombok-teaching-in-classroom-6-400x284.jpg\" alt=\"\" class=\"wp-image-1464\" srcset=\"https:\/\/abroadescape.com\/it\/wp-content\/uploads\/sites\/6\/2024\/09\/Lombok-teaching-_Lombok-teaching-in-classroom-6.jpg 479w, https:\/\/abroadescape.com\/it\/wp-content\/uploads\/sites\/6\/2024\/09\/Lombok-teaching-_Lombok-teaching-in-classroom-6-400x284.jpg 480w\" sizes=\"(max-width:479px) 479px, 100vw\" \/><span class=\"et_overlay\" data-icon=\"\" data-icon-tablet=\"\" data-icon-phone=\"\"><\/span><\/a><\/div><\/div><div class=\"et_pb_gallery_item et_pb_grid_item et_pb_gallery_item_0_3\"><div class=\"et_pb_gallery_image landscape\" data-per_page=\"55\"><a href=\"https:\/\/abroadescape.com\/it\/wp-content\/uploads\/sites\/6\/2024\/09\/Lombok-teaching-_Lombok-Teaching-2.jpg\" title=\"Lombok-teaching-_Lombok-Teaching-2\"><img loading=\"lazy\" decoding=\"async\" width=\"400\" height=\"284\" src=\"https:\/\/abroadescape.com\/it\/wp-content\/uploads\/sites\/6\/2024\/09\/Lombok-teaching-_Lombok-Teaching-2-400x284.jpg\" alt=\"\" class=\"wp-image-1494\" srcset=\"https:\/\/abroadescape.com\/it\/wp-content\/uploads\/sites\/6\/2024\/09\/Lombok-teaching-_Lombok-Teaching-2.jpg 479w, https:\/\/abroadescape.com\/it\/wp-content\/uploads\/sites\/6\/2024\/09\/Lombok-teaching-_Lombok-Teaching-2-400x284.jpg 480w\" sizes=\"(max-width:479px) 479px, 100vw\" \/><span class=\"et_overlay\" data-icon=\"\" data-icon-tablet=\"\" data-icon-phone=\"\"><\/span><\/a><\/div><\/div><div class=\"et_pb_gallery_item et_pb_grid_item et_pb_gallery_item_0_4\"><div class=\"et_pb_gallery_image landscape\" data-per_page=\"55\"><a href=\"https:\/\/abroadescape.com\/it\/wp-content\/uploads\/sites\/6\/2024\/09\/Lombok-cultural-1.jpg\" title=\"Lombok-cultural-1\"><img loading=\"lazy\" decoding=\"async\" width=\"400\" height=\"284\" src=\"https:\/\/abroadescape.com\/it\/wp-content\/uploads\/sites\/6\/2024\/09\/Lombok-cultural-1-400x284.jpg\" alt=\"\" class=\"wp-image-1476\" srcset=\"https:\/\/abroadescape.com\/it\/wp-content\/uploads\/sites\/6\/2024\/09\/Lombok-cultural-1.jpg 479w, https:\/\/abroadescape.com\/it\/wp-content\/uploads\/sites\/6\/2024\/09\/Lombok-cultural-1-400x284.jpg 480w\" sizes=\"(max-width:479px) 479px, 100vw\" \/><span class=\"et_overlay\" data-icon=\"\" data-icon-tablet=\"\" data-icon-phone=\"\"><\/span><\/a><\/div><\/div><div class=\"et_pb_gallery_item et_pb_grid_item et_pb_gallery_item_0_5\"><div class=\"et_pb_gallery_image landscape\" data-per_page=\"55\"><a href=\"https:\/\/abroadescape.com\/it\/wp-content\/uploads\/sites\/6\/2023\/08\/bali-lovina-Renovation-in-Lovina-28.jpg\" title=\"bali-lovina-Renovation-in-Lovina-28\"><img loading=\"lazy\" decoding=\"async\" width=\"400\" height=\"284\" src=\"https:\/\/abroadescape.com\/it\/wp-content\/uploads\/sites\/6\/2023\/08\/bali-lovina-Renovation-in-Lovina-28-400x284.jpg\" alt=\"\" class=\"wp-image-226\" srcset=\"https:\/\/abroadescape.com\/it\/wp-content\/uploads\/sites\/6\/2023\/08\/bali-lovina-Renovation-in-Lovina-28.jpg 479w, https:\/\/abroadescape.com\/it\/wp-content\/uploads\/sites\/6\/2023\/08\/bali-lovina-Renovation-in-Lovina-28-400x284.jpg 480w\" sizes=\"(max-width:479px) 479px, 100vw\" \/><span class=\"et_overlay\" data-icon=\"\" data-icon-tablet=\"\" data-icon-phone=\"\"><\/span><\/a><\/div><\/div><div class=\"et_pb_gallery_item et_pb_grid_item et_pb_gallery_item_0_6\"><div class=\"et_pb_gallery_image landscape\" data-per_page=\"55\"><a href=\"https:\/\/abroadescape.com\/it\/wp-content\/uploads\/sites\/6\/2023\/08\/srilanka-_Kandy-Teaching_Sep19-5.jpg\" title=\"srilanka-_Kandy-Teaching_Sep19-5\"><img loading=\"lazy\" decoding=\"async\" width=\"400\" height=\"284\" src=\"https:\/\/abroadescape.com\/it\/wp-content\/uploads\/sites\/6\/2023\/08\/srilanka-_Kandy-Teaching_Sep19-5-400x284.jpg\" alt=\"\" class=\"wp-image-437\" srcset=\"https:\/\/abroadescape.com\/it\/wp-content\/uploads\/sites\/6\/2023\/08\/srilanka-_Kandy-Teaching_Sep19-5.jpg 479w, https:\/\/abroadescape.com\/it\/wp-content\/uploads\/sites\/6\/2023\/08\/srilanka-_Kandy-Teaching_Sep19-5-400x284.jpg 480w\" sizes=\"(max-width:479px) 479px, 100vw\" \/><span class=\"et_overlay\" data-icon=\"\" data-icon-tablet=\"\" data-icon-phone=\"\"><\/span><\/a><\/div><\/div><div class=\"et_pb_gallery_item et_pb_grid_item et_pb_gallery_item_0_7\"><div class=\"et_pb_gallery_image landscape\" data-per_page=\"55\"><a href=\"https:\/\/abroadescape.com\/it\/wp-content\/uploads\/sites\/6\/2023\/08\/philippines-Copy-of-IMG20220823094508.jpg\" title=\"philippines-Copy-of-IMG20220823094508\"><img loading=\"lazy\" decoding=\"async\" width=\"400\" height=\"284\" src=\"https:\/\/abroadescape.com\/it\/wp-content\/uploads\/sites\/6\/2023\/08\/philippines-Copy-of-IMG20220823094508-400x284.jpg\" alt=\"\" class=\"wp-image-418\" srcset=\"https:\/\/abroadescape.com\/it\/wp-content\/uploads\/sites\/6\/2023\/08\/philippines-Copy-of-IMG20220823094508.jpg 479w, https:\/\/abroadescape.com\/it\/wp-content\/uploads\/sites\/6\/2023\/08\/philippines-Copy-of-IMG20220823094508-400x284.jpg 480w\" sizes=\"(max-width:479px) 479px, 100vw\" \/><span class=\"et_overlay\" data-icon=\"\" data-icon-tablet=\"\" data-icon-phone=\"\"><\/span><\/a><\/div><\/div><\/div><\/div><\/div><\/div><\/div><div class=\"et_pb_section_3 et_pb_section et_pb_fullwidth_section et_section_regular et_block_section\"><div class=\"et_pb_fullwidth_image_0 et_pb_fullwidth_image et_pb_module\"><img loading=\"lazy\" decoding=\"async\" src=\"https:\/\/abroadescape.com\/it\/wp-content\/uploads\/sites\/6\/2024\/09\/Thailand-Koh-Samui-Copy-of-63-1.jpg\" title=\"Thailand-Koh-Samui-Copy of 63\" width=\"1000\" height=\"1000\" srcset=\"https:\/\/abroadescape.com\/it\/wp-content\/uploads\/sites\/6\/2024\/09\/Thailand-Koh-Samui-Copy-of-63-1.jpg 1000w, https:\/\/abroadescape.com\/it\/wp-content\/uploads\/sites\/6\/2024\/09\/Thailand-Koh-Samui-Copy-of-63-1-980x980.jpg 980w, https:\/\/abroadescape.com\/it\/wp-content\/uploads\/sites\/6\/2024\/09\/Thailand-Koh-Samui-Copy-of-63-1-480x480.jpg 480w\" sizes=\"(min-width: 0px) and (max-width: 480px) 480px, (min-width: 481px) and (max-width: 980px) 980px, (min-width: 981px) 1000px, 100vw\" class=\"wp-image-1673\" \/><\/div><\/div>","protected":false},"excerpt":{"rendered":"","protected":false},"author":1,"featured_media":0,"parent":0,"menu_order":0,"comment_status":"closed","ping_status":"closed","template":"","meta":{"footnotes":""},"class_list":["post-2611","page","type-page","status-publish","hentry"],"_links":{"self":[{"href":"https:\/\/abroadescape.com\/it\/wp-json\/wp\/v2\/pages\/2611","targetHints":{"allow":["GET"]}}],"collection":[{"href":"https:\/\/abroadescape.com\/it\/wp-json\/wp\/v2\/pages"}],"about":[{"href":"https:\/\/abroadescape.com\/it\/wp-json\/wp\/v2\/types\/page"}],"author":[{"embeddable":true,"href":"https:\/\/abroadescape.com\/it\/wp-json\/wp\/v2\/users\/1"}],"replies":[{"embeddable":true,"href":"https:\/\/abroadescape.com\/it\/wp-json\/wp\/v2\/comments?post=2611"}],"version-history":[{"count":0,"href":"https:\/\/abroadescape.com\/it\/wp-json\/wp\/v2\/pages\/2611\/revisions"}],"wp:attachment":[{"href":"https:\/\/abroadescape.com\/it\/wp-json\/wp\/v2\/media?parent=2611"}],"curies":[{"name":"wp","href":"https:\/\/api.w.org\/{rel}","templated":true}]}}