{"id":2753,"date":"2025-09-12T04:32:43","date_gmt":"2025-09-12T04:32:43","guid":{"rendered":"https:\/\/abroadescape.com\/it\/?page_id=2753"},"modified":"2025-11-17T11:31:36","modified_gmt":"2025-11-17T11:31:36","slug":"destinazioni","status":"publish","type":"page","link":"https:\/\/abroadescape.com\/it\/destinazioni\/","title":{"rendered":"Destinazioni"},"content":{"rendered":"<div class=\"et_pb_section_0 et_pb_section et_section_regular et_block_section\">\n<div class=\"et_pb_row_0 et_pb_row et_pb_equal_columns et_block_row inline-buttons-row\">\n<div class=\"et_pb_column_0 et_pb_column et_pb_column_1_2 et_block_column et_pb_css_mix_blend_mode_passthrough\">\n<div class=\"et_pb_text_0 et_pb_text et_pb_bg_layout_light et_pb_module et_block_module\"><div class=\"et_pb_text_inner\"><h1 class=\"hero-1-title mb-4 font-weight-normal line-height-1_4\">I nostri <span style=\"color: #ff8057;\">programmi<\/span><\/h1>\n<\/div><\/div>\n\n<div class=\"et_pb_text_1 et_pb_text et_pb_bg_layout_light et_pb_module et_block_module\"><div class=\"et_pb_text_inner\"><div class=\"col-lg-6\">\n<div class=\"hero-title pr-lg-5\">\n<p>Questi sono i nostri programmi di volontariato in tutto il mondo. Crea il tuo programma di volontariato personalizzato scegliendo tra oltre 100 progetti.<\/p>\n<\/div>\n<\/div>\n<\/div><\/div>\n\n<div class=\"et_pb_module et_pb_button_module_wrapper et_pb_button_0_wrapper preset--module--divi-button--default_wrapper\"><a class=\"et_pb_button_0 et_pb_button et_pb_bg_layout_light et_pb_module et_block_module preset--module--divi-button--default\" href=\"https:\/\/abroadescape.com\/it\/applica\/\">Prenota ora<\/a><\/div>\n<\/div>\n\n<div class=\"et_pb_column_1 et_pb_column et_pb_column_1_2 et-last-child et_block_column et_pb_css_mix_blend_mode_passthrough\">\n<div class=\"et_pb_code_0 et_pb_code et_pb_module\"><div class=\"et_pb_code_inner\"><iframe loading=\"lazy\" src=\"https:\/\/player.vimeo.com\/video\/1065840567?badge=0&autopause=0&player_id=0&app_id=58479\" width=\"1280\" height=\"720\" frameborder=\"0\" allow=\"autoplay; fullscreen; picture-in-picture; clipboard-write; encrypted-media; web-share\" referrerpolicy=\"strict-origin-when-cross-origin\" title=\"Caterina and Ariella\"><\/iframe><\/div><\/div>\n<\/div>\n<\/div>\n<\/div>\n\n<div class=\"et_pb_section_1 et_pb_section et_section_regular et_block_section\">\n<div class=\"et_pb_row_1 et_pb_row et_block_row\">\n<div class=\"et_pb_column_2 et_pb_column et_pb_column_1_3 et_block_column et_pb_css_mix_blend_mode_passthrough\">\n<div class=\"et_pb_text_2 et_pb_text et_pb_bg_layout_light et_pb_module et_block_module\"><div class=\"et_pb_text_inner\"><h2>Africa<\/h2>\n<p><a href=\"https:\/\/abroadescape.com\/it\/capo-verde\/\">Volontariato a Capo Verde<\/a><\/p>\n<p><a href=\"https:\/\/abroadescape.com\/it\/kenya\/\">Volontariato in Kenya<\/a><\/p>\n<p><a href=\"https:\/\/abroadescape.com\/it\/tanzania\">Volontariato in Tanzania<\/a><\/p>\n<p><a href=\"https:\/\/abroadescape.com\/it\/zanzibar\">Volontariato a Zanzibar<\/a><\/p>\n<p>&nbsp;<\/p>\n<p>&nbsp;<\/p>\n<\/div><\/div>\n<\/div>\n\n<div class=\"et_pb_column_3 et_pb_column et_pb_column_1_3 et_block_column et_pb_css_mix_blend_mode_passthrough\">\n<div class=\"et_pb_text_3 et_pb_text et_pb_bg_layout_light et_pb_module et_block_module\"><div class=\"et_pb_text_inner\"><h2>Asia<\/h2>\n<p><a href=\"https:\/\/abroadescape.com\/it\/bali\/\">Volontariato a Bali<\/a><\/p>\n<p><a href=\"https:\/\/abroadescape.com\/it\/cambogia\/\">Volontariato in Cambogia<\/a><\/p>\n<p><a href=\"https:\/\/abroadescape.com\/it\/corea-del-sud\/\">Volontariato in Corea del Sud<\/a><\/p>\n<p><a href=\"https:\/\/abroadescape.com\/it\/figi\/\">Volontariato alle Fiji<\/a><\/p>\n<p><a href=\"https:\/\/abroadescape.com\/it\/filippine\/\">Volontariato nelle Filippine<\/a><\/p>\n<p><a href=\"https:\/\/abroadescape.com\/it\/india\/\">Volontariato in India<\/a><\/p>\n<p><a href=\"https:\/\/abroadescape.com\/it\/laos\/\">Volontariato in Laos<\/a><\/p>\n<p><a href=\"https:\/\/abroadescape.com\/it\/lombok\/\">Volontariato a Lombok<\/a><\/p>\n<p><a href=\"https:\/\/abroadescape.com\/it\/nepal\/\">Volontariato in Nepal<\/a><\/p>\n<p><a href=\"https:\/\/abroadescape.com\/it\/sri-lanka\/\">Volontariato in Sri Lanka<\/a><\/p>\n<p><a href=\"https:\/\/abroadescape.com\/it\/tailandia\/\">Volontariato in Thailandia<\/a><\/p>\n<p><a href=\"https:\/\/abroadescape.com\/it\/vietnam\/\">Volontariato in Vietnam<\/a><\/p>\n<p>&nbsp;<\/p>\n<\/div><\/div>\n<\/div>\n\n<div class=\"et_pb_column_4 et_pb_column et_pb_column_1_3 et-last-child et_block_column et_pb_css_mix_blend_mode_passthrough\">\n<div class=\"et_pb_text_4 et_pb_text et_pb_bg_layout_light et_pb_module et_block_module\"><div class=\"et_pb_text_inner\"><h2>Europa<\/h2>\n<p><a href=\"https:\/\/abroadescape.com\/it\/portogallo\">Volontariato in Portogallo<\/a><\/p>\n<p>&nbsp;<\/p>\n<h2>America Latina<\/h2>\n<p><a href=\"https:\/\/abroadescape.com\/it\/costa-rica\">Volontariato in Costa Rica<\/a><\/p>\n<p>&nbsp;<\/p>\n<p>&nbsp;<\/p>\n<\/div><\/div>\n<\/div>\n<\/div>\n<\/div>\n\n<div class=\"et_pb_section_2 et_pb_section et_section_regular et_block_section\">\n<div class=\"et_pb_row_2 et_pb_row et_block_row\">\n<div class=\"et_pb_column_5 et_pb_column et_pb_column_4_4 et-last-child et_block_column et_pb_css_mix_blend_mode_passthrough\">\n<div class=\"et_pb_text_5 et_pb_text et_pb_bg_layout_light et_pb_module et_block_module\"><div class=\"et_pb_text_inner\"><h3>Siamo <span style=\"color: #ff8057;\">amati \u2665\ufe0f<\/span> dai nostri clienti di fiducia<\/h3>\n<\/div><\/div>\n<\/div>\n<\/div>\n\n<div class=\"et_pb_row_3 et_pb_row et_block_row\">\n<div class=\"et_pb_column_6 et_pb_column et_pb_column_1_3 et_block_column et_pb_css_mix_blend_mode_passthrough\">\n<div class=\"et_pb_image_0 et_pb_image et_pb_module et_block_module\"><span class=\"et_pb_image_wrap\"><img decoding=\"async\" src=\"https:\/\/abroadescape.com\/wp-content\/uploads\/2023\/05\/Michael.jpg\" title=\"Michael\" \/><\/span><\/div>\n\n<div class=\"et_pb_text_6 et_pb_text et_pb_bg_layout_light et_pb_module et_block_module\"><div class=\"et_pb_text_inner\"><div class=\"et_pb_module et_pb_de_mach_acf_item et_pb_de_mach_acf_item_0_tb_body et_pb_de_mach_alignment_center dmach-image-icon-placement-left\">\n<div class=\"et_pb_module_inner\">\n<div class=\"dmach-acf-item-containter\">\n<div class=\"dmach-acf-item-content\">\n<h3 class=\"dmach-acf-value\" style=\"text-align: left;\">Michael<\/h3>\n<\/div>\n<\/div>\n<\/div>\n<\/div>\n<\/div><\/div>\n\n<div class=\"et_pb_text_7 et_pb_text et_pb_bg_layout_light et_pb_module et_block_module\"><div class=\"et_pb_text_inner\"><p>Ho fatto volontariato con Abroad Escape, che \u00e8 stato sicuramente il viaggio pi\u00f9 bello e l'esperienza pi\u00f9 bella della mia vita!<\/p>\n<\/div><\/div>\n<\/div>\n\n<div class=\"et_pb_column_7 et_pb_column et_pb_column_1_3 et_block_column et_pb_css_mix_blend_mode_passthrough\">\n<div class=\"et_pb_image_1 et_pb_image et_pb_module et_block_module\"><span class=\"et_pb_image_wrap\"><img decoding=\"async\" src=\"https:\/\/abroadescape.com\/wp-content\/uploads\/2023\/05\/Kate.jpg\" title=\"Kate\" \/><\/span><\/div>\n\n<div class=\"et_pb_text_8 et_pb_text et_pb_bg_layout_light et_pb_module et_block_module\"><div class=\"et_pb_text_inner\"><div class=\"et_pb_module et_pb_de_mach_acf_item et_pb_de_mach_acf_item_0_tb_body et_pb_de_mach_alignment_center dmach-image-icon-placement-left\">\n<div class=\"et_pb_module_inner\">\n<div class=\"dmach-acf-item-containter\">\n<div class=\"dmach-acf-item-content\">\n<h3>Kate<\/h3>\n<\/div>\n<\/div>\n<\/div>\n<\/div>\n<\/div><\/div>\n\n<div class=\"et_pb_text_9 et_pb_text et_pb_bg_layout_light et_pb_module et_block_module\"><div class=\"et_pb_text_inner\"><p>Il programma \u00e8 stata una grande esperienza per me. I bambini a cui ho insegnato erano molto intelligenti, e felici. Erano molto disposti a imparare, il che \u00e8 stato fantastico!<\/p>\n<\/div><\/div>\n<\/div>\n\n<div class=\"et_pb_column_8 et_pb_column et_pb_column_1_3 et-last-child et_block_column et_pb_css_mix_blend_mode_passthrough\">\n<div class=\"et_pb_image_2 et_pb_image et_pb_module et_block_module\"><span class=\"et_pb_image_wrap\"><img decoding=\"async\" src=\"https:\/\/abroadescape.com\/wp-content\/uploads\/2023\/05\/jennifer.jpg\" title=\"jennifer\" \/><\/span><\/div>\n\n<div class=\"et_pb_text_10 et_pb_text et_pb_bg_layout_light et_pb_module et_block_module\"><div class=\"et_pb_text_inner\"><div class=\"et_pb_module et_pb_de_mach_acf_item et_pb_de_mach_acf_item_0_tb_body et_pb_de_mach_alignment_center dmach-image-icon-placement-left\">\n<div class=\"et_pb_module_inner\">\n<div class=\"dmach-acf-item-containter\">\n<div class=\"dmach-acf-item-content\">\n<h3 class=\"dmach-acf-value\" style=\"text-align: left;\"><span>Jennifer<\/span><\/h3>\n<\/div>\n<\/div>\n<\/div>\n<\/div>\n<\/div><\/div>\n\n<div class=\"et_pb_text_11 et_pb_text et_pb_bg_layout_light et_pb_module et_block_module\"><div class=\"et_pb_text_inner\"><p>Mi sono trovata benissimo a fare volontariato con Abroad Escape. Sono stata contenta di tutta l'esperienza, e mi piacerebbe tornare in futuro!<\/p>\n<\/div><\/div>\n<\/div>\n<\/div>\n<\/div>\n\n<div class=\"et_pb_section_3 et_pb_section et_pb_fullwidth_section et_section_regular et_block_section\">\n<div class=\"et_pb_fullwidth_image_0 et_pb_fullwidth_image et_pb_module\"><img loading=\"lazy\" decoding=\"async\" src=\"https:\/\/abroadescape.com\/it\/wp-content\/uploads\/sites\/6\/2025\/09\/volunteer-cambodia-12.jpeg\" width=\"1500\" height=\"843\" srcset=\"https:\/\/abroadescape.com\/it\/wp-content\/uploads\/sites\/6\/2025\/09\/volunteer-cambodia-12.jpeg 1500w, https:\/\/abroadescape.com\/it\/wp-content\/uploads\/sites\/6\/2025\/09\/volunteer-cambodia-12-1280x719.jpeg 1280w, https:\/\/abroadescape.com\/it\/wp-content\/uploads\/sites\/6\/2025\/09\/volunteer-cambodia-12-980x551.jpeg 980w, https:\/\/abroadescape.com\/it\/wp-content\/uploads\/sites\/6\/2025\/09\/volunteer-cambodia-12-480x270.jpeg 480w\" sizes=\"(min-width: 0px) and (max-width: 480px) 480px, (min-width: 481px) and (max-width: 980px) 980px, (min-width: 981px) and (max-width: 1280px) 1280px, (min-width: 1281px) 1500px, 100vw\" class=\"wp-image-2794\" title=\"volunteer cambodia-12\" \/><\/div>\n<\/div>","protected":false},"excerpt":{"rendered":"","protected":false},"author":1,"featured_media":0,"parent":0,"menu_order":0,"comment_status":"closed","ping_status":"closed","template":"","meta":{"footnotes":""},"class_list":["post-2753","page","type-page","status-publish","hentry"],"_links":{"self":[{"href":"https:\/\/abroadescape.com\/it\/wp-json\/wp\/v2\/pages\/2753","targetHints":{"allow":["GET"]}}],"collection":[{"href":"https:\/\/abroadescape.com\/it\/wp-json\/wp\/v2\/pages"}],"about":[{"href":"https:\/\/abroadescape.com\/it\/wp-json\/wp\/v2\/types\/page"}],"author":[{"embeddable":true,"href":"https:\/\/abroadescape.com\/it\/wp-json\/wp\/v2\/users\/1"}],"replies":[{"embeddable":true,"href":"https:\/\/abroadescape.com\/it\/wp-json\/wp\/v2\/comments?post=2753"}],"version-history":[{"count":0,"href":"https:\/\/abroadescape.com\/it\/wp-json\/wp\/v2\/pages\/2753\/revisions"}],"wp:attachment":[{"href":"https:\/\/abroadescape.com\/it\/wp-json\/wp\/v2\/media?parent=2753"}],"curies":[{"name":"wp","href":"https:\/\/api.w.org\/{rel}","templated":true}]}}