{"id":3254,"date":"2025-12-06T15:48:43","date_gmt":"2025-12-06T15:48:43","guid":{"rendered":"https:\/\/abroadescape.com\/it\/?page_id=3254"},"modified":"2025-12-06T15:56:12","modified_gmt":"2025-12-06T15:56:12","slug":"blog","status":"publish","type":"page","link":"https:\/\/abroadescape.com\/it\/blog\/","title":{"rendered":"Blog"},"content":{"rendered":"<div class=\"et_pb_section_0 et_pb_section et_pb_fullwidth_section et_section_regular et_block_section\">\n<section class=\"et_pb_fullwidth_header_0 et_pb_fullwidth_header et_pb_fullscreen et_pb_bg_layout_dark et_pb_text_align_center et_pb_module et_flex_module\"><div class=\"et_pb_fullwidth_header_container center\"><div class=\"header-content-container center\"><div class=\"header-content et_flex_module\"><h1 class=\"et_pb_module_header\">Blog<\/h1><div class=\"et_pb_header_button_wrapper\"><\/div><\/div><\/div><\/div><div class=\"et_pb_fullwidth_header_overlay\"><\/div><div class=\"et_pb_fullwidth_header_scroll\"><\/div><\/section>\n<\/div>\n\n<div class=\"et_pb_section_1 et_pb_section et_section_regular et_flex_section\">\n<div class=\"et_pb_row_0 et_pb_row et_flex_row\">\n<div class=\"et_pb_column_0 et_pb_column et-last-child et_flex_column et_pb_css_mix_blend_mode_passthrough et_flex_column_24_24 et_flex_column_24_24_tablet et_flex_column_24_24_phone\">\n<div class=\"et_pb_post_slider_0 et_pb_post_slider et_pb_bg_layout_dark et_pb_slider et_pb_slider_fullwidth_off et_pb_post_slider_image_background et_pb_slider_with_overlay et_pb_module et_flex_module\"><div class=\"et_pb_slides\"><div class=\"et_pb_slide et_pb_post_slide-3276\" style=\"background-repeat:no-repeat;background-image:url(https:\/\/abroadescape.com\/it\/wp-content\/uploads\/sites\/6\/2023\/08\/South-Korea-fd33f11.png);background-color:var(--gcid-primary-color)\"><div class=\"et_pb_slide_overlay_container\"><\/div><div class=\"et_pb_container clearfix\"><div class=\"et_pb_slider_container_inner\"><div class=\"et_pb_slide_description\"><h2 class=\"et_pb_slide_title\"><a href=\"https:\/\/abroadescape.com\/it\/migliori-programmi-di-volontariato-in-corea-del-sud\/\">Migliori Programmi di Volontariato in Corea del Sud<\/a><\/h2><div class=\"et_pb_slide_content\"><div class=\"et_pb_slide_content_body\"><p>L&#8217;Anima del Servizio: I Migliori Programmi di Volontariato in Corea del Sud per il 2026 Connettere Culture e Contribuire alla Societ\u00e0 Pi\u00f9 Dinamica dell&#8217;Asia La Corea del Sud si erge come una potenza globale, rinomata per la sua innovazione tecnologica, le sue&#8230;<\/p>\n<\/div><\/div><div class=\"et_pb_button_wrapper\"><a class=\"et_pb_button et_pb_more_button\" href=\"https:\/\/abroadescape.com\/it\/migliori-programmi-di-volontariato-in-corea-del-sud\/\">Read More<\/a><\/div><\/div><\/div><\/div><\/div><div class=\"et_pb_slide et_pb_post_slide-3273\" style=\"background-repeat:no-repeat;background-image:url(https:\/\/abroadescape.com\/it\/wp-content\/uploads\/sites\/6\/2023\/08\/vietnam-_Activities-with-local-students.jpg);background-color:var(--gcid-primary-color)\"><div class=\"et_pb_slide_overlay_container\"><\/div><div class=\"et_pb_container clearfix\"><div class=\"et_pb_slider_container_inner\"><div class=\"et_pb_slide_description\"><h2 class=\"et_pb_slide_title\"><a href=\"https:\/\/abroadescape.com\/it\/migliori-programmi-di-volontariato-in-vietnam\/\">Migliori Programmi di Volontariato in Vietnam<\/a><\/h2><div class=\"et_pb_slide_content\"><div class=\"et_pb_slide_content_body\"><p>Il Cuore della Resilienza: I Migliori Programmi di Volontariato in Vietnam per il 2026 Oltre il Sentiero Turistico: Fare una Vera Differenza nel Gioiello Dinamico del Sud-est Asiatico Il Vietnam \u00e8 una terra definita da paesaggi drammatici, una storia profonda e uno&#8230;<\/p>\n<\/div><\/div><div class=\"et_pb_button_wrapper\"><a class=\"et_pb_button et_pb_more_button\" href=\"https:\/\/abroadescape.com\/it\/migliori-programmi-di-volontariato-in-vietnam\/\">Read More<\/a><\/div><\/div><\/div><\/div><\/div><div class=\"et_pb_slide et_pb_post_slide-3270\" style=\"background-repeat:no-repeat;background-image:url(https:\/\/abroadescape.com\/it\/wp-content\/uploads\/sites\/6\/2025\/11\/Thailand-_Chiang-Mai-Kindergarten-17.jpg);background-color:var(--gcid-primary-color)\"><div class=\"et_pb_slide_overlay_container\"><\/div><div class=\"et_pb_container clearfix\"><div class=\"et_pb_slider_container_inner\"><div class=\"et_pb_slide_description\"><h2 class=\"et_pb_slide_title\"><a href=\"https:\/\/abroadescape.com\/it\/migliori-programmi-di-volontariato-in-thailandia-2026\/\">Migliori Programmi di Volontariato in Thailandia 2026<\/a><\/h2><div class=\"et_pb_slide_content\"><div class=\"et_pb_slide_content_body\"><p>Il Paese dei Sorrisi con un Vero Scopo: I Migliori Programmi di Volontariato in Thailandia 2026 Oltre le Spiagge: Trovare un Significato nel Cuore Vibrante della Thailandia La Thailandia\u2014il Paese dei Sorrisi\u2014\u00e8 rinomata a livello globale per le sue spiagge&#8230;<\/p>\n<\/div><\/div><div class=\"et_pb_button_wrapper\"><a class=\"et_pb_button et_pb_more_button\" href=\"https:\/\/abroadescape.com\/it\/migliori-programmi-di-volontariato-in-thailandia-2026\/\">Read More<\/a><\/div><\/div><\/div><\/div><\/div><div class=\"et_pb_slide et_pb_post_slide-3267\" style=\"background-repeat:no-repeat;background-image:url(https:\/\/abroadescape.com\/it\/wp-content\/uploads\/sites\/6\/2025\/11\/volunteer-abroad-bali.jpg);background-color:var(--gcid-primary-color)\"><div class=\"et_pb_slide_overlay_container\"><\/div><div class=\"et_pb_container clearfix\"><div class=\"et_pb_slider_container_inner\"><div class=\"et_pb_slide_description\"><h2 class=\"et_pb_slide_title\"><a href=\"https:\/\/abroadescape.com\/it\/volontariato-allestero-a-breve-termine-vs-lungo-termine\/\">Volontariato all&#8217;Estero a Breve Termine vs Lungo Termine<\/a><\/h2><div class=\"et_pb_slide_content\"><div class=\"et_pb_slide_content_body\"><p>Volontariato all&#8217;Estero a Breve Termine vs Lungo Termine: Cosa Si Adatta al Vostro Programma nel 2026 Trovare il Tempo per un Vero Impatto: La Guida al Programma di Volontariato 2026 Sapete di voler fare la differenza. Siete pronti a scambiare il viaggio ordinario con&#8230;<\/p>\n<\/div><\/div><div class=\"et_pb_button_wrapper\"><a class=\"et_pb_button et_pb_more_button\" href=\"https:\/\/abroadescape.com\/it\/volontariato-allestero-a-breve-termine-vs-lungo-termine\/\">Read More<\/a><\/div><\/div><\/div><\/div><\/div><div class=\"et_pb_slide et_pb_post_slide-3264\" style=\"background-repeat:no-repeat;background-image:url(https:\/\/abroadescape.com\/it\/wp-content\/uploads\/sites\/6\/2025\/11\/Thailand-Hua-Hin-Kindergarten-27.jpg);background-color:var(--gcid-primary-color)\"><div class=\"et_pb_slide_overlay_container\"><\/div><div class=\"et_pb_container clearfix\"><div class=\"et_pb_slider_container_inner\"><div class=\"et_pb_slide_description\"><h2 class=\"et_pb_slide_title\"><a href=\"https:\/\/abroadescape.com\/it\/destinazioni-di-volontariato-allestero-del-2026\/\">Destinazioni di Volontariato all&#8217;Estero del 2026<\/a><\/h2><div class=\"et_pb_slide_content\"><div class=\"et_pb_slide_content_body\"><p>I Migliori Destinazioni di Volontariato all&#8217;Estero del 2026: La Vostra Roadmap Globale per un Impatto Reale Oltre il Sentiero Turistico: Perch\u00e9 il 2026 \u00e8 l&#8217;Anno del Viaggio Mirato Siete pronti a rendere il 2026 l&#8217;anno in cui smettete di sognare e iniziate a fare? Se&#8230;<\/p>\n<\/div><\/div><div class=\"et_pb_button_wrapper\"><a class=\"et_pb_button et_pb_more_button\" href=\"https:\/\/abroadescape.com\/it\/destinazioni-di-volontariato-allestero-del-2026\/\">Read More<\/a><\/div><\/div><\/div><\/div><\/div><div class=\"et_pb_slide et_pb_post_slide-3258\" style=\"background-repeat:no-repeat;background-image:url(https:\/\/abroadescape.com\/it\/wp-content\/uploads\/sites\/6\/2025\/09\/volunteer-cambodia-17.jpeg);background-color:var(--gcid-primary-color)\"><div class=\"et_pb_slide_overlay_container\"><\/div><div class=\"et_pb_container clearfix\"><div class=\"et_pb_slider_container_inner\"><div class=\"et_pb_slide_description\"><h2 class=\"et_pb_slide_title\"><a href=\"https:\/\/abroadescape.com\/it\/programmi-di-volontariato-allestero-2026\/\">Programmi di Volontariato all&#8217;Estero 2026<\/a><\/h2><div class=\"et_pb_slide_content\"><div class=\"et_pb_slide_content_body\"><p>I Migliori Programmi di Volontariato all&#8217;Estero 2026: La Vostra Guida al Viaggio Significativo Che Cambia Davvero le Vite Oltre la Lista dei Desideri: Perch\u00e9 il 2026 \u00e8 l&#8217;Anno dello Scopo Saluti a Voi, futuri artefici del cambiamento! Se state leggendo questo, \u00e8&#8230;<\/p>\n<\/div><\/div><div class=\"et_pb_button_wrapper\"><a class=\"et_pb_button et_pb_more_button\" href=\"https:\/\/abroadescape.com\/it\/programmi-di-volontariato-allestero-2026\/\">Read More<\/a><\/div><\/div><\/div><\/div><\/div><\/div><\/div>\n<\/div>\n<\/div>\n<\/div>\n\n<div class=\"et_pb_section_2 et_pb_section et_section_regular et_flex_section\">\n<div class=\"et_pb_row_1 et_pb_row et_flex_row\">\n<div class=\"et_pb_column_1 et_pb_column et-last-child et_flex_column et_pb_css_mix_blend_mode_passthrough et_flex_column_24_24 et_flex_column_24_24_tablet et_flex_column_24_24_phone\">\n<div class=\"et_pb_row_2 et_pb_row et_pb_row_nested et_flex_row\">\n<div class=\"et_pb_column_2 et_pb_column et-last-child et_flex_column et_pb_css_mix_blend_mode_passthrough et_flex_column_24_24 et_flex_column_24_24_tablet et_flex_column_24_24_phone\">\n<div class=\"et_pb_blog_0 et_pb_blog et_pb_bg_layout_light et_pb_posts et_pb_module\"><div class=\"et_pb_ajax_pagination_container\"><div class=\"et_pb_posts et_block_module\"><article class=\"et_pb_post et_pb_post_id_3276 clearfix et_pb_has_overlay et_pb_blog_item_0_0 post-3276 post type-post status-publish format-standard has-post-thumbnail hentry category-volontariato\"><a href=\"https:\/\/abroadescape.com\/it\/migliori-programmi-di-volontariato-in-corea-del-sud\/\" class=\"entry-featured-image-url\"><img loading=\"lazy\" decoding=\"async\" src=\"https:\/\/abroadescape.com\/it\/wp-content\/uploads\/sites\/6\/2023\/08\/South-Korea-fd33f11.png\" width=\"900\" height=\"600\" alt=\"Migliori Programmi di Volontariato in Corea del Sud\" class=\"et_pb_post_main_image\" \/><span data-icon=\"\ue050\" class=\"et_overlay et_pb_inline_icon\"><\/span><\/a><h2 class=\"entry-title\"><a href=\"https:\/\/abroadescape.com\/it\/migliori-programmi-di-volontariato-in-corea-del-sud\/\">Migliori Programmi di Volontariato in Corea del Sud<\/a><\/h2><p class=\"post-meta\"><\/p><div class=\"post-content\"><div class=\"post-content-inner\"><\/div><\/div><\/article><article class=\"et_pb_post et_pb_post_id_3273 clearfix et_pb_has_overlay et_pb_blog_item_0_1 post-3273 post type-post status-publish format-standard has-post-thumbnail hentry category-volontariato\"><a href=\"https:\/\/abroadescape.com\/it\/migliori-programmi-di-volontariato-in-vietnam\/\" class=\"entry-featured-image-url\"><img loading=\"lazy\" decoding=\"async\" src=\"https:\/\/abroadescape.com\/it\/wp-content\/uploads\/sites\/6\/2023\/08\/vietnam-_Activities-with-local-students.jpg\" width=\"900\" height=\"600\" alt=\"Migliori Programmi di Volontariato in Vietnam\" class=\"et_pb_post_main_image\" \/><span data-icon=\"\ue050\" class=\"et_overlay et_pb_inline_icon\"><\/span><\/a><h2 class=\"entry-title\"><a href=\"https:\/\/abroadescape.com\/it\/migliori-programmi-di-volontariato-in-vietnam\/\">Migliori Programmi di Volontariato in Vietnam<\/a><\/h2><p class=\"post-meta\"><\/p><div class=\"post-content\"><div class=\"post-content-inner\"><\/div><\/div><\/article><article class=\"et_pb_post et_pb_post_id_3270 clearfix et_pb_has_overlay et_pb_blog_item_0_2 post-3270 post type-post status-publish format-standard has-post-thumbnail hentry category-volontariato\"><a href=\"https:\/\/abroadescape.com\/it\/migliori-programmi-di-volontariato-in-thailandia-2026\/\" class=\"entry-featured-image-url\"><img loading=\"lazy\" decoding=\"async\" src=\"https:\/\/abroadescape.com\/it\/wp-content\/uploads\/sites\/6\/2025\/11\/Thailand-_Chiang-Mai-Kindergarten-17.jpg\" width=\"1080\" height=\"675\" alt=\"Migliori Programmi di Volontariato in Thailandia 2026\" class=\"et_pb_post_main_image\" \/><span data-icon=\"\ue050\" class=\"et_overlay et_pb_inline_icon\"><\/span><\/a><h2 class=\"entry-title\"><a href=\"https:\/\/abroadescape.com\/it\/migliori-programmi-di-volontariato-in-thailandia-2026\/\">Migliori Programmi di Volontariato in Thailandia 2026<\/a><\/h2><p class=\"post-meta\"><\/p><div class=\"post-content\"><div class=\"post-content-inner\"><\/div><\/div><\/article><article class=\"et_pb_post et_pb_post_id_3267 clearfix et_pb_has_overlay et_pb_blog_item_0_3 post-3267 post type-post status-publish format-standard has-post-thumbnail hentry category-volontariato\"><a href=\"https:\/\/abroadescape.com\/it\/volontariato-allestero-a-breve-termine-vs-lungo-termine\/\" class=\"entry-featured-image-url\"><img loading=\"lazy\" decoding=\"async\" src=\"https:\/\/abroadescape.com\/it\/wp-content\/uploads\/sites\/6\/2025\/11\/volunteer-abroad-bali.jpg\" width=\"400\" height=\"300\" alt=\"Volontariato all&#8217;Estero a Breve Termine vs Lungo Termine\" class=\"et_pb_post_main_image\" srcset=\"https:\/\/abroadescape.com\/it\/wp-content\/uploads\/sites\/6\/2025\/11\/volunteer-abroad-bali.jpg 479w, https:\/\/abroadescape.com\/it\/wp-content\/uploads\/sites\/6\/2025\/11\/volunteer-abroad-bali.jpg 480w\" sizes=\"(max-width:479px) 479px, 100vw\" \/><span data-icon=\"\ue050\" class=\"et_overlay et_pb_inline_icon\"><\/span><\/a><h2 class=\"entry-title\"><a href=\"https:\/\/abroadescape.com\/it\/volontariato-allestero-a-breve-termine-vs-lungo-termine\/\">Volontariato all&#8217;Estero a Breve Termine vs Lungo Termine<\/a><\/h2><p class=\"post-meta\"><\/p><div class=\"post-content\"><div class=\"post-content-inner\"><\/div><\/div><\/article><article class=\"et_pb_post et_pb_post_id_3264 clearfix et_pb_has_overlay et_pb_blog_item_0_4 post-3264 post type-post status-publish format-standard has-post-thumbnail hentry category-volontariato\"><a href=\"https:\/\/abroadescape.com\/it\/destinazioni-di-volontariato-allestero-del-2026\/\" class=\"entry-featured-image-url\"><img loading=\"lazy\" decoding=\"async\" src=\"https:\/\/abroadescape.com\/it\/wp-content\/uploads\/sites\/6\/2025\/11\/Thailand-Hua-Hin-Kindergarten-27.jpg\" width=\"1080\" height=\"675\" alt=\"Destinazioni di Volontariato all&#8217;Estero del 2026\" class=\"et_pb_post_main_image\" \/><span data-icon=\"\ue050\" class=\"et_overlay et_pb_inline_icon\"><\/span><\/a><h2 class=\"entry-title\"><a href=\"https:\/\/abroadescape.com\/it\/destinazioni-di-volontariato-allestero-del-2026\/\">Destinazioni di Volontariato all&#8217;Estero del 2026<\/a><\/h2><p class=\"post-meta\"><\/p><div class=\"post-content\"><div class=\"post-content-inner\"><\/div><\/div><\/article><article class=\"et_pb_post et_pb_post_id_3258 clearfix et_pb_has_overlay et_pb_blog_item_0_5 post-3258 post type-post status-publish format-standard has-post-thumbnail hentry category-volontariato\"><a href=\"https:\/\/abroadescape.com\/it\/programmi-di-volontariato-allestero-2026\/\" class=\"entry-featured-image-url\"><img loading=\"lazy\" decoding=\"async\" src=\"https:\/\/abroadescape.com\/it\/wp-content\/uploads\/sites\/6\/2025\/09\/volunteer-cambodia-17.jpeg\" width=\"1080\" height=\"675\" alt=\"Programmi di Volontariato all&#8217;Estero 2026\" class=\"et_pb_post_main_image\" \/><span data-icon=\"\ue050\" class=\"et_overlay et_pb_inline_icon\"><\/span><\/a><h2 class=\"entry-title\"><a href=\"https:\/\/abroadescape.com\/it\/programmi-di-volontariato-allestero-2026\/\">Programmi di Volontariato all&#8217;Estero 2026<\/a><\/h2><p class=\"post-meta\"><\/p><div class=\"post-content\"><div class=\"post-content-inner\"><\/div><\/div><\/article><\/div><div class=\"pagination clearfix\">\n\t<div class=\"alignleft\"><\/div>\n\t<div class=\"alignright\"><\/div>\n<\/div><\/div><\/div>\n<\/div>\n<\/div>\n<\/div>\n<\/div>\n<\/div>","protected":false},"excerpt":{"rendered":"","protected":false},"author":1,"featured_media":0,"parent":0,"menu_order":0,"comment_status":"closed","ping_status":"closed","template":"","meta":{"footnotes":""},"class_list":["post-3254","page","type-page","status-publish","hentry"],"_links":{"self":[{"href":"https:\/\/abroadescape.com\/it\/wp-json\/wp\/v2\/pages\/3254","targetHints":{"allow":["GET"]}}],"collection":[{"href":"https:\/\/abroadescape.com\/it\/wp-json\/wp\/v2\/pages"}],"about":[{"href":"https:\/\/abroadescape.com\/it\/wp-json\/wp\/v2\/types\/page"}],"author":[{"embeddable":true,"href":"https:\/\/abroadescape.com\/it\/wp-json\/wp\/v2\/users\/1"}],"replies":[{"embeddable":true,"href":"https:\/\/abroadescape.com\/it\/wp-json\/wp\/v2\/comments?post=3254"}],"version-history":[{"count":0,"href":"https:\/\/abroadescape.com\/it\/wp-json\/wp\/v2\/pages\/3254\/revisions"}],"wp:attachment":[{"href":"https:\/\/abroadescape.com\/it\/wp-json\/wp\/v2\/media?parent=3254"}],"curies":[{"name":"wp","href":"https:\/\/api.w.org\/{rel}","templated":true}]}}